{"id":14,"date":"2025-09-29T06:28:30","date_gmt":"2025-09-29T06:28:30","guid":{"rendered":"https:\/\/eriks.fi\/?page_id=14"},"modified":"2026-04-14T07:28:07","modified_gmt":"2026-04-14T07:28:07","slug":"etusivu","status":"publish","type":"page","link":"https:\/\/eriks.fi\/","title":{"rendered":"ETUSIVU"},"content":{"rendered":"\n<div class=\"wp-block-cover alignfull is-light\" style=\"min-height:636px;aspect-ratio:unset;\"><img loading=\"lazy\" decoding=\"async\" width=\"1701\" height=\"654\" class=\"wp-block-cover__image-background wp-image-87 size-full\" alt=\"\" src=\"https:\/\/eriks.fi\/wp-content\/uploads\/2025\/09\/Eriks_Cover-4.jpg\" data-object-fit=\"cover\" srcset=\"https:\/\/eriks.fi\/wp-content\/uploads\/2025\/09\/Eriks_Cover-4.jpg 1701w, https:\/\/eriks.fi\/wp-content\/uploads\/2025\/09\/Eriks_Cover-4-300x115.jpg 300w, https:\/\/eriks.fi\/wp-content\/uploads\/2025\/09\/Eriks_Cover-4-1024x394.jpg 1024w, https:\/\/eriks.fi\/wp-content\/uploads\/2025\/09\/Eriks_Cover-4-768x295.jpg 768w, https:\/\/eriks.fi\/wp-content\/uploads\/2025\/09\/Eriks_Cover-4-1536x591.jpg 1536w\" sizes=\"auto, (max-width: 1701px) 100vw, 1701px\" \/><span aria-hidden=\"true\" class=\"wp-block-cover__background has-background-dim-0 has-background-dim\" style=\"background-color:#aa9f8b\"><\/span><div class=\"wp-block-cover__inner-container is-layout-flow wp-block-cover-is-layout-flow\">\n<div class=\"wp-block-group\"><div class=\"wp-block-group__inner-container is-layout-flow wp-block-group-is-layout-flow\">\n<div class=\"wp-block-buttons is-content-justification-center is-layout-flex wp-container-core-buttons-is-layout-16018d1d wp-block-buttons-is-layout-flex\"><\/div>\n<\/div><\/div>\n<\/div><\/div>\n\n\n<div class=\"wp-block-image\">\n<figure class=\"aligncenter size-full is-resized\"><img loading=\"lazy\" decoding=\"async\" width=\"964\" height=\"295\" src=\"https:\/\/eriks.fi\/wp-content\/uploads\/2025\/09\/Eriks_Smakbild_Waldorf_astoria_hel_KVI_20825-3.png\" alt=\"\" class=\"wp-image-257\" style=\"width:212px;height:auto\" srcset=\"https:\/\/eriks.fi\/wp-content\/uploads\/2025\/09\/Eriks_Smakbild_Waldorf_astoria_hel_KVI_20825-3.png 964w, https:\/\/eriks.fi\/wp-content\/uploads\/2025\/09\/Eriks_Smakbild_Waldorf_astoria_hel_KVI_20825-3-300x92.png 300w, https:\/\/eriks.fi\/wp-content\/uploads\/2025\/09\/Eriks_Smakbild_Waldorf_astoria_hel_KVI_20825-3-768x235.png 768w\" sizes=\"auto, (max-width: 964px) 100vw, 964px\" \/><\/figure>\n<\/div>\n\n\n<div style=\"height:29px\" aria-hidden=\"true\" class=\"wp-block-spacer\"><\/div>\n\n\n\n<h2 class=\"wp-block-heading has-text-align-center\"><strong>ERIKS TUO RAVINTOLAKOKEMUKSEN SUORAAN KOTIISI!<\/strong><\/h2>\n\n\n\n<p class=\"has-text-align-center\">Eriks-kastikkeet tunnetaan korkeasta laadusta ja unohtumattomasta mausta. Laajasta valikoimastamme l\u00f6yd\u00e4t herkulliset kastikkeet, jotka tekev\u00e4t kotiruoastasi todellisen makuel\u00e4myksen. Tutustu Eriks-tuotevalikoimaan ja l\u00f6yd\u00e4 omat suosikkisi!<\/p>\n\n\n<div class=\"wp-block-image\">\n<figure class=\"aligncenter size-full is-resized\"><img loading=\"lazy\" decoding=\"async\" width=\"964\" height=\"295\" src=\"https:\/\/eriks.fi\/wp-content\/uploads\/2025\/09\/Eriks_Smakbild_Waldorf_astoria_hel_KVI_20825-1.png\" alt=\"\" class=\"wp-image-236\" style=\"width:225px;height:auto\" srcset=\"https:\/\/eriks.fi\/wp-content\/uploads\/2025\/09\/Eriks_Smakbild_Waldorf_astoria_hel_KVI_20825-1.png 964w, https:\/\/eriks.fi\/wp-content\/uploads\/2025\/09\/Eriks_Smakbild_Waldorf_astoria_hel_KVI_20825-1-300x92.png 300w, https:\/\/eriks.fi\/wp-content\/uploads\/2025\/09\/Eriks_Smakbild_Waldorf_astoria_hel_KVI_20825-1-768x235.png 768w\" sizes=\"auto, (max-width: 964px) 100vw, 964px\" \/><\/figure>\n<\/div>\n\n\n<div style=\"height:70px\" aria-hidden=\"true\" class=\"wp-block-spacer\"><\/div>\n\n\n\n<div class=\"wp-block-cover alignfull is-light\" style=\"min-height:618px;aspect-ratio:unset;\"><img loading=\"lazy\" decoding=\"async\" width=\"2560\" height=\"1102\" class=\"wp-block-cover__image-background wp-image-136 size-full\" alt=\"\" src=\"https:\/\/eriks.fi\/wp-content\/uploads\/2025\/09\/Eriks_Saser__KVI_18341-2-scaled.jpg\" data-object-fit=\"cover\" srcset=\"https:\/\/eriks.fi\/wp-content\/uploads\/2025\/09\/Eriks_Saser__KVI_18341-2-scaled.jpg 2560w, https:\/\/eriks.fi\/wp-content\/uploads\/2025\/09\/Eriks_Saser__KVI_18341-2-300x129.jpg 300w, https:\/\/eriks.fi\/wp-content\/uploads\/2025\/09\/Eriks_Saser__KVI_18341-2-1024x441.jpg 1024w, https:\/\/eriks.fi\/wp-content\/uploads\/2025\/09\/Eriks_Saser__KVI_18341-2-768x330.jpg 768w, https:\/\/eriks.fi\/wp-content\/uploads\/2025\/09\/Eriks_Saser__KVI_18341-2-1536x661.jpg 1536w, https:\/\/eriks.fi\/wp-content\/uploads\/2025\/09\/Eriks_Saser__KVI_18341-2-2048x881.jpg 2048w\" sizes=\"auto, (max-width: 2560px) 100vw, 2560px\" \/><span aria-hidden=\"true\" class=\"wp-block-cover__background has-background-dim-0 has-background-dim\" style=\"background-color:#afa38f\"><\/span><div class=\"wp-block-cover__inner-container is-layout-flow wp-block-cover-is-layout-flow\">\n<h1 class=\"wp-block-heading has-text-align-center has-white-color has-text-color\"><\/h1>\n\n\n\n<div style=\"height:40px\" aria-hidden=\"true\" class=\"wp-block-spacer\"><\/div>\n\n\n\n<div class=\"wp-block-group\"><div class=\"wp-block-group__inner-container is-layout-flow wp-block-group-is-layout-flow\">\n<div class=\"wp-block-buttons is-content-justification-center is-layout-flex wp-container-core-buttons-is-layout-16018d1d wp-block-buttons-is-layout-flex\">\n<div class=\"wp-block-button is-style-primary\"><a class=\"wp-block-button__link wp-element-button\" href=\"https:\/\/eriks.fi\/index.php\/tuotteet\/\">TUOTTEET<\/a><\/div>\n<\/div>\n<\/div><\/div>\n<\/div><\/div>\n\n\n<div class=\"wp-block-image\">\n<figure class=\"aligncenter size-full is-resized\"><img loading=\"lazy\" decoding=\"async\" width=\"964\" height=\"295\" src=\"https:\/\/eriks.fi\/wp-content\/uploads\/2025\/09\/Eriks_Smakbild_Waldorf_astoria_hel_KVI_20825-1.png\" alt=\"\" class=\"wp-image-236\" style=\"width:225px;height:auto\" srcset=\"https:\/\/eriks.fi\/wp-content\/uploads\/2025\/09\/Eriks_Smakbild_Waldorf_astoria_hel_KVI_20825-1.png 964w, https:\/\/eriks.fi\/wp-content\/uploads\/2025\/09\/Eriks_Smakbild_Waldorf_astoria_hel_KVI_20825-1-300x92.png 300w, https:\/\/eriks.fi\/wp-content\/uploads\/2025\/09\/Eriks_Smakbild_Waldorf_astoria_hel_KVI_20825-1-768x235.png 768w\" sizes=\"auto, (max-width: 964px) 100vw, 964px\" \/><\/figure>\n<\/div>\n\n\n<div style=\"height:70px\" aria-hidden=\"true\" class=\"wp-block-spacer\"><\/div>\n\n\n\n<div class=\"wp-block-columns is-layout-flex wp-container-core-columns-is-layout-9d6595d7 wp-block-columns-is-layout-flex\">\n<div class=\"wp-block-column is-layout-flow wp-block-column-is-layout-flow\">\n<figure class=\"wp-block-image size-large is-resized\"><img loading=\"lazy\" decoding=\"async\" width=\"1024\" height=\"942\" src=\"https:\/\/eriks.fi\/wp-content\/uploads\/2025\/09\/Eriks_Cafe_de_Paris_230ml_KVI_20709-2-1024x942.png\" alt=\"\" class=\"wp-image-84\" style=\"width:419px;height:auto\" srcset=\"https:\/\/eriks.fi\/wp-content\/uploads\/2025\/09\/Eriks_Cafe_de_Paris_230ml_KVI_20709-2-1024x942.png 1024w, https:\/\/eriks.fi\/wp-content\/uploads\/2025\/09\/Eriks_Cafe_de_Paris_230ml_KVI_20709-2-300x276.png 300w, https:\/\/eriks.fi\/wp-content\/uploads\/2025\/09\/Eriks_Cafe_de_Paris_230ml_KVI_20709-2-768x706.png 768w, https:\/\/eriks.fi\/wp-content\/uploads\/2025\/09\/Eriks_Cafe_de_Paris_230ml_KVI_20709-2.png 1344w\" sizes=\"auto, (max-width: 1024px) 100vw, 1024px\" \/><\/figure>\n<\/div>\n\n\n\n<div class=\"wp-block-column is-vertically-aligned-center is-layout-flow wp-block-column-is-layout-flow\">\n<h3 class=\"wp-block-heading\">UUTUUS Caf\u00e9 De Paris! Ranskalainen herkku suoraan lautasellesi!<\/h3>\n\n\n\n<p>Caf\u00e9 De Paris -kastike on t\u00e4ytel\u00e4inen ja monik\u00e4ytt\u00f6inen kastike, joka tuo ruoallesi aivan uudenlaista makua. Sen hienostunut ja hieman mausteinen s\u00e4vy sopii t\u00e4ydellisesti niin pihvien, kanan kuin kasvistenkin kanssa.<\/p>\n\n\n\n<p>Kokeile ja anna makujen vied\u00e4 sinut suoraan Ranskan makumaailmaan!<\/p>\n\n\n\n<div class=\"wp-block-buttons is-layout-flex wp-block-buttons-is-layout-flex\">\n<div class=\"wp-block-button is-style-primary\"><a class=\"wp-block-button__link wp-element-button\" href=\"https:\/\/eriks.fi\/index.php\/uutuudet\/\">Caf\u00e9 De Paris<\/a><\/div>\n<\/div>\n<\/div>\n<\/div>\n\n\n<div class=\"wp-block-image\">\n<figure class=\"aligncenter size-full is-resized\"><img loading=\"lazy\" decoding=\"async\" width=\"964\" height=\"295\" src=\"https:\/\/eriks.fi\/wp-content\/uploads\/2025\/09\/Eriks_Smakbild_Waldorf_astoria_hel_KVI_20825-1.png\" alt=\"\" class=\"wp-image-236\" style=\"width:225px;height:auto\" srcset=\"https:\/\/eriks.fi\/wp-content\/uploads\/2025\/09\/Eriks_Smakbild_Waldorf_astoria_hel_KVI_20825-1.png 964w, https:\/\/eriks.fi\/wp-content\/uploads\/2025\/09\/Eriks_Smakbild_Waldorf_astoria_hel_KVI_20825-1-300x92.png 300w, https:\/\/eriks.fi\/wp-content\/uploads\/2025\/09\/Eriks_Smakbild_Waldorf_astoria_hel_KVI_20825-1-768x235.png 768w\" sizes=\"auto, (max-width: 964px) 100vw, 964px\" \/><\/figure>\n<\/div>\n\n\n<div style=\"height:70px\" aria-hidden=\"true\" class=\"wp-block-spacer\"><\/div>\n\n\n\n<div class=\"wp-block-columns is-layout-flex wp-container-core-columns-is-layout-9d6595d7 wp-block-columns-is-layout-flex\">\n<div class=\"wp-block-column is-layout-flow wp-block-column-is-layout-flow\">\n<figure class=\"wp-block-image size-full\"><a href=\"https:\/\/eriks.fi\/index.php\/reseptit\/\"><img loading=\"lazy\" decoding=\"async\" width=\"654\" height=\"610\" src=\"https:\/\/eriks.fi\/wp-content\/uploads\/2026\/04\/Paahdettu-maissi-ja-perunasalaatti.jpg\" alt=\"\" class=\"wp-image-453\" srcset=\"https:\/\/eriks.fi\/wp-content\/uploads\/2026\/04\/Paahdettu-maissi-ja-perunasalaatti.jpg 654w, https:\/\/eriks.fi\/wp-content\/uploads\/2026\/04\/Paahdettu-maissi-ja-perunasalaatti-300x280.jpg 300w\" sizes=\"auto, (max-width: 654px) 100vw, 654px\" \/><\/a><\/figure>\n\n\n\n<p><\/p>\n<\/div>\n\n\n\n<div class=\"wp-block-column is-layout-flow wp-block-column-is-layout-flow\">\n<figure class=\"wp-block-image size-full\"><a href=\"https:\/\/eriks.fi\/index.php\/reseptit\/\"><img loading=\"lazy\" decoding=\"async\" width=\"654\" height=\"610\" src=\"https:\/\/eriks.fi\/wp-content\/uploads\/2026\/04\/Pihvisampyla.jpg\" alt=\"\" class=\"wp-image-454\" srcset=\"https:\/\/eriks.fi\/wp-content\/uploads\/2026\/04\/Pihvisampyla.jpg 654w, https:\/\/eriks.fi\/wp-content\/uploads\/2026\/04\/Pihvisampyla-300x280.jpg 300w\" sizes=\"auto, (max-width: 654px) 100vw, 654px\" \/><\/a><\/figure>\n\n\n\n<p><\/p>\n\n\n\n<p><\/p>\n\n\n\n<div style=\"height:30px\" aria-hidden=\"true\" class=\"wp-block-spacer\"><\/div>\n<\/div>\n\n\n\n<div class=\"wp-block-column is-layout-flow wp-block-column-is-layout-flow\">\n<figure class=\"wp-block-image size-full\"><a href=\"https:\/\/eriks.fi\/index.php\/reseptit\/\"><img loading=\"lazy\" decoding=\"async\" width=\"654\" height=\"610\" src=\"https:\/\/eriks.fi\/wp-content\/uploads\/2026\/04\/Flank-pihvi.jpg\" alt=\"\" class=\"wp-image-455\" srcset=\"https:\/\/eriks.fi\/wp-content\/uploads\/2026\/04\/Flank-pihvi.jpg 654w, https:\/\/eriks.fi\/wp-content\/uploads\/2026\/04\/Flank-pihvi-300x280.jpg 300w\" sizes=\"auto, (max-width: 654px) 100vw, 654px\" \/><\/a><\/figure>\n\n\n\n<p><\/p>\n\n\n\n<p><\/p>\n\n\n\n<div style=\"height:30px\" aria-hidden=\"true\" class=\"wp-block-spacer\"><\/div>\n<\/div>\n<\/div>\n\n\n<div class=\"wp-block-image\">\n<figure class=\"aligncenter size-full is-resized\"><img loading=\"lazy\" decoding=\"async\" width=\"964\" height=\"295\" src=\"https:\/\/eriks.fi\/wp-content\/uploads\/2025\/09\/Eriks_Smakbild_Waldorf_astoria_hel_KVI_20825-1.png\" alt=\"\" class=\"wp-image-236\" style=\"width:225px;height:auto\" srcset=\"https:\/\/eriks.fi\/wp-content\/uploads\/2025\/09\/Eriks_Smakbild_Waldorf_astoria_hel_KVI_20825-1.png 964w, https:\/\/eriks.fi\/wp-content\/uploads\/2025\/09\/Eriks_Smakbild_Waldorf_astoria_hel_KVI_20825-1-300x92.png 300w, https:\/\/eriks.fi\/wp-content\/uploads\/2025\/09\/Eriks_Smakbild_Waldorf_astoria_hel_KVI_20825-1-768x235.png 768w\" sizes=\"auto, (max-width: 964px) 100vw, 964px\" \/><\/figure>\n<\/div>\n\n\n<div style=\"height:70px\" aria-hidden=\"true\" class=\"wp-block-spacer\"><\/div>\n\n\n\n<div class=\"wp-block-cover alignfull is-light\" style=\"min-height:500px;aspect-ratio:unset;\"><img loading=\"lazy\" decoding=\"async\" width=\"1024\" height=\"295\" class=\"wp-block-cover__image-background wp-image-283 size-large\" alt=\"\" src=\"https:\/\/eriks.fi\/wp-content\/uploads\/2025\/09\/TUotteet-etusivu-1-1024x295.png\" data-object-fit=\"cover\" srcset=\"https:\/\/eriks.fi\/wp-content\/uploads\/2025\/09\/TUotteet-etusivu-1-1024x295.png 1024w, https:\/\/eriks.fi\/wp-content\/uploads\/2025\/09\/TUotteet-etusivu-1-300x86.png 300w, https:\/\/eriks.fi\/wp-content\/uploads\/2025\/09\/TUotteet-etusivu-1-768x221.png 768w, https:\/\/eriks.fi\/wp-content\/uploads\/2025\/09\/TUotteet-etusivu-1-1536x443.png 1536w, https:\/\/eriks.fi\/wp-content\/uploads\/2025\/09\/TUotteet-etusivu-1-2048x590.png 2048w\" sizes=\"auto, (max-width: 1024px) 100vw, 1024px\" \/><span aria-hidden=\"true\" class=\"wp-block-cover__background has-background-dim-0 has-background-dim\" style=\"background-color:#efede1\"><\/span><div class=\"wp-block-cover__inner-container is-layout-flow wp-block-cover-is-layout-flow\">\n<div class=\"wp-block-columns alignwide is-layout-flex wp-container-core-columns-is-layout-9d6595d7 wp-block-columns-is-layout-flex\">\n<div class=\"wp-block-column is-vertically-aligned-center is-layout-flow wp-block-column-is-layout-flow\" style=\"flex-basis:66.66%\">\n<h1 class=\"wp-block-heading has-text-align-left has-neve-text-color-color has-text-color\">Klassiset kastikkeet lihalle, kanalle, kalalle, \u00e4yri\u00e4isille ja vihanneksille!<\/h1>\n\n\n\n<div class=\"wp-block-buttons is-horizontal is-content-justification-left is-layout-flex wp-container-core-buttons-is-layout-7e5fce0a wp-block-buttons-is-layout-flex\">\n<div class=\"wp-block-button is-style-primary\"><a class=\"wp-block-button__link wp-element-button\" href=\"https:\/\/eriks.fi\/index.php\/tuotteet\/\">Tuotteet<\/a><\/div>\n<\/div>\n<\/div>\n\n\n\n<div class=\"wp-block-column is-layout-flow wp-block-column-is-layout-flow\" style=\"flex-basis:33.33%\"><\/div>\n<\/div>\n<\/div><\/div>\n\n\n\n<div style=\"height:100px\" aria-hidden=\"true\" class=\"wp-block-spacer\"><\/div>\n","protected":false},"excerpt":{"rendered":"<p>ERIKS TUO RAVINTOLAKOKEMUKSEN SUORAAN KOTIISI! Eriks-kastikkeet tunnetaan korkeasta laadusta ja unohtumattomasta mausta. Laajasta valikoimastamme l\u00f6yd\u00e4t herkulliset kastikkeet, jotka tekev\u00e4t kotiruoastasi todellisen makuel\u00e4myksen. Tutustu Eriks-tuotevalikoimaan ja l\u00f6yd\u00e4 omat suosikkisi! UUTUUS Caf\u00e9 De Paris! Ranskalainen herkku suoraan lautasellesi! Caf\u00e9 De Paris -kastike on t\u00e4ytel\u00e4inen ja monik\u00e4ytt\u00f6inen kastike, joka tuo ruoallesi aivan uudenlaista makua. Sen hienostunut ja hieman&hellip;&nbsp;<\/p>\n","protected":false},"author":1,"featured_media":0,"parent":0,"menu_order":0,"comment_status":"closed","ping_status":"closed","template":"","meta":{"neve_meta_sidebar":"","neve_meta_container":"","neve_meta_enable_content_width":"","neve_meta_content_width":0,"neve_meta_title_alignment":"","neve_meta_author_avatar":"","neve_post_elements_order":"","neve_meta_disable_header":"","neve_meta_disable_footer":"","neve_meta_disable_title":"","neve_meta_reading_time":"","iawp_total_views":70,"footnotes":""},"class_list":["post-14","page","type-page","status-publish","hentry"],"yoast_head":"<!-- This site is optimized with the Yoast SEO plugin v27.4 - https:\/\/yoast.com\/product\/yoast-seo-wordpress\/ -->\n<title>ETUSIVU - Eriks<\/title>\n<meta name=\"robots\" content=\"index, follow, max-snippet:-1, max-image-preview:large, max-video-preview:-1\" \/>\n<link rel=\"canonical\" href=\"https:\/\/eriks.fi\/\" \/>\n<meta property=\"og:locale\" content=\"fi_FI\" \/>\n<meta property=\"og:type\" content=\"article\" \/>\n<meta property=\"og:title\" content=\"Eriks-kastikkeet\" \/>\n<meta property=\"og:description\" content=\"Eriks-kastikkeet tunnetaan korkeasta laadusta ja unohtumattomasta mausta. Laajasta valikoimastamme l\u00f6yd\u00e4t herkulliset kastikkeet, jotka tekev\u00e4t kotiruoastasi todellisen makuel\u00e4myksen. Tutustu Eriks-tuotevalikoimaan ja l\u00f6yd\u00e4 omat suosikkisi!\" \/>\n<meta property=\"og:url\" content=\"https:\/\/eriks.fi\/\" \/>\n<meta property=\"og:site_name\" content=\"Eriks\" \/>\n<meta property=\"article:publisher\" content=\"https:\/\/www.facebook.com\/erikskastikkeet\" \/>\n<meta property=\"article:modified_time\" content=\"2026-04-14T07:28:07+00:00\" \/>\n<meta property=\"og:image\" content=\"https:\/\/eriks.fi\/wp-content\/uploads\/2025\/09\/KAVL-0031-Eriks-Vit-parris-prod-1-24932099.jpg\" \/>\n\t<meta property=\"og:image:width\" content=\"1390\" \/>\n\t<meta property=\"og:image:height\" content=\"2085\" \/>\n\t<meta property=\"og:image:type\" content=\"image\/jpeg\" \/>\n<meta name=\"twitter:card\" content=\"summary_large_image\" \/>\n<meta name=\"twitter:label1\" content=\"Arvioitu lukuaika\" \/>\n\t<meta name=\"twitter:data1\" content=\"3 minuuttia\" \/>\n<script type=\"application\/ld+json\" class=\"yoast-schema-graph\">{\"@context\":\"https:\\\/\\\/schema.org\",\"@graph\":[{\"@type\":\"WebPage\",\"@id\":\"https:\\\/\\\/eriks.fi\\\/\",\"url\":\"https:\\\/\\\/eriks.fi\\\/\",\"name\":\"ETUSIVU - Eriks\",\"isPartOf\":{\"@id\":\"https:\\\/\\\/eriks.fi\\\/#website\"},\"primaryImageOfPage\":{\"@id\":\"https:\\\/\\\/eriks.fi\\\/#primaryimage\"},\"image\":{\"@id\":\"https:\\\/\\\/eriks.fi\\\/#primaryimage\"},\"thumbnailUrl\":\"https:\\\/\\\/eriks.fi\\\/wp-content\\\/uploads\\\/2025\\\/09\\\/Eriks_Cover-4.jpg\",\"datePublished\":\"2025-09-29T06:28:30+00:00\",\"dateModified\":\"2026-04-14T07:28:07+00:00\",\"breadcrumb\":{\"@id\":\"https:\\\/\\\/eriks.fi\\\/#breadcrumb\"},\"inLanguage\":\"fi\",\"potentialAction\":[{\"@type\":\"ReadAction\",\"target\":[\"https:\\\/\\\/eriks.fi\\\/\"]}]},{\"@type\":\"ImageObject\",\"inLanguage\":\"fi\",\"@id\":\"https:\\\/\\\/eriks.fi\\\/#primaryimage\",\"url\":\"https:\\\/\\\/eriks.fi\\\/wp-content\\\/uploads\\\/2025\\\/09\\\/Eriks_Cover-4.jpg\",\"contentUrl\":\"https:\\\/\\\/eriks.fi\\\/wp-content\\\/uploads\\\/2025\\\/09\\\/Eriks_Cover-4.jpg\",\"width\":1701,\"height\":654},{\"@type\":\"BreadcrumbList\",\"@id\":\"https:\\\/\\\/eriks.fi\\\/#breadcrumb\",\"itemListElement\":[{\"@type\":\"ListItem\",\"position\":1,\"name\":\"Etusivu\",\"item\":\"https:\\\/\\\/eriks.fi\\\/\"},{\"@type\":\"ListItem\",\"position\":2,\"name\":\"ETUSIVU\"}]},{\"@type\":\"WebSite\",\"@id\":\"https:\\\/\\\/eriks.fi\\\/#website\",\"url\":\"https:\\\/\\\/eriks.fi\\\/\",\"name\":\"Eriks\",\"description\":\"Eriks-kastikkeet\",\"publisher\":{\"@id\":\"https:\\\/\\\/eriks.fi\\\/#organization\"},\"potentialAction\":[{\"@type\":\"SearchAction\",\"target\":{\"@type\":\"EntryPoint\",\"urlTemplate\":\"https:\\\/\\\/eriks.fi\\\/?s={search_term_string}\"},\"query-input\":{\"@type\":\"PropertyValueSpecification\",\"valueRequired\":true,\"valueName\":\"search_term_string\"}}],\"inLanguage\":\"fi\"},{\"@type\":\"Organization\",\"@id\":\"https:\\\/\\\/eriks.fi\\\/#organization\",\"name\":\"Kavli\",\"url\":\"https:\\\/\\\/eriks.fi\\\/\",\"logo\":{\"@type\":\"ImageObject\",\"inLanguage\":\"fi\",\"@id\":\"https:\\\/\\\/eriks.fi\\\/#\\\/schema\\\/logo\\\/image\\\/\",\"url\":\"https:\\\/\\\/eriks.fi\\\/wp-content\\\/uploads\\\/2025\\\/09\\\/Eriks_logo_NY_KVI_20878.png\",\"contentUrl\":\"https:\\\/\\\/eriks.fi\\\/wp-content\\\/uploads\\\/2025\\\/09\\\/Eriks_logo_NY_KVI_20878.png\",\"width\":965,\"height\":633,\"caption\":\"Kavli\"},\"image\":{\"@id\":\"https:\\\/\\\/eriks.fi\\\/#\\\/schema\\\/logo\\\/image\\\/\"},\"sameAs\":[\"https:\\\/\\\/www.facebook.com\\\/erikskastikkeet\"]}]}<\/script>\n<!-- \/ Yoast SEO plugin. -->","yoast_head_json":{"title":"ETUSIVU - Eriks","robots":{"index":"index","follow":"follow","max-snippet":"max-snippet:-1","max-image-preview":"max-image-preview:large","max-video-preview":"max-video-preview:-1"},"canonical":"https:\/\/eriks.fi\/","og_locale":"fi_FI","og_type":"article","og_title":"Eriks-kastikkeet","og_description":"Eriks-kastikkeet tunnetaan korkeasta laadusta ja unohtumattomasta mausta. Laajasta valikoimastamme l\u00f6yd\u00e4t herkulliset kastikkeet, jotka tekev\u00e4t kotiruoastasi todellisen makuel\u00e4myksen. Tutustu Eriks-tuotevalikoimaan ja l\u00f6yd\u00e4 omat suosikkisi!","og_url":"https:\/\/eriks.fi\/","og_site_name":"Eriks","article_publisher":"https:\/\/www.facebook.com\/erikskastikkeet","article_modified_time":"2026-04-14T07:28:07+00:00","og_image":[{"width":1390,"height":2085,"url":"https:\/\/eriks.fi\/wp-content\/uploads\/2025\/09\/KAVL-0031-Eriks-Vit-parris-prod-1-24932099.jpg","type":"image\/jpeg"}],"twitter_card":"summary_large_image","twitter_misc":{"Arvioitu lukuaika":"3 minuuttia"},"schema":{"@context":"https:\/\/schema.org","@graph":[{"@type":"WebPage","@id":"https:\/\/eriks.fi\/","url":"https:\/\/eriks.fi\/","name":"ETUSIVU - Eriks","isPartOf":{"@id":"https:\/\/eriks.fi\/#website"},"primaryImageOfPage":{"@id":"https:\/\/eriks.fi\/#primaryimage"},"image":{"@id":"https:\/\/eriks.fi\/#primaryimage"},"thumbnailUrl":"https:\/\/eriks.fi\/wp-content\/uploads\/2025\/09\/Eriks_Cover-4.jpg","datePublished":"2025-09-29T06:28:30+00:00","dateModified":"2026-04-14T07:28:07+00:00","breadcrumb":{"@id":"https:\/\/eriks.fi\/#breadcrumb"},"inLanguage":"fi","potentialAction":[{"@type":"ReadAction","target":["https:\/\/eriks.fi\/"]}]},{"@type":"ImageObject","inLanguage":"fi","@id":"https:\/\/eriks.fi\/#primaryimage","url":"https:\/\/eriks.fi\/wp-content\/uploads\/2025\/09\/Eriks_Cover-4.jpg","contentUrl":"https:\/\/eriks.fi\/wp-content\/uploads\/2025\/09\/Eriks_Cover-4.jpg","width":1701,"height":654},{"@type":"BreadcrumbList","@id":"https:\/\/eriks.fi\/#breadcrumb","itemListElement":[{"@type":"ListItem","position":1,"name":"Etusivu","item":"https:\/\/eriks.fi\/"},{"@type":"ListItem","position":2,"name":"ETUSIVU"}]},{"@type":"WebSite","@id":"https:\/\/eriks.fi\/#website","url":"https:\/\/eriks.fi\/","name":"Eriks","description":"Eriks-kastikkeet","publisher":{"@id":"https:\/\/eriks.fi\/#organization"},"potentialAction":[{"@type":"SearchAction","target":{"@type":"EntryPoint","urlTemplate":"https:\/\/eriks.fi\/?s={search_term_string}"},"query-input":{"@type":"PropertyValueSpecification","valueRequired":true,"valueName":"search_term_string"}}],"inLanguage":"fi"},{"@type":"Organization","@id":"https:\/\/eriks.fi\/#organization","name":"Kavli","url":"https:\/\/eriks.fi\/","logo":{"@type":"ImageObject","inLanguage":"fi","@id":"https:\/\/eriks.fi\/#\/schema\/logo\/image\/","url":"https:\/\/eriks.fi\/wp-content\/uploads\/2025\/09\/Eriks_logo_NY_KVI_20878.png","contentUrl":"https:\/\/eriks.fi\/wp-content\/uploads\/2025\/09\/Eriks_logo_NY_KVI_20878.png","width":965,"height":633,"caption":"Kavli"},"image":{"@id":"https:\/\/eriks.fi\/#\/schema\/logo\/image\/"},"sameAs":["https:\/\/www.facebook.com\/erikskastikkeet"]}]}},"_links":{"self":[{"href":"https:\/\/eriks.fi\/index.php\/wp-json\/wp\/v2\/pages\/14","targetHints":{"allow":["GET"]}}],"collection":[{"href":"https:\/\/eriks.fi\/index.php\/wp-json\/wp\/v2\/pages"}],"about":[{"href":"https:\/\/eriks.fi\/index.php\/wp-json\/wp\/v2\/types\/page"}],"author":[{"embeddable":true,"href":"https:\/\/eriks.fi\/index.php\/wp-json\/wp\/v2\/users\/1"}],"replies":[{"embeddable":true,"href":"https:\/\/eriks.fi\/index.php\/wp-json\/wp\/v2\/comments?post=14"}],"version-history":[{"count":59,"href":"https:\/\/eriks.fi\/index.php\/wp-json\/wp\/v2\/pages\/14\/revisions"}],"predecessor-version":[{"id":457,"href":"https:\/\/eriks.fi\/index.php\/wp-json\/wp\/v2\/pages\/14\/revisions\/457"}],"wp:attachment":[{"href":"https:\/\/eriks.fi\/index.php\/wp-json\/wp\/v2\/media?parent=14"}],"curies":[{"name":"wp","href":"https:\/\/api.w.org\/{rel}","templated":true}]}}