{"id":39,"date":"2025-09-29T06:49:53","date_gmt":"2025-09-29T06:49:53","guid":{"rendered":"https:\/\/eriks.fi\/?page_id=39"},"modified":"2026-03-27T05:01:12","modified_gmt":"2026-03-27T05:01:12","slug":"reseptit","status":"publish","type":"page","link":"https:\/\/eriks.fi\/index.php\/reseptit\/","title":{"rendered":"RESEPTIT"},"content":{"rendered":"\n<div class=\"wp-block-cover alignfull is-light\" style=\"min-height:467px;aspect-ratio:unset;\"><img loading=\"lazy\" decoding=\"async\" width=\"1000\" height=\"666\" class=\"wp-block-cover__image-background wp-image-141 size-full\" alt=\"\" src=\"https:\/\/eriks.fi\/wp-content\/uploads\/2025\/09\/Baos_JalapenoLimeMynta_KVI_16334.jpg\" data-object-fit=\"cover\" srcset=\"https:\/\/eriks.fi\/wp-content\/uploads\/2025\/09\/Baos_JalapenoLimeMynta_KVI_16334.jpg 1000w, https:\/\/eriks.fi\/wp-content\/uploads\/2025\/09\/Baos_JalapenoLimeMynta_KVI_16334-300x200.jpg 300w, https:\/\/eriks.fi\/wp-content\/uploads\/2025\/09\/Baos_JalapenoLimeMynta_KVI_16334-768x511.jpg 768w, https:\/\/eriks.fi\/wp-content\/uploads\/2025\/09\/Baos_JalapenoLimeMynta_KVI_16334-930x620.jpg 930w\" sizes=\"auto, (max-width: 1000px) 100vw, 1000px\" \/><span aria-hidden=\"true\" class=\"wp-block-cover__background has-background-dim-0 has-background-dim\" style=\"background-color:#9a8a70\"><\/span><div class=\"wp-block-cover__inner-container is-layout-flow wp-block-cover-is-layout-flow\">\n<p><\/p>\n\n\n\n<p><\/p>\n\n\n\n<h1 class=\"wp-block-heading has-text-align-center has-white-color has-text-color\">Reseptit<\/h1>\n<\/div><\/div>\n\n\n\n<div style=\"height:70px\" aria-hidden=\"true\" class=\"wp-block-spacer\"><\/div>\n\n\n<div class=\"wp-block-image\">\n<figure class=\"aligncenter size-full is-resized\"><img loading=\"lazy\" decoding=\"async\" width=\"964\" height=\"295\" src=\"https:\/\/eriks.fi\/wp-content\/uploads\/2025\/09\/Eriks_Smakbild_Waldorf_astoria_hel_KVI_20825.png\" alt=\"\" class=\"wp-image-227\" style=\"width:219px;height:auto\" srcset=\"https:\/\/eriks.fi\/wp-content\/uploads\/2025\/09\/Eriks_Smakbild_Waldorf_astoria_hel_KVI_20825.png 964w, https:\/\/eriks.fi\/wp-content\/uploads\/2025\/09\/Eriks_Smakbild_Waldorf_astoria_hel_KVI_20825-300x92.png 300w, https:\/\/eriks.fi\/wp-content\/uploads\/2025\/09\/Eriks_Smakbild_Waldorf_astoria_hel_KVI_20825-768x235.png 768w\" sizes=\"auto, (max-width: 964px) 100vw, 964px\" \/><\/figure>\n<\/div>\n\n\n<div style=\"height:45px\" aria-hidden=\"true\" class=\"wp-block-spacer\"><\/div>\n\n\n\n<div class=\"wp-block-columns is-layout-flex wp-container-core-columns-is-layout-9d6595d7 wp-block-columns-is-layout-flex\">\n<div class=\"wp-block-column is-layout-flow wp-block-column-is-layout-flow\">\n<figure class=\"wp-block-image size-full is-resized\"><img loading=\"lazy\" decoding=\"async\" width=\"672\" height=\"808\" src=\"https:\/\/eriks.fi\/wp-content\/uploads\/2025\/09\/Reseptit-1-1.jpg\" alt=\"\" class=\"wp-image-144\" style=\"width:511px;height:auto\" srcset=\"https:\/\/eriks.fi\/wp-content\/uploads\/2025\/09\/Reseptit-1-1.jpg 672w, https:\/\/eriks.fi\/wp-content\/uploads\/2025\/09\/Reseptit-1-1-250x300.jpg 250w\" sizes=\"auto, (max-width: 672px) 100vw, 672px\" \/><\/figure>\n<\/div>\n\n\n\n<div class=\"wp-block-column is-vertically-aligned-center is-layout-flow wp-block-column-is-layout-flow\">\n<h5 class=\"wp-block-heading\"><strong>Paahdettua maissia ja perunasalaattia Eriks Caf\u00e9 de Paris -kastikkeella<\/strong><\/h5>\n\n\n\n<p><strong>AINEKSET<\/strong> (4 annosta)<\/p>\n\n\n\n<p>Rucola \u2013 60 g, Herkkuperuna \u2013 1 kg, Oliivi\u00f6ljy \u2013 5 rkl, Suola \u2013 5 tl, Pippuri \u2013 5 tl, Maissint\u00e4hk\u00e4t \u2013 2 kpl, Valkoviinietikka \u2013 2 rkl, Dijonsinappi (Johnny&#8217;s) \u2013 1 tl, Hunaja \u2013 1 tl, Entrec\u00f4te \u2013 4 viipaletta, Punainen sipuli \u2013 1 kpl<\/p>\n\n\n\n<p class=\"has-text-align-left\"><strong>VALMISTUSOHJE<\/strong><\/p>\n\n\n\n<p>L\u00e4mmit\u00e4 uuni 225 asteeseen. Halkaise perunat. Sekoita ne hieman oliivi\u00f6ljyn, ripauksen suolan ja pippurin kanssa. Aseta leikkauspinta alasp\u00e4in pellille. Paista uunissa 25\u201330 minuuttia. Paista maissint\u00e4hk\u00e4t grillipannussa oliivi\u00f6ljyn, hieman suolan ja pippurin kanssa, kunnes ne saavat kunnolla v\u00e4ri\u00e4. Sekoita oliivi\u00f6ljy, viinietikka, dijonsinappi, hunaja, suola ja pippuri kastikkeeksi maun mukaan. Grillaa entrec\u00f4te-pihvit 2\u20133 minuuttia per puoli. Leikkaa maissi pienemmiksi paloiksi. Sekoita uunissa paahdettujen perunoiden, viipaloidun punasipulin ja rucolan kanssa. Lis\u00e4\u00e4 kastike ja sekoita.<\/p>\n\n\n\n<p>Tarjoa entrec\u00f4ten ja Eriks Caf\u00e9 de Paris -kastikkeen kanssa.<\/p>\n<\/div>\n<\/div>\n\n\n\n<div style=\"height:50px\" aria-hidden=\"true\" class=\"wp-block-spacer\"><\/div>\n\n\n<div class=\"wp-block-image\">\n<figure class=\"aligncenter size-full is-resized\"><img loading=\"lazy\" decoding=\"async\" width=\"964\" height=\"295\" src=\"https:\/\/eriks.fi\/wp-content\/uploads\/2025\/09\/Eriks_Smakbild_Waldorf_astoria_hel_KVI_20825.png\" alt=\"\" class=\"wp-image-227\" style=\"width:219px;height:auto\" srcset=\"https:\/\/eriks.fi\/wp-content\/uploads\/2025\/09\/Eriks_Smakbild_Waldorf_astoria_hel_KVI_20825.png 964w, https:\/\/eriks.fi\/wp-content\/uploads\/2025\/09\/Eriks_Smakbild_Waldorf_astoria_hel_KVI_20825-300x92.png 300w, https:\/\/eriks.fi\/wp-content\/uploads\/2025\/09\/Eriks_Smakbild_Waldorf_astoria_hel_KVI_20825-768x235.png 768w\" sizes=\"auto, (max-width: 964px) 100vw, 964px\" \/><\/figure>\n<\/div>\n\n\n<div style=\"height:50px\" aria-hidden=\"true\" class=\"wp-block-spacer\"><\/div>\n\n\n\n<div class=\"wp-block-columns is-layout-flex wp-container-core-columns-is-layout-9d6595d7 wp-block-columns-is-layout-flex\">\n<div class=\"wp-block-column is-layout-flow wp-block-column-is-layout-flow\">\n<figure class=\"wp-block-image size-full is-resized\"><img loading=\"lazy\" decoding=\"async\" width=\"672\" height=\"808\" src=\"https:\/\/eriks.fi\/wp-content\/uploads\/2025\/09\/Reseptit-2-1.jpg\" alt=\"\" class=\"wp-image-145\" style=\"width:536px;height:auto\" srcset=\"https:\/\/eriks.fi\/wp-content\/uploads\/2025\/09\/Reseptit-2-1.jpg 672w, https:\/\/eriks.fi\/wp-content\/uploads\/2025\/09\/Reseptit-2-1-250x300.jpg 250w\" sizes=\"auto, (max-width: 672px) 100vw, 672px\" \/><\/figure>\n<\/div>\n\n\n\n<div class=\"wp-block-column is-vertically-aligned-center is-layout-flow wp-block-column-is-layout-flow\">\n<h5 class=\"wp-block-heading\"><strong><strong>Mehev\u00e4 pihvis\u00e4mpyl\u00e4 salaatilla ja tulisella Chilib\u00e9arnaise-kastikkeella<\/strong><\/strong><\/h5>\n\n\n\n<p><strong>AINEKSET (4 annosta)<\/strong><\/p>\n\n\n\n<p>Patongit \u2013 2 kpl, Paahtopaisti  \u2013 2 viipaletta, Parmesan \u2013 maun mukaan, Eriks chili-bearnaisekastike \u2013 1 purkki, Rucola \u2013 65 g, Oliivi\u00f6ljy \u2013 2 tl, Valkoviinietikka \u2013 1 tl, Suola \u2013 2 tl, Pippuri \u2013 1 dl<\/p>\n\n\n\n<p><strong>Karamellisoitu sipuli<\/strong>: Suola \u2013 1 tlpl, Keltasipuli \u2013 2 kpl, Rypsi\u00f6ljy \u2013 2 rkl, Voi \u2013 25 g<\/p>\n\n\n\n<p class=\"has-text-align-left\"><strong>VALMISTUSOHJE<\/strong><\/p>\n\n\n\n<p>Viipaloi sipulit. Paista \u00f6ljyss\u00e4 korkealla l\u00e4mm\u00f6ll\u00e4, kunnes ne saavat hieman v\u00e4ri\u00e4. Laske l\u00e4mp\u00f6 keskil\u00e4mm\u00f6lle ja sekoittele tasaisin v\u00e4liajoin. Sipulien tulee karamellisoitua ja saada kauniin kullanruskea v\u00e4ri \u2013 t\u00e4h\u00e4n menee noin 15 minuuttia. Lis\u00e4\u00e4 lopuksi tilkka vett\u00e4 ja voi. Mausta suolalla. Grillaa liha 1\u20133 minuuttia per puoli lihan paksuudesta riippuen. Anna lev\u00e4t\u00e4 hetki ennen kuin leikkaat viipaleiksi. Sekoita rucola oliivi\u00f6ljyn, valkoviinietikan, suolan ja pippurin kanssa. Grillaa patongit. Levit\u00e4 Chili Bearnaise -kastiketta leiv\u00e4n alaosalle. Lis\u00e4\u00e4 viipaloitu liha, rucola, raastettu parmesan ja lopuksi viel\u00e4 lis\u00e4\u00e4 Chili Bearnaise -kastiketta.<\/p>\n<\/div>\n<\/div>\n\n\n\n<div style=\"height:50px\" aria-hidden=\"true\" class=\"wp-block-spacer\"><\/div>\n\n\n<div class=\"wp-block-image\">\n<figure class=\"aligncenter size-full is-resized\"><img loading=\"lazy\" decoding=\"async\" width=\"964\" height=\"295\" src=\"https:\/\/eriks.fi\/wp-content\/uploads\/2025\/09\/Eriks_Smakbild_Waldorf_astoria_hel_KVI_20825.png\" alt=\"\" class=\"wp-image-227\" style=\"width:219px;height:auto\" srcset=\"https:\/\/eriks.fi\/wp-content\/uploads\/2025\/09\/Eriks_Smakbild_Waldorf_astoria_hel_KVI_20825.png 964w, https:\/\/eriks.fi\/wp-content\/uploads\/2025\/09\/Eriks_Smakbild_Waldorf_astoria_hel_KVI_20825-300x92.png 300w, https:\/\/eriks.fi\/wp-content\/uploads\/2025\/09\/Eriks_Smakbild_Waldorf_astoria_hel_KVI_20825-768x235.png 768w\" sizes=\"auto, (max-width: 964px) 100vw, 964px\" \/><\/figure>\n<\/div>\n\n\n<div style=\"height:50px\" aria-hidden=\"true\" class=\"wp-block-spacer\"><\/div>\n\n\n\n<div class=\"wp-block-columns is-layout-flex wp-container-core-columns-is-layout-9d6595d7 wp-block-columns-is-layout-flex\">\n<div class=\"wp-block-column is-layout-flow wp-block-column-is-layout-flow\">\n<figure class=\"wp-block-image size-full is-resized\"><img loading=\"lazy\" decoding=\"async\" width=\"672\" height=\"808\" src=\"https:\/\/eriks.fi\/wp-content\/uploads\/2025\/09\/Reseptit-3.jpg\" alt=\"\" class=\"wp-image-107\" style=\"width:537px;height:auto\" srcset=\"https:\/\/eriks.fi\/wp-content\/uploads\/2025\/09\/Reseptit-3.jpg 672w, https:\/\/eriks.fi\/wp-content\/uploads\/2025\/09\/Reseptit-3-250x300.jpg 250w\" sizes=\"auto, (max-width: 672px) 100vw, 672px\" \/><\/figure>\n<\/div>\n\n\n\n<div class=\"wp-block-column is-vertically-aligned-center is-layout-flow wp-block-column-is-layout-flow\">\n<h5 class=\"wp-block-heading\"><strong>Mehev\u00e4 flank-pihvi tagliata-tyyliin Eriks B\u00e9arnaise-kastikkeella<\/strong><\/h5>\n\n\n\n<p><strong>AINEKSET<\/strong> (4 annosta)<\/p>\n\n\n\n<p>Flank steak \/ naudan ulkofilee \/ entrec\u00f4te \u2013 600 g, Sitruuna \u2013 1 kpl, Rucola \u2013 150 g, Pinaatinlehdet \u2013 150 g, Kirsikkatomaatit \u2013 250 g, Paprika \u2013 150 g, Eriks Bearnaise -kastike \u2013 1 purkki, Parmesan \u2013 50 g, Oliivi\u00f6ljy \u2013 2 rkl, Suola \u2013 2 tl, Mustapippuri \u2013 2 tl, Levain-leip\u00e4 \u2013 4 viipaletta<\/p>\n\n\n\n<p class=\"has-text-align-left\"><strong>VALMISTUSOHJE<\/strong><\/p>\n\n\n\n<p>Ota liha huoneenl\u00e4mp\u00f6\u00f6n. Voitele hieman oliivi\u00f6ljyll\u00e4 ja mausta suolalla sek\u00e4 mustapippurilla. Halkaise tomaatit ja sitruuna. Suikaloi paprika. Grillaa liha haluttuun kypsyysasteeseen ja anna sen lev\u00e4t\u00e4 noin 10 minuuttia k\u00e4\u00e4rittyn\u00e4 leivinpaperiin, kunnes se tarjoillaan. Grillaa samalla paprikaa, kunnes se saa kauniin v\u00e4rin. Asettele rucola, pinaatti, tomaatit ja paprika tarjoiluvadille, pellille tai kauniille leikkuulaudalle. Grillaa liha nopeasti uudelleen korkealla l\u00e4mm\u00f6ll\u00e4 noin 30 sekuntia per puoli ja leikkaa halutun paksuisiksi viipaleiksi. Grillaa samalla sitruunanpuolikkaat ja leip\u00e4viipaleet, kunnes niihin tulee kaunis v\u00e4ri. Aseta lihaviipaleet salaatin p\u00e4\u00e4lle. Lis\u00e4\u00e4 Eriks Bearnaise -kastike, raasta parmesan ja valuta p\u00e4\u00e4lle oliivi\u00f6ljy\u00e4. Mausta suolalla ja pippurilla ja laita grillatut sitruunanpuolikkaat viereen. Tarjoa grillatun leiv\u00e4n kanssa, jotta kastike voidaan lusikoida sen avulla.<\/p>\n<\/div>\n<\/div>\n\n\n\n<div style=\"height:50px\" aria-hidden=\"true\" class=\"wp-block-spacer\"><\/div>\n\n\n<div class=\"wp-block-image\">\n<figure class=\"aligncenter size-full is-resized\"><img loading=\"lazy\" decoding=\"async\" width=\"964\" height=\"295\" src=\"https:\/\/eriks.fi\/wp-content\/uploads\/2025\/09\/Eriks_Smakbild_Waldorf_astoria_hel_KVI_20825.png\" alt=\"\" class=\"wp-image-227\" style=\"width:219px;height:auto\" srcset=\"https:\/\/eriks.fi\/wp-content\/uploads\/2025\/09\/Eriks_Smakbild_Waldorf_astoria_hel_KVI_20825.png 964w, https:\/\/eriks.fi\/wp-content\/uploads\/2025\/09\/Eriks_Smakbild_Waldorf_astoria_hel_KVI_20825-300x92.png 300w, https:\/\/eriks.fi\/wp-content\/uploads\/2025\/09\/Eriks_Smakbild_Waldorf_astoria_hel_KVI_20825-768x235.png 768w\" sizes=\"auto, (max-width: 964px) 100vw, 964px\" \/><\/figure>\n<\/div>\n\n\n<div style=\"height:50px\" aria-hidden=\"true\" class=\"wp-block-spacer\"><\/div>\n\n\n\n<div class=\"wp-block-columns is-layout-flex wp-container-core-columns-is-layout-9d6595d7 wp-block-columns-is-layout-flex\">\n<div class=\"wp-block-column is-layout-flow wp-block-column-is-layout-flow\">\n<figure class=\"wp-block-image size-large\"><img loading=\"lazy\" decoding=\"async\" width=\"851\" height=\"1024\" src=\"https:\/\/eriks.fi\/wp-content\/uploads\/2025\/12\/FishTAcot-851x1024.png\" alt=\"Eriks Lime Aioli\" class=\"wp-image-376\" srcset=\"https:\/\/eriks.fi\/wp-content\/uploads\/2025\/12\/FishTAcot-851x1024.png 851w, https:\/\/eriks.fi\/wp-content\/uploads\/2025\/12\/FishTAcot-249x300.png 249w, https:\/\/eriks.fi\/wp-content\/uploads\/2025\/12\/FishTAcot-768x925.png 768w, https:\/\/eriks.fi\/wp-content\/uploads\/2025\/12\/FishTAcot.png 932w\" sizes=\"auto, (max-width: 851px) 100vw, 851px\" \/><\/figure>\n<\/div>\n\n\n\n<div class=\"wp-block-column is-vertically-aligned-center is-layout-flow wp-block-column-is-layout-flow\">\n<h5 class=\"wp-block-heading\"><strong>Kalatacot Eriks Lime-aiolilla<\/strong><\/h5>\n\n\n\n<p><strong>AINEKSET<\/strong> (8 annosta)<\/p>\n\n\n\n<p>Tortillalettuja \u2013 8 kpl, Seiti tai muu valkoinen kala \u2013 500 g, Pankojauhoja \u2013 2 dl, Munia \u2013 2 kpl, Vehn\u00e4jauhoja \u2013 1 dl, Friteeraus\u00f6ljy\u00e4 \u2013 1 pullo, Eriks, Lime-aiolia \u2013 1 purkki, Mangosalsa, Mango \u2013 1 kpl, Avokado \u2013 2 kpl, Kurkku \u2013 \u00bd kpl, Kirsikkatomaatteja \u2013 10 kpl, Korianteria \u2013 1 ruukku, Lime \u2013 2 kpl, Oliivi\u00f6ljy\u00e4 \u2013 2 tl, Suolaa \u2013 1 tl, Kaalisalaatti, Punakaali \u2013 1 kpl,<br>Lime \u2013 1 kpl, Hunajaa \u2013 1 tl, Suolaa \u2013 1 tl, Pikkel\u00f6ity hopeasipuli, Hopeasipuleita \u2013 2 kpl, Vett\u00e4 \u2013 2 dl, Sokeria \u2013 1 dl, Etikkaa (12 %) \u2013 \u00bd dl<\/p>\n\n\n\n<p><strong>VALMISTUSOHJE<\/strong><\/p>\n\n\n\n<p><strong>Pikkel\u00f6ity sipuli:<\/strong> Leikkaa hopeasipuli ohuiksi viipaleiksi. Kiehauta vesi, sokeri ja etikka. Kaada seos purkkiin, anna j\u00e4\u00e4hty\u00e4 ja lis\u00e4\u00e4 sipuliviipaleet. S\u00e4ilyt\u00e4 j\u00e4\u00e4kaapissa. <strong>Kaalisalaatti: <\/strong>Suikaloi punakaali. Sekoita joukkoon limemehu, hunaja ja suola. <strong>Mangosalsa:<\/strong> Hienonna mango, avokado, kurkku, tomaatit ja korianteri. Purista joukkoon limemehu, lis\u00e4\u00e4 oliivi\u00f6ljy ja mausta suolalla. <strong>Friteerattu kala:<\/strong> Leikkaa seiti 8 palaksi. Mausta. Laita kolmeen kulhoon erikseen vehn\u00e4jauhot, kananmunat ja pankojauhot. Py\u00f6rittele kalapalat jauhoissa, munassa ja lopuksi pankossa. <strong>Friteeraus:<\/strong> Kuumenna \u00f6ljy 180 asteeseen. Friteeraa kalapaloja eriss\u00e4, kunnes ne ovat kullanruskeita. Nosta talouspaperin p\u00e4\u00e4lle ja ripottele p\u00e4\u00e4lle sormisuolaa. <strong>Tacojen kokoaminen:<\/strong> L\u00e4mmit\u00e4 tortillal\u00e4tyt, t\u00e4yt\u00e4 kaalisalaatilla, kalalla, mangosalsalla, pikkel\u00f6idyll\u00e4 sipulilla ja Eriks Lime-aiolilla.<\/p>\n<\/div>\n<\/div>\n\n\n\n<div style=\"height:50px\" aria-hidden=\"true\" class=\"wp-block-spacer\"><\/div>\n\n\n<div class=\"wp-block-image\">\n<figure class=\"aligncenter size-full is-resized\"><img loading=\"lazy\" decoding=\"async\" width=\"964\" height=\"295\" src=\"https:\/\/eriks.fi\/wp-content\/uploads\/2025\/09\/Eriks_Smakbild_Waldorf_astoria_hel_KVI_20825.png\" alt=\"\" class=\"wp-image-227\" style=\"width:219px;height:auto\" srcset=\"https:\/\/eriks.fi\/wp-content\/uploads\/2025\/09\/Eriks_Smakbild_Waldorf_astoria_hel_KVI_20825.png 964w, https:\/\/eriks.fi\/wp-content\/uploads\/2025\/09\/Eriks_Smakbild_Waldorf_astoria_hel_KVI_20825-300x92.png 300w, https:\/\/eriks.fi\/wp-content\/uploads\/2025\/09\/Eriks_Smakbild_Waldorf_astoria_hel_KVI_20825-768x235.png 768w\" sizes=\"auto, (max-width: 964px) 100vw, 964px\" \/><\/figure>\n<\/div>\n\n\n<div style=\"height:96px\" aria-hidden=\"true\" class=\"wp-block-spacer\"><\/div>\n","protected":false},"excerpt":{"rendered":"<p>Paahdettua maissia ja perunasalaattia Eriks Caf\u00e9 de Paris -kastikkeella AINEKSET (4 annosta) Rucola \u2013 60 g, Herkkuperuna \u2013 1 kg, Oliivi\u00f6ljy \u2013 5 rkl, Suola \u2013 5 tl, Pippuri \u2013 5 tl, Maissint\u00e4hk\u00e4t \u2013 2 kpl, Valkoviinietikka \u2013 2 rkl, Dijonsinappi (Johnny&#8217;s) \u2013 1 tl, Hunaja \u2013 1 tl, Entrec\u00f4te \u2013 4 viipaletta, Punainen sipuli&hellip;&nbsp;<\/p>\n","protected":false},"author":1,"featured_media":0,"parent":0,"menu_order":0,"comment_status":"closed","ping_status":"closed","template":"","meta":{"neve_meta_sidebar":"","neve_meta_container":"","neve_meta_enable_content_width":"","neve_meta_content_width":0,"neve_meta_title_alignment":"","neve_meta_author_avatar":"","neve_post_elements_order":"","neve_meta_disable_header":"","neve_meta_disable_footer":"","neve_meta_disable_title":"","neve_meta_reading_time":"","iawp_total_views":49,"footnotes":""},"class_list":["post-39","page","type-page","status-publish","hentry"],"yoast_head":"<!-- This site is optimized with the Yoast SEO plugin v27.5 - https:\/\/yoast.com\/product\/yoast-seo-wordpress\/ -->\n<title>RESEPTIT - Eriks<\/title>\n<meta name=\"robots\" content=\"index, follow, max-snippet:-1, max-image-preview:large, max-video-preview:-1\" \/>\n<link rel=\"canonical\" href=\"https:\/\/eriks.fi\/index.php\/reseptit\/\" \/>\n<meta property=\"og:locale\" content=\"fi_FI\" \/>\n<meta property=\"og:type\" content=\"article\" \/>\n<meta property=\"og:title\" content=\"Eriks-reseptej\u00e4\" \/>\n<meta property=\"og:description\" content=\"Paahdettua maissia ja perunasalaattia Eriks Caf\u00e9 de Paris -kastikkeella AINEKSET (4 annosta) Rucola \u2013 60 g, Herkkuperuna \u2013 1 kg, Oliivi\u00f6ljy \u2013 5 rkl, Suola \u2013 5 tl, Pippuri \u2013 5 tl, Maissint\u00e4hk\u00e4t \u2013 2 kpl, Valkoviinietikka \u2013 2 rkl, Dijonsinappi (Johnny&#8217;s) \u2013 1 tl, Hunaja \u2013 1 tl, Entrec\u00f4te \u2013 4 viipaletta, Punainen sipuli&hellip;&nbsp;\" \/>\n<meta property=\"og:url\" content=\"https:\/\/eriks.fi\/index.php\/reseptit\/\" \/>\n<meta property=\"og:site_name\" content=\"Eriks\" \/>\n<meta property=\"article:publisher\" content=\"https:\/\/www.facebook.com\/erikskastikkeet\" \/>\n<meta property=\"article:modified_time\" content=\"2026-03-27T05:01:12+00:00\" \/>\n<meta property=\"og:image\" content=\"https:\/\/eriks.fi\/wp-content\/uploads\/2025\/09\/Baos_JalapenoLimeMynta_KVI_16334-3.jpg\" \/>\n\t<meta property=\"og:image:width\" content=\"1000\" \/>\n\t<meta property=\"og:image:height\" content=\"666\" \/>\n\t<meta property=\"og:image:type\" content=\"image\/jpeg\" \/>\n<meta name=\"twitter:card\" content=\"summary_large_image\" \/>\n<meta name=\"twitter:label1\" content=\"Arvioitu lukuaika\" \/>\n\t<meta name=\"twitter:data1\" content=\"6 minuuttia\" \/>\n<script type=\"application\/ld+json\" class=\"yoast-schema-graph\">{\"@context\":\"https:\\\/\\\/schema.org\",\"@graph\":[{\"@type\":\"WebPage\",\"@id\":\"https:\\\/\\\/eriks.fi\\\/index.php\\\/reseptit\\\/\",\"url\":\"https:\\\/\\\/eriks.fi\\\/index.php\\\/reseptit\\\/\",\"name\":\"RESEPTIT - Eriks\",\"isPartOf\":{\"@id\":\"https:\\\/\\\/eriks.fi\\\/#website\"},\"primaryImageOfPage\":{\"@id\":\"https:\\\/\\\/eriks.fi\\\/index.php\\\/reseptit\\\/#primaryimage\"},\"image\":{\"@id\":\"https:\\\/\\\/eriks.fi\\\/index.php\\\/reseptit\\\/#primaryimage\"},\"thumbnailUrl\":\"https:\\\/\\\/eriks.fi\\\/wp-content\\\/uploads\\\/2025\\\/09\\\/Baos_JalapenoLimeMynta_KVI_16334.jpg\",\"datePublished\":\"2025-09-29T06:49:53+00:00\",\"dateModified\":\"2026-03-27T05:01:12+00:00\",\"breadcrumb\":{\"@id\":\"https:\\\/\\\/eriks.fi\\\/index.php\\\/reseptit\\\/#breadcrumb\"},\"inLanguage\":\"fi\",\"potentialAction\":[{\"@type\":\"ReadAction\",\"target\":[\"https:\\\/\\\/eriks.fi\\\/index.php\\\/reseptit\\\/\"]}]},{\"@type\":\"ImageObject\",\"inLanguage\":\"fi\",\"@id\":\"https:\\\/\\\/eriks.fi\\\/index.php\\\/reseptit\\\/#primaryimage\",\"url\":\"https:\\\/\\\/eriks.fi\\\/wp-content\\\/uploads\\\/2025\\\/09\\\/Baos_JalapenoLimeMynta_KVI_16334.jpg\",\"contentUrl\":\"https:\\\/\\\/eriks.fi\\\/wp-content\\\/uploads\\\/2025\\\/09\\\/Baos_JalapenoLimeMynta_KVI_16334.jpg\",\"width\":1000,\"height\":666},{\"@type\":\"BreadcrumbList\",\"@id\":\"https:\\\/\\\/eriks.fi\\\/index.php\\\/reseptit\\\/#breadcrumb\",\"itemListElement\":[{\"@type\":\"ListItem\",\"position\":1,\"name\":\"Etusivu\",\"item\":\"https:\\\/\\\/eriks.fi\\\/\"},{\"@type\":\"ListItem\",\"position\":2,\"name\":\"RESEPTIT\"}]},{\"@type\":\"WebSite\",\"@id\":\"https:\\\/\\\/eriks.fi\\\/#website\",\"url\":\"https:\\\/\\\/eriks.fi\\\/\",\"name\":\"Eriks\",\"description\":\"Eriks-kastikkeet\",\"publisher\":{\"@id\":\"https:\\\/\\\/eriks.fi\\\/#organization\"},\"potentialAction\":[{\"@type\":\"SearchAction\",\"target\":{\"@type\":\"EntryPoint\",\"urlTemplate\":\"https:\\\/\\\/eriks.fi\\\/?s={search_term_string}\"},\"query-input\":{\"@type\":\"PropertyValueSpecification\",\"valueRequired\":true,\"valueName\":\"search_term_string\"}}],\"inLanguage\":\"fi\"},{\"@type\":\"Organization\",\"@id\":\"https:\\\/\\\/eriks.fi\\\/#organization\",\"name\":\"Kavli\",\"url\":\"https:\\\/\\\/eriks.fi\\\/\",\"logo\":{\"@type\":\"ImageObject\",\"inLanguage\":\"fi\",\"@id\":\"https:\\\/\\\/eriks.fi\\\/#\\\/schema\\\/logo\\\/image\\\/\",\"url\":\"https:\\\/\\\/eriks.fi\\\/wp-content\\\/uploads\\\/2025\\\/09\\\/Eriks_logo_NY_KVI_20878.png\",\"contentUrl\":\"https:\\\/\\\/eriks.fi\\\/wp-content\\\/uploads\\\/2025\\\/09\\\/Eriks_logo_NY_KVI_20878.png\",\"width\":965,\"height\":633,\"caption\":\"Kavli\"},\"image\":{\"@id\":\"https:\\\/\\\/eriks.fi\\\/#\\\/schema\\\/logo\\\/image\\\/\"},\"sameAs\":[\"https:\\\/\\\/www.facebook.com\\\/erikskastikkeet\"]}]}<\/script>\n<!-- \/ Yoast SEO plugin. -->","yoast_head_json":{"title":"RESEPTIT - Eriks","robots":{"index":"index","follow":"follow","max-snippet":"max-snippet:-1","max-image-preview":"max-image-preview:large","max-video-preview":"max-video-preview:-1"},"canonical":"https:\/\/eriks.fi\/index.php\/reseptit\/","og_locale":"fi_FI","og_type":"article","og_title":"Eriks-reseptej\u00e4","og_description":"Paahdettua maissia ja perunasalaattia Eriks Caf\u00e9 de Paris -kastikkeella AINEKSET (4 annosta) Rucola \u2013 60 g, Herkkuperuna \u2013 1 kg, Oliivi\u00f6ljy \u2013 5 rkl, Suola \u2013 5 tl, Pippuri \u2013 5 tl, Maissint\u00e4hk\u00e4t \u2013 2 kpl, Valkoviinietikka \u2013 2 rkl, Dijonsinappi (Johnny&#8217;s) \u2013 1 tl, Hunaja \u2013 1 tl, Entrec\u00f4te \u2013 4 viipaletta, Punainen sipuli&hellip;&nbsp;","og_url":"https:\/\/eriks.fi\/index.php\/reseptit\/","og_site_name":"Eriks","article_publisher":"https:\/\/www.facebook.com\/erikskastikkeet","article_modified_time":"2026-03-27T05:01:12+00:00","og_image":[{"width":1000,"height":666,"url":"https:\/\/eriks.fi\/wp-content\/uploads\/2025\/09\/Baos_JalapenoLimeMynta_KVI_16334-3.jpg","type":"image\/jpeg"}],"twitter_card":"summary_large_image","twitter_misc":{"Arvioitu lukuaika":"6 minuuttia"},"schema":{"@context":"https:\/\/schema.org","@graph":[{"@type":"WebPage","@id":"https:\/\/eriks.fi\/index.php\/reseptit\/","url":"https:\/\/eriks.fi\/index.php\/reseptit\/","name":"RESEPTIT - Eriks","isPartOf":{"@id":"https:\/\/eriks.fi\/#website"},"primaryImageOfPage":{"@id":"https:\/\/eriks.fi\/index.php\/reseptit\/#primaryimage"},"image":{"@id":"https:\/\/eriks.fi\/index.php\/reseptit\/#primaryimage"},"thumbnailUrl":"https:\/\/eriks.fi\/wp-content\/uploads\/2025\/09\/Baos_JalapenoLimeMynta_KVI_16334.jpg","datePublished":"2025-09-29T06:49:53+00:00","dateModified":"2026-03-27T05:01:12+00:00","breadcrumb":{"@id":"https:\/\/eriks.fi\/index.php\/reseptit\/#breadcrumb"},"inLanguage":"fi","potentialAction":[{"@type":"ReadAction","target":["https:\/\/eriks.fi\/index.php\/reseptit\/"]}]},{"@type":"ImageObject","inLanguage":"fi","@id":"https:\/\/eriks.fi\/index.php\/reseptit\/#primaryimage","url":"https:\/\/eriks.fi\/wp-content\/uploads\/2025\/09\/Baos_JalapenoLimeMynta_KVI_16334.jpg","contentUrl":"https:\/\/eriks.fi\/wp-content\/uploads\/2025\/09\/Baos_JalapenoLimeMynta_KVI_16334.jpg","width":1000,"height":666},{"@type":"BreadcrumbList","@id":"https:\/\/eriks.fi\/index.php\/reseptit\/#breadcrumb","itemListElement":[{"@type":"ListItem","position":1,"name":"Etusivu","item":"https:\/\/eriks.fi\/"},{"@type":"ListItem","position":2,"name":"RESEPTIT"}]},{"@type":"WebSite","@id":"https:\/\/eriks.fi\/#website","url":"https:\/\/eriks.fi\/","name":"Eriks","description":"Eriks-kastikkeet","publisher":{"@id":"https:\/\/eriks.fi\/#organization"},"potentialAction":[{"@type":"SearchAction","target":{"@type":"EntryPoint","urlTemplate":"https:\/\/eriks.fi\/?s={search_term_string}"},"query-input":{"@type":"PropertyValueSpecification","valueRequired":true,"valueName":"search_term_string"}}],"inLanguage":"fi"},{"@type":"Organization","@id":"https:\/\/eriks.fi\/#organization","name":"Kavli","url":"https:\/\/eriks.fi\/","logo":{"@type":"ImageObject","inLanguage":"fi","@id":"https:\/\/eriks.fi\/#\/schema\/logo\/image\/","url":"https:\/\/eriks.fi\/wp-content\/uploads\/2025\/09\/Eriks_logo_NY_KVI_20878.png","contentUrl":"https:\/\/eriks.fi\/wp-content\/uploads\/2025\/09\/Eriks_logo_NY_KVI_20878.png","width":965,"height":633,"caption":"Kavli"},"image":{"@id":"https:\/\/eriks.fi\/#\/schema\/logo\/image\/"},"sameAs":["https:\/\/www.facebook.com\/erikskastikkeet"]}]}},"_links":{"self":[{"href":"https:\/\/eriks.fi\/index.php\/wp-json\/wp\/v2\/pages\/39","targetHints":{"allow":["GET"]}}],"collection":[{"href":"https:\/\/eriks.fi\/index.php\/wp-json\/wp\/v2\/pages"}],"about":[{"href":"https:\/\/eriks.fi\/index.php\/wp-json\/wp\/v2\/types\/page"}],"author":[{"embeddable":true,"href":"https:\/\/eriks.fi\/index.php\/wp-json\/wp\/v2\/users\/1"}],"replies":[{"embeddable":true,"href":"https:\/\/eriks.fi\/index.php\/wp-json\/wp\/v2\/comments?post=39"}],"version-history":[{"count":27,"href":"https:\/\/eriks.fi\/index.php\/wp-json\/wp\/v2\/pages\/39\/revisions"}],"predecessor-version":[{"id":412,"href":"https:\/\/eriks.fi\/index.php\/wp-json\/wp\/v2\/pages\/39\/revisions\/412"}],"wp:attachment":[{"href":"https:\/\/eriks.fi\/index.php\/wp-json\/wp\/v2\/media?parent=39"}],"curies":[{"name":"wp","href":"https:\/\/api.w.org\/{rel}","templated":true}]}}