{"id":413,"date":"2026-03-30T10:50:56","date_gmt":"2026-03-30T10:50:56","guid":{"rendered":"https:\/\/eriks.fi\/?page_id=413"},"modified":"2026-03-30T10:50:57","modified_gmt":"2026-03-30T10:50:57","slug":"herkullista-paasiaista","status":"publish","type":"page","link":"https:\/\/eriks.fi\/index.php\/herkullista-paasiaista\/","title":{"rendered":"Herkullista p\u00e4\u00e4si\u00e4ist\u00e4!"},"content":{"rendered":"\n<div class=\"wp-block-cover alignfull is-light\" style=\"min-height:662px;aspect-ratio:unset;\"><img loading=\"lazy\" decoding=\"async\" width=\"2085\" height=\"897\" class=\"wp-block-cover__image-background wp-image-418 size-full\" alt=\"\" src=\"https:\/\/eriks.fi\/wp-content\/uploads\/2026\/03\/Bearnaise-Provencale-1.jpg\" data-object-fit=\"cover\" srcset=\"https:\/\/eriks.fi\/wp-content\/uploads\/2026\/03\/Bearnaise-Provencale-1.jpg 2085w, https:\/\/eriks.fi\/wp-content\/uploads\/2026\/03\/Bearnaise-Provencale-1-300x129.jpg 300w, https:\/\/eriks.fi\/wp-content\/uploads\/2026\/03\/Bearnaise-Provencale-1-1024x441.jpg 1024w, https:\/\/eriks.fi\/wp-content\/uploads\/2026\/03\/Bearnaise-Provencale-1-768x330.jpg 768w, https:\/\/eriks.fi\/wp-content\/uploads\/2026\/03\/Bearnaise-Provencale-1-1536x661.jpg 1536w, https:\/\/eriks.fi\/wp-content\/uploads\/2026\/03\/Bearnaise-Provencale-1-2048x881.jpg 2048w\" sizes=\"auto, (max-width: 2085px) 100vw, 2085px\" \/><span aria-hidden=\"true\" class=\"wp-block-cover__background has-background-dim-0 has-background-dim\" style=\"background-color:#a89a82\"><\/span><div class=\"wp-block-cover__inner-container is-layout-flow wp-block-cover-is-layout-flow\">\n<div class=\"wp-block-columns alignwide is-layout-flex wp-container-core-columns-is-layout-9d6595d7 wp-block-columns-is-layout-flex\">\n<div class=\"wp-block-column is-vertically-aligned-center is-layout-flow wp-block-column-is-layout-flow\" style=\"flex-basis:66.66%\">\n<h1 class=\"wp-block-heading has-text-align-left has-neve-text-color-color has-text-color\">H<\/h1>\n<\/div>\n\n\n\n<div class=\"wp-block-column is-layout-flow wp-block-column-is-layout-flow\" style=\"flex-basis:33.33%\"><\/div>\n<\/div>\n<\/div><\/div>\n\n\n\n<div style=\"height:50px\" aria-hidden=\"true\" class=\"wp-block-spacer\"><\/div>\n\n\n\n<h2 class=\"wp-block-heading\"><strong>Herkullista p\u00e4\u00e4si\u00e4ist\u00e4!<\/strong><\/h2>\n\n\n\n<p><strong>Helppo ja maukas grilliruoka karitsankyljyksist\u00e4<\/strong><\/p>\n\n\n\n<p>Kev\u00e4t kurkottaa jo ovella, ja sen mukana saapuu yksi vuoden herkullisimmista juhlista: p\u00e4\u00e4si\u00e4inen. T\u00e4m\u00e4 juhla ei ole pelk\u00e4st\u00e4\u00e4n suklaamunien ja virpomisen aikaa, vaan my\u00f6s t\u00e4ydellinen hetki panostaa ruokaan ja nauttia sesongin parhaista mauista. Mik\u00e4 olisikaan parempi tapa aloittaa p\u00e4\u00e4si\u00e4inen kuin nostaa grilli esiin ja korkata samalla grillikausi?<\/p>\n\n\n\n<p><strong>Grillikausi voi alkaa<\/strong><\/p>\n\n\n\n<p>P\u00e4\u00e4si\u00e4inen tarjoaa loistavan mahdollisuuden siirty\u00e4 kevyempiin ja raikkaampiin makuihin. Samalla se toimii erinomaisena l\u00e4ht\u00f6laukauksena grillikaudelle. Kun ilma l\u00e4mpenee ja valo lis\u00e4\u00e4ntyy, ulkona valmistettu ruoka maistuu erityisen hyv\u00e4lt\u00e4 ja tuo juhlaan rennon tunnelman.<\/p>\n\n\n\n<p><strong>Helppo ja nopea p\u00e4\u00e4si\u00e4isateria koko perheelle<\/strong><\/p>\n\n\n\n<p>P\u00e4\u00e4si\u00e4isruoan ei tarvitse olla monimutkaista ollakseen herkullista. Parhaat annokset syntyv\u00e4t usein yksinkertaisista raaka aineista, jotka valmistuvat nopeasti. Kun valitset laadukkaat raaka-aineet ja pid\u00e4t valmistuksen selke\u00e4n\u00e4, onnistut varmasti.<\/p>\n\n\n\n<p><strong>Laadukkaat kastikkeet viimeistelev\u00e4t p\u00e4\u00e4si\u00e4isp\u00f6yd\u00e4n<\/strong><\/p>\n\n\n\n<p>Erityisesti kastikkeilla on suuri merkitys onnistuneessa ateriassa. Laadukkaat kastikkeet tuovat syvyytt\u00e4 makuihin ja sitovat kokonaisuuden yhteen. <strong>Eriks B\u00e9arnaise Proven\u00e7ale<\/strong> on erityisesti lampaan ja karitsan kastike, mutta se toimii erinomaisesti my\u00f6s naudanlihan kanssa. Kyseess\u00e4 on upea variantti perinteisest\u00e4 b\u00e9arnaise kastikkeesta, joka tuo annokseen hienostunutta yrttisyytt\u00e4 ja t\u00e4ytel\u00e4isyytt\u00e4.<\/p>\n\n\n\n<div style=\"height:30px\" aria-hidden=\"true\" class=\"wp-block-spacer\"><\/div>\n\n\n\n<div class=\"wp-block-columns is-layout-flex wp-container-core-columns-is-layout-9d6595d7 wp-block-columns-is-layout-flex\">\n<div class=\"wp-block-column is-layout-flow wp-block-column-is-layout-flow\">\n<figure class=\"wp-block-image size-large\"><img loading=\"lazy\" decoding=\"async\" width=\"819\" height=\"1024\" src=\"https:\/\/eriks.fi\/wp-content\/uploads\/2026\/03\/BearnaiseProvencale-1-819x1024.jpg\" alt=\"\" class=\"wp-image-420\" srcset=\"https:\/\/eriks.fi\/wp-content\/uploads\/2026\/03\/BearnaiseProvencale-1-819x1024.jpg 819w, https:\/\/eriks.fi\/wp-content\/uploads\/2026\/03\/BearnaiseProvencale-1-240x300.jpg 240w, https:\/\/eriks.fi\/wp-content\/uploads\/2026\/03\/BearnaiseProvencale-1-768x960.jpg 768w, https:\/\/eriks.fi\/wp-content\/uploads\/2026\/03\/BearnaiseProvencale-1.jpg 1080w\" sizes=\"auto, (max-width: 819px) 100vw, 819px\" \/><\/figure>\n<\/div>\n\n\n\n<div class=\"wp-block-column is-layout-flow wp-block-column-is-layout-flow\">\n<figure class=\"wp-block-image size-large\"><img loading=\"lazy\" decoding=\"async\" width=\"819\" height=\"1024\" src=\"https:\/\/eriks.fi\/wp-content\/uploads\/2026\/03\/Provencale-annos-819x1024.jpg\" alt=\"\" class=\"wp-image-421\" style=\"aspect-ratio:0.8000000398777799\" srcset=\"https:\/\/eriks.fi\/wp-content\/uploads\/2026\/03\/Provencale-annos-819x1024.jpg 819w, https:\/\/eriks.fi\/wp-content\/uploads\/2026\/03\/Provencale-annos-240x300.jpg 240w, https:\/\/eriks.fi\/wp-content\/uploads\/2026\/03\/Provencale-annos-768x960.jpg 768w, https:\/\/eriks.fi\/wp-content\/uploads\/2026\/03\/Provencale-annos.jpg 1080w\" sizes=\"auto, (max-width: 819px) 100vw, 819px\" \/><\/figure>\n<\/div>\n\n\n\n<div class=\"wp-block-column is-vertically-aligned-center is-layout-flow wp-block-column-is-layout-flow\">\n<h3 class=\"wp-block-heading\">Eriks B\u00e9arnaise Proven\u00e7ale on t\u00e4ydellinen kastike lampaalle ja karitsalle<\/h3>\n\n\n\n<p>Eriks B\u00e9arnaise Proven\u00e7ale on erityisesti lampaan ja karitsan kastike. Kokeile my\u00f6s naudanlihan kanssa! Upea variantti tavallisesta B\u00e9arnaise kastikkeesta joka korostaa karitsan ja grillattujen kasvisten makuja.<\/p>\n<\/div>\n<\/div>\n\n\n\n<div style=\"height:55px\" aria-hidden=\"true\" class=\"wp-block-spacer\"><\/div>\n\n\n\n<div class=\"wp-block-columns is-layout-flex wp-container-core-columns-is-layout-9d6595d7 wp-block-columns-is-layout-flex\">\n<div class=\"wp-block-column is-vertically-aligned-center is-layout-flow wp-block-column-is-layout-flow\">\n<h2 class=\"wp-block-heading\"><strong>Grillatut karitsankyljykset appelsiinilla ja tomaateilla sek\u00e4 Eriks B\u00e9arnaise Proven\u00e7ale -kastikkeella<\/strong><\/h2>\n\n\n\n<p><strong>Ainekset (4 annosta)<\/strong><\/p>\n\n\n\n<ul class=\"wp-block-list\">\n<li>8 kpl karitsankyljyksi\u00e4<\/li>\n\n\n\n<li>2 appelsiinia<\/li>\n\n\n\n<li>200 g kirsikkatomaatteja<\/li>\n\n\n\n<li>2 rkl oliivi\u00f6ljy\u00e4<\/li>\n\n\n\n<li>2 valkosipulinkyntt\u00e4<\/li>\n\n\n\n<li>1 rkl tuoretta rosmariinia (tai 1 tl kuivattua) <\/li>\n\n\n\n<li>suolaa maun mukaan<\/li>\n\n\n\n<li>mustapippuria maun mukaan<\/li>\n\n\n\n<li>Eriks B\u00e9arnaise Proven\u00e7ale -kastike <\/li>\n<\/ul>\n\n\n\n<p><strong>Valmistele liha:<\/strong><br>Ota karitsankyljykset huoneenl\u00e4mp\u00f6\u00f6n noin 20\u201330 minuuttia ennen grillausta.<\/p>\n\n\n\n<p><strong>Mausta:<\/strong><br>Hienonna valkosipuli ja rosmariini. Sekoita ne oliivi\u00f6ljyn kanssa ja hiero seos kyljyksiin. Mausta suolalla ja pippurilla makusi mukaan. Anna maustua v\u00e4hint\u00e4\u00e4n puoli tuntia.<\/p>\n\n\n\n<p><strong>Valmistele lisukkeet:<\/strong><br>Pese appelsiinit kuorineen ja leikkaa ne viipaleiksi tai lohkoiksi. Huuhtele kirsikkatomaatit.<\/p>\n\n\n\n<p><strong>Grillaa:<\/strong><br>Kuumenna grilli keskil\u00e4mp\u00f6iseksi, noin 180\u2013200 \u00b0C. Grillaa karitsankyljyksi\u00e4 noin 3\u20134 minuuttia per puoli (riippuen kypsyysasteesta). Lis\u00e4\u00e4 loppuvaiheessa grillille my\u00f6s appelsiinit ja tomaatit, ja grillaa niit\u00e4 muutama minuutti, kunnes ne saavat v\u00e4ri\u00e4.<\/p>\n\n\n\n<p><strong>Tarjoile:<\/strong><br>Asettele kyljykset tarjoiluvadille ja lis\u00e4\u00e4 p\u00e4\u00e4lle grillatut appelsiinit ja tomaatit. Halutessasi voit pirskottaa p\u00e4\u00e4lle hieman appelsiinimehua. Nosta viereen Eriks B\u00e9arnaise Proven\u00e7ale -kastike ja annos on valmis tarjoiltavaksi! Voit lis\u00e4t\u00e4 annokseen lisukkeita makusi mukaan ja tarjoilla sen esimerkiksi perunoiden, raikkaan salaatin tai tuoreen leiv\u00e4n kanssa.<\/p>\n\n\n\n<div style=\"height:67px\" aria-hidden=\"true\" class=\"wp-block-spacer\"><\/div>\n\n\n\n<div class=\"wp-block-buttons is-layout-flex wp-block-buttons-is-layout-flex\">\n<div class=\"wp-block-button is-style-primary\"><a class=\"wp-block-button__link wp-element-button\" href=\"https:\/\/eriks.fi\/index.php\/tuotteet\/\">Eriks tuotteet<\/a><\/div>\n<\/div>\n\n\n\n<div style=\"height:67px\" aria-hidden=\"true\" class=\"wp-block-spacer\"><\/div>\n<\/div>\n<\/div>\n","protected":false},"excerpt":{"rendered":"<p>Herkullista p\u00e4\u00e4si\u00e4ist\u00e4! Helppo ja maukas grilliruoka karitsankyljyksist\u00e4 Kev\u00e4t kurkottaa jo ovella, ja sen mukana saapuu yksi vuoden herkullisimmista juhlista: p\u00e4\u00e4si\u00e4inen. T\u00e4m\u00e4 juhla ei ole pelk\u00e4st\u00e4\u00e4n suklaamunien ja virpomisen aikaa, vaan my\u00f6s t\u00e4ydellinen hetki panostaa ruokaan ja nauttia sesongin parhaista mauista. Mik\u00e4 olisikaan parempi tapa aloittaa p\u00e4\u00e4si\u00e4inen kuin nostaa grilli esiin ja korkata samalla grillikausi? Grillikausi&hellip;&nbsp;<\/p>\n","protected":false},"author":1,"featured_media":0,"parent":0,"menu_order":0,"comment_status":"closed","ping_status":"closed","template":"","meta":{"neve_meta_sidebar":"","neve_meta_container":"","neve_meta_enable_content_width":"","neve_meta_content_width":0,"neve_meta_title_alignment":"","neve_meta_author_avatar":"","neve_post_elements_order":"","neve_meta_disable_header":"","neve_meta_disable_footer":"","neve_meta_disable_title":"","neve_meta_reading_time":"","iawp_total_views":3,"footnotes":""},"class_list":["post-413","page","type-page","status-publish","hentry"],"yoast_head":"<!-- This site is optimized with the Yoast SEO plugin v27.4 - https:\/\/yoast.com\/product\/yoast-seo-wordpress\/ -->\n<title>Herkullista p\u00e4\u00e4si\u00e4ist\u00e4! - Eriks<\/title>\n<meta name=\"description\" content=\"Eriks B\u00e9arnaise Proven\u00e7ale on erityisesti lampaan ja karitsan kastike, mutta se toimii erinomaisesti my\u00f6s naudanlihan kanssa.\" \/>\n<meta name=\"robots\" content=\"index, follow, max-snippet:-1, max-image-preview:large, max-video-preview:-1\" \/>\n<link rel=\"canonical\" href=\"https:\/\/eriks.fi\/index.php\/herkullista-paasiaista\/\" \/>\n<meta property=\"og:locale\" content=\"fi_FI\" \/>\n<meta property=\"og:type\" content=\"article\" \/>\n<meta property=\"og:title\" content=\"Herkullista p\u00e4\u00e4si\u00e4ist\u00e4! - Eriks\" \/>\n<meta property=\"og:description\" content=\"Eriks B\u00e9arnaise Proven\u00e7ale on erityisesti lampaan ja karitsan kastike, mutta se toimii erinomaisesti my\u00f6s naudanlihan kanssa.\" \/>\n<meta property=\"og:url\" content=\"https:\/\/eriks.fi\/index.php\/herkullista-paasiaista\/\" \/>\n<meta property=\"og:site_name\" content=\"Eriks\" \/>\n<meta property=\"article:publisher\" content=\"https:\/\/www.facebook.com\/erikskastikkeet\" \/>\n<meta property=\"article:modified_time\" content=\"2026-03-30T10:50:57+00:00\" \/>\n<meta property=\"og:image\" content=\"https:\/\/eriks.fi\/wp-content\/uploads\/2026\/03\/Bearnaise-Provencale-1.jpg\" \/>\n\t<meta property=\"og:image:width\" content=\"2085\" \/>\n\t<meta property=\"og:image:height\" content=\"897\" \/>\n\t<meta property=\"og:image:type\" content=\"image\/jpeg\" \/>\n<meta name=\"twitter:card\" content=\"summary_large_image\" \/>\n<meta name=\"twitter:label1\" content=\"Arvioitu lukuaika\" \/>\n\t<meta name=\"twitter:data1\" content=\"3 minuuttia\" \/>\n<script type=\"application\/ld+json\" class=\"yoast-schema-graph\">{\"@context\":\"https:\\\/\\\/schema.org\",\"@graph\":[{\"@type\":\"WebPage\",\"@id\":\"https:\\\/\\\/eriks.fi\\\/index.php\\\/herkullista-paasiaista\\\/\",\"url\":\"https:\\\/\\\/eriks.fi\\\/index.php\\\/herkullista-paasiaista\\\/\",\"name\":\"Herkullista p\u00e4\u00e4si\u00e4ist\u00e4! - Eriks\",\"isPartOf\":{\"@id\":\"https:\\\/\\\/eriks.fi\\\/#website\"},\"primaryImageOfPage\":{\"@id\":\"https:\\\/\\\/eriks.fi\\\/index.php\\\/herkullista-paasiaista\\\/#primaryimage\"},\"image\":{\"@id\":\"https:\\\/\\\/eriks.fi\\\/index.php\\\/herkullista-paasiaista\\\/#primaryimage\"},\"thumbnailUrl\":\"https:\\\/\\\/eriks.fi\\\/wp-content\\\/uploads\\\/2026\\\/03\\\/Bearnaise-Provencale-1.jpg\",\"datePublished\":\"2026-03-30T10:50:56+00:00\",\"dateModified\":\"2026-03-30T10:50:57+00:00\",\"description\":\"Eriks B\u00e9arnaise Proven\u00e7ale on erityisesti lampaan ja karitsan kastike, mutta se toimii erinomaisesti my\u00f6s naudanlihan kanssa.\",\"breadcrumb\":{\"@id\":\"https:\\\/\\\/eriks.fi\\\/index.php\\\/herkullista-paasiaista\\\/#breadcrumb\"},\"inLanguage\":\"fi\",\"potentialAction\":[{\"@type\":\"ReadAction\",\"target\":[\"https:\\\/\\\/eriks.fi\\\/index.php\\\/herkullista-paasiaista\\\/\"]}]},{\"@type\":\"ImageObject\",\"inLanguage\":\"fi\",\"@id\":\"https:\\\/\\\/eriks.fi\\\/index.php\\\/herkullista-paasiaista\\\/#primaryimage\",\"url\":\"https:\\\/\\\/eriks.fi\\\/wp-content\\\/uploads\\\/2026\\\/03\\\/Bearnaise-Provencale-1.jpg\",\"contentUrl\":\"https:\\\/\\\/eriks.fi\\\/wp-content\\\/uploads\\\/2026\\\/03\\\/Bearnaise-Provencale-1.jpg\",\"width\":2085,\"height\":897},{\"@type\":\"BreadcrumbList\",\"@id\":\"https:\\\/\\\/eriks.fi\\\/index.php\\\/herkullista-paasiaista\\\/#breadcrumb\",\"itemListElement\":[{\"@type\":\"ListItem\",\"position\":1,\"name\":\"Etusivu\",\"item\":\"https:\\\/\\\/eriks.fi\\\/\"},{\"@type\":\"ListItem\",\"position\":2,\"name\":\"Herkullista p\u00e4\u00e4si\u00e4ist\u00e4!\"}]},{\"@type\":\"WebSite\",\"@id\":\"https:\\\/\\\/eriks.fi\\\/#website\",\"url\":\"https:\\\/\\\/eriks.fi\\\/\",\"name\":\"Eriks\",\"description\":\"Eriks-kastikkeet\",\"publisher\":{\"@id\":\"https:\\\/\\\/eriks.fi\\\/#organization\"},\"potentialAction\":[{\"@type\":\"SearchAction\",\"target\":{\"@type\":\"EntryPoint\",\"urlTemplate\":\"https:\\\/\\\/eriks.fi\\\/?s={search_term_string}\"},\"query-input\":{\"@type\":\"PropertyValueSpecification\",\"valueRequired\":true,\"valueName\":\"search_term_string\"}}],\"inLanguage\":\"fi\"},{\"@type\":\"Organization\",\"@id\":\"https:\\\/\\\/eriks.fi\\\/#organization\",\"name\":\"Kavli\",\"url\":\"https:\\\/\\\/eriks.fi\\\/\",\"logo\":{\"@type\":\"ImageObject\",\"inLanguage\":\"fi\",\"@id\":\"https:\\\/\\\/eriks.fi\\\/#\\\/schema\\\/logo\\\/image\\\/\",\"url\":\"https:\\\/\\\/eriks.fi\\\/wp-content\\\/uploads\\\/2025\\\/09\\\/Eriks_logo_NY_KVI_20878.png\",\"contentUrl\":\"https:\\\/\\\/eriks.fi\\\/wp-content\\\/uploads\\\/2025\\\/09\\\/Eriks_logo_NY_KVI_20878.png\",\"width\":965,\"height\":633,\"caption\":\"Kavli\"},\"image\":{\"@id\":\"https:\\\/\\\/eriks.fi\\\/#\\\/schema\\\/logo\\\/image\\\/\"},\"sameAs\":[\"https:\\\/\\\/www.facebook.com\\\/erikskastikkeet\"]}]}<\/script>\n<!-- \/ Yoast SEO plugin. -->","yoast_head_json":{"title":"Herkullista p\u00e4\u00e4si\u00e4ist\u00e4! - Eriks","description":"Eriks B\u00e9arnaise Proven\u00e7ale on erityisesti lampaan ja karitsan kastike, mutta se toimii erinomaisesti my\u00f6s naudanlihan kanssa.","robots":{"index":"index","follow":"follow","max-snippet":"max-snippet:-1","max-image-preview":"max-image-preview:large","max-video-preview":"max-video-preview:-1"},"canonical":"https:\/\/eriks.fi\/index.php\/herkullista-paasiaista\/","og_locale":"fi_FI","og_type":"article","og_title":"Herkullista p\u00e4\u00e4si\u00e4ist\u00e4! - Eriks","og_description":"Eriks B\u00e9arnaise Proven\u00e7ale on erityisesti lampaan ja karitsan kastike, mutta se toimii erinomaisesti my\u00f6s naudanlihan kanssa.","og_url":"https:\/\/eriks.fi\/index.php\/herkullista-paasiaista\/","og_site_name":"Eriks","article_publisher":"https:\/\/www.facebook.com\/erikskastikkeet","article_modified_time":"2026-03-30T10:50:57+00:00","og_image":[{"width":2085,"height":897,"url":"https:\/\/eriks.fi\/wp-content\/uploads\/2026\/03\/Bearnaise-Provencale-1.jpg","type":"image\/jpeg"}],"twitter_card":"summary_large_image","twitter_misc":{"Arvioitu lukuaika":"3 minuuttia"},"schema":{"@context":"https:\/\/schema.org","@graph":[{"@type":"WebPage","@id":"https:\/\/eriks.fi\/index.php\/herkullista-paasiaista\/","url":"https:\/\/eriks.fi\/index.php\/herkullista-paasiaista\/","name":"Herkullista p\u00e4\u00e4si\u00e4ist\u00e4! - Eriks","isPartOf":{"@id":"https:\/\/eriks.fi\/#website"},"primaryImageOfPage":{"@id":"https:\/\/eriks.fi\/index.php\/herkullista-paasiaista\/#primaryimage"},"image":{"@id":"https:\/\/eriks.fi\/index.php\/herkullista-paasiaista\/#primaryimage"},"thumbnailUrl":"https:\/\/eriks.fi\/wp-content\/uploads\/2026\/03\/Bearnaise-Provencale-1.jpg","datePublished":"2026-03-30T10:50:56+00:00","dateModified":"2026-03-30T10:50:57+00:00","description":"Eriks B\u00e9arnaise Proven\u00e7ale on erityisesti lampaan ja karitsan kastike, mutta se toimii erinomaisesti my\u00f6s naudanlihan kanssa.","breadcrumb":{"@id":"https:\/\/eriks.fi\/index.php\/herkullista-paasiaista\/#breadcrumb"},"inLanguage":"fi","potentialAction":[{"@type":"ReadAction","target":["https:\/\/eriks.fi\/index.php\/herkullista-paasiaista\/"]}]},{"@type":"ImageObject","inLanguage":"fi","@id":"https:\/\/eriks.fi\/index.php\/herkullista-paasiaista\/#primaryimage","url":"https:\/\/eriks.fi\/wp-content\/uploads\/2026\/03\/Bearnaise-Provencale-1.jpg","contentUrl":"https:\/\/eriks.fi\/wp-content\/uploads\/2026\/03\/Bearnaise-Provencale-1.jpg","width":2085,"height":897},{"@type":"BreadcrumbList","@id":"https:\/\/eriks.fi\/index.php\/herkullista-paasiaista\/#breadcrumb","itemListElement":[{"@type":"ListItem","position":1,"name":"Etusivu","item":"https:\/\/eriks.fi\/"},{"@type":"ListItem","position":2,"name":"Herkullista p\u00e4\u00e4si\u00e4ist\u00e4!"}]},{"@type":"WebSite","@id":"https:\/\/eriks.fi\/#website","url":"https:\/\/eriks.fi\/","name":"Eriks","description":"Eriks-kastikkeet","publisher":{"@id":"https:\/\/eriks.fi\/#organization"},"potentialAction":[{"@type":"SearchAction","target":{"@type":"EntryPoint","urlTemplate":"https:\/\/eriks.fi\/?s={search_term_string}"},"query-input":{"@type":"PropertyValueSpecification","valueRequired":true,"valueName":"search_term_string"}}],"inLanguage":"fi"},{"@type":"Organization","@id":"https:\/\/eriks.fi\/#organization","name":"Kavli","url":"https:\/\/eriks.fi\/","logo":{"@type":"ImageObject","inLanguage":"fi","@id":"https:\/\/eriks.fi\/#\/schema\/logo\/image\/","url":"https:\/\/eriks.fi\/wp-content\/uploads\/2025\/09\/Eriks_logo_NY_KVI_20878.png","contentUrl":"https:\/\/eriks.fi\/wp-content\/uploads\/2025\/09\/Eriks_logo_NY_KVI_20878.png","width":965,"height":633,"caption":"Kavli"},"image":{"@id":"https:\/\/eriks.fi\/#\/schema\/logo\/image\/"},"sameAs":["https:\/\/www.facebook.com\/erikskastikkeet"]}]}},"_links":{"self":[{"href":"https:\/\/eriks.fi\/index.php\/wp-json\/wp\/v2\/pages\/413","targetHints":{"allow":["GET"]}}],"collection":[{"href":"https:\/\/eriks.fi\/index.php\/wp-json\/wp\/v2\/pages"}],"about":[{"href":"https:\/\/eriks.fi\/index.php\/wp-json\/wp\/v2\/types\/page"}],"author":[{"embeddable":true,"href":"https:\/\/eriks.fi\/index.php\/wp-json\/wp\/v2\/users\/1"}],"replies":[{"embeddable":true,"href":"https:\/\/eriks.fi\/index.php\/wp-json\/wp\/v2\/comments?post=413"}],"version-history":[{"count":14,"href":"https:\/\/eriks.fi\/index.php\/wp-json\/wp\/v2\/pages\/413\/revisions"}],"predecessor-version":[{"id":433,"href":"https:\/\/eriks.fi\/index.php\/wp-json\/wp\/v2\/pages\/413\/revisions\/433"}],"wp:attachment":[{"href":"https:\/\/eriks.fi\/index.php\/wp-json\/wp\/v2\/media?parent=413"}],"curies":[{"name":"wp","href":"https:\/\/api.w.org\/{rel}","templated":true}]}}