{"id":438,"date":"2026-04-08T05:46:37","date_gmt":"2026-04-08T05:46:37","guid":{"rendered":"https:\/\/eriks.fi\/?page_id=438"},"modified":"2026-04-08T05:47:28","modified_gmt":"2026-04-08T05:47:28","slug":"parsakausi-on-taalla","status":"publish","type":"page","link":"https:\/\/eriks.fi\/index.php\/parsakausi-on-taalla\/","title":{"rendered":"Parsakausi on t\u00e4\u00e4ll\u00e4!"},"content":{"rendered":"\n<div class=\"wp-block-cover alignfull is-light\" style=\"min-height:576px;aspect-ratio:unset;\"><img loading=\"lazy\" decoding=\"async\" width=\"2085\" height=\"897\" class=\"wp-block-cover__image-background wp-image-442 size-full\" alt=\"\" src=\"https:\/\/eriks.fi\/wp-content\/uploads\/2026\/04\/Hollandaise-Cover.jpg\" data-object-fit=\"cover\" srcset=\"https:\/\/eriks.fi\/wp-content\/uploads\/2026\/04\/Hollandaise-Cover.jpg 2085w, https:\/\/eriks.fi\/wp-content\/uploads\/2026\/04\/Hollandaise-Cover-300x129.jpg 300w, https:\/\/eriks.fi\/wp-content\/uploads\/2026\/04\/Hollandaise-Cover-1024x441.jpg 1024w, https:\/\/eriks.fi\/wp-content\/uploads\/2026\/04\/Hollandaise-Cover-768x330.jpg 768w, https:\/\/eriks.fi\/wp-content\/uploads\/2026\/04\/Hollandaise-Cover-1536x661.jpg 1536w, https:\/\/eriks.fi\/wp-content\/uploads\/2026\/04\/Hollandaise-Cover-2048x881.jpg 2048w\" sizes=\"auto, (max-width: 2085px) 100vw, 2085px\" \/><span aria-hidden=\"true\" class=\"wp-block-cover__background has-background-dim-0 has-background-dim\" style=\"background-color:#cfc7a8\"><\/span><div class=\"wp-block-cover__inner-container is-layout-flow wp-block-cover-is-layout-flow\">\n<h1 class=\"wp-block-heading has-text-align-center has-white-color has-text-color\"><\/h1>\n\n\n\n<div style=\"height:40px\" aria-hidden=\"true\" class=\"wp-block-spacer\"><\/div>\n\n\n\n<div class=\"wp-block-group\"><div class=\"wp-block-group__inner-container is-layout-flow wp-block-group-is-layout-flow\">\n<div class=\"wp-block-buttons is-content-justification-center is-layout-flex wp-container-core-buttons-is-layout-16018d1d wp-block-buttons-is-layout-flex\"><\/div>\n<\/div><\/div>\n<\/div><\/div>\n\n\n\n<div style=\"height:100px\" aria-hidden=\"true\" class=\"wp-block-spacer\"><\/div>\n\n\n\n<h2 class=\"wp-block-heading\">Parsakausi on t\u00e4\u00e4ll\u00e4!<\/h2>\n\n\n\n<p>Mik\u00e4 olisikaan parempi tapa juhlistaa sit\u00e4 kuin klassinen yhdistelm\u00e4: vihre\u00e4 parsa, uppomuna ja samettinen Eriks Hollandaise-kastike. T\u00e4m\u00e4 ajaton herkku toimii niin brunssip\u00f6yd\u00e4ss\u00e4 kuin kevyen\u00e4 lounaanakin, ja nyt annoksen voi tehd\u00e4 entist\u00e4 helpommin Eriks Hollandaise-kastikkeen avulla.<\/p>\n\n\n\n<p>Kev\u00e4\u00e4ll\u00e4 kauppojen hyllyt t\u00e4yttyv\u00e4t tuoreesta vihre\u00e4st\u00e4 parsasta, jonka maku on parhaimmillaan juuri nyt. Vihre\u00e4 parsa on helppo valmistaa, nopea keitt\u00e4minen tai paistaminen riitt\u00e4\u00e4 s\u00e4ilytt\u00e4m\u00e4\u00e4n sen napakan rakenteen ja hienostuneen maun. Kun rinnalle lis\u00e4t\u00e4\u00e4n t\u00e4ydellisesti kypsennetty uppomuna ja t\u00e4ytel\u00e4inen Eriks Hollandaise-kastike syntyy annos, joka tuntuu ylelliselt\u00e4 mutta on yll\u00e4tt\u00e4v\u00e4n vaivaton.<\/p>\n\n\n\n<p>Hollandaise-kastike on klassinen ranskalainen kastike, joka tunnetaan voin ja sitruunan tasapainoisesta yhdistelm\u00e4st\u00e4. Perinteisesti sen valmistus vaatii tarkkuutta, mutta valmiilla kastikkeella onnistuminen on varmaa joka kerta.<\/p>\n\n\n\n<div style=\"height:50px\" aria-hidden=\"true\" class=\"wp-block-spacer\"><\/div>\n\n\n\n<div class=\"wp-block-columns is-layout-flex wp-container-core-columns-is-layout-9d6595d7 wp-block-columns-is-layout-flex\">\n<div class=\"wp-block-column is-layout-flow wp-block-column-is-layout-flow\">\n<figure class=\"wp-block-image size-large\"><img loading=\"lazy\" decoding=\"async\" width=\"682\" height=\"1024\" src=\"https:\/\/eriks.fi\/wp-content\/uploads\/2026\/04\/green-peas-and-asparagus-with-poached-egg-2026-01-05-23-59-44-utc-682x1024.jpg\" alt=\"Eriks Hollandaisekastike\" class=\"wp-image-439\" srcset=\"https:\/\/eriks.fi\/wp-content\/uploads\/2026\/04\/green-peas-and-asparagus-with-poached-egg-2026-01-05-23-59-44-utc-682x1024.jpg 682w, https:\/\/eriks.fi\/wp-content\/uploads\/2026\/04\/green-peas-and-asparagus-with-poached-egg-2026-01-05-23-59-44-utc-200x300.jpg 200w, https:\/\/eriks.fi\/wp-content\/uploads\/2026\/04\/green-peas-and-asparagus-with-poached-egg-2026-01-05-23-59-44-utc-768x1152.jpg 768w, https:\/\/eriks.fi\/wp-content\/uploads\/2026\/04\/green-peas-and-asparagus-with-poached-egg-2026-01-05-23-59-44-utc-1024x1536.jpg 1024w, https:\/\/eriks.fi\/wp-content\/uploads\/2026\/04\/green-peas-and-asparagus-with-poached-egg-2026-01-05-23-59-44-utc.jpg 1181w\" sizes=\"auto, (max-width: 682px) 100vw, 682px\" \/><\/figure>\n<\/div>\n\n\n\n<div class=\"wp-block-column is-layout-flow wp-block-column-is-layout-flow\">\n<figure class=\"wp-block-image size-large\"><img loading=\"lazy\" decoding=\"async\" width=\"682\" height=\"1024\" src=\"https:\/\/eriks.fi\/wp-content\/uploads\/2026\/04\/tasty-cooked-asparagus-served-with-sauce-on-wooden-2026-03-26-23-25-15-utc-682x1024.jpg\" alt=\"Eriks Hollandaisekastike\" class=\"wp-image-440\" srcset=\"https:\/\/eriks.fi\/wp-content\/uploads\/2026\/04\/tasty-cooked-asparagus-served-with-sauce-on-wooden-2026-03-26-23-25-15-utc-682x1024.jpg 682w, https:\/\/eriks.fi\/wp-content\/uploads\/2026\/04\/tasty-cooked-asparagus-served-with-sauce-on-wooden-2026-03-26-23-25-15-utc-200x300.jpg 200w, https:\/\/eriks.fi\/wp-content\/uploads\/2026\/04\/tasty-cooked-asparagus-served-with-sauce-on-wooden-2026-03-26-23-25-15-utc-768x1152.jpg 768w, https:\/\/eriks.fi\/wp-content\/uploads\/2026\/04\/tasty-cooked-asparagus-served-with-sauce-on-wooden-2026-03-26-23-25-15-utc-1024x1536.jpg 1024w, https:\/\/eriks.fi\/wp-content\/uploads\/2026\/04\/tasty-cooked-asparagus-served-with-sauce-on-wooden-2026-03-26-23-25-15-utc.jpg 1181w\" sizes=\"auto, (max-width: 682px) 100vw, 682px\" \/><\/figure>\n<\/div>\n\n\n\n<div class=\"wp-block-column is-vertically-aligned-center is-layout-flow wp-block-column-is-layout-flow\">\n<h3 class=\"wp-block-heading\">Parsakauden klassikko: Eriks Hollandaise-kastike<\/h3>\n\n\n\n<p>Eriks Hollandaise-kastike tekee parsakaudesta entist\u00e4 herkullisemman. <\/p>\n\n\n\n<p>Sen t\u00e4ytel\u00e4inen ja tasapainoinen maku sopii t\u00e4ydellisesti tuoreen vihre\u00e4n parsan kanssa, mutta toimii yht\u00e4 hyvin my\u00f6s uppomunan kumppanina, tehden klassisesta annoksesta vaivattoman ja herkullisen makuel\u00e4myksen.<\/p>\n<\/div>\n<\/div>\n\n\n\n<div style=\"height:50px\" aria-hidden=\"true\" class=\"wp-block-spacer\"><\/div>\n\n\n\n<h3 class=\"wp-block-heading\">Vihre\u00e4\u00e4 parsaa, uppomuna ja Eriks Hollandaise-kastike<\/h3>\n\n\n\n<p><strong>Ainekset (2 annosta):<\/strong><\/p>\n\n\n\n<ul class=\"wp-block-list\">\n<li>1 nippu vihre\u00e4\u00e4 parsaa<\/li>\n\n\n\n<li>2 kananmunaa<\/li>\n\n\n\n<li>1 pkt Eriks Hollandaise-kastike<\/li>\n\n\n\n<li>1 rkl etikkaa (uppomunille)<\/li>\n\n\n\n<li>suolaa<\/li>\n\n\n\n<li>mustapippuria<\/li>\n\n\n\n<li>(halutessa) tuoretta sitruunamehua ja yrttej\u00e4, kuten ruohosipulia<\/li>\n<\/ul>\n\n\n\n<p><strong>Valmistus:<\/strong><\/p>\n\n\n\n<ol class=\"wp-block-list\">\n<li><strong>Valmistele parsat<\/strong><br>Katkaise parsojen puumainen tyvi pois. Keit\u00e4 parsoja suolalla maustetussa vedess\u00e4 3\u20134 minuuttia, kunnes ne ovat napakoita mutta kypsi\u00e4. Nosta sivuun.<\/li>\n\n\n\n<li><strong>Valmista uppomunat<\/strong><br>Kuumenna kattilassa vett\u00e4 l\u00e4hes kiehuvaksi. Lis\u00e4\u00e4 joukkoon etikka. Py\u00f6r\u00e4yt\u00e4 veteen pieni py\u00f6rre ja riko kananmuna varovasti keskelle. Kypsenn\u00e4 noin 2,5\u20133 minuuttia, kunnes valkuainen on hyytynyt mutta keltuainen j\u00e4\u00e4 pehme\u00e4ksi. Nosta reik\u00e4kauhalla talouspaperin p\u00e4\u00e4lle.<\/li>\n\n\n\n<li><strong>L\u00e4mmit\u00e4 kastike<\/strong><br>L\u00e4mmit\u00e4 Eriks Hollandaise-kastike pakkauksen ohjeen mukaan. \u00c4l\u00e4 kiehauta, jotta rakenne s\u00e4ilyy sile\u00e4n\u00e4.<\/li>\n\n\n\n<li><strong>Kokoa annos<\/strong><br>Asettele parsat lautaselle, nosta p\u00e4\u00e4lle uppomuna ja valuta Eriks Hollandaise-kastiketta reilusti p\u00e4\u00e4lle.<\/li>\n\n\n\n<li><strong>Viimeistele<\/strong><br>Mausta suolalla ja mustapippurilla. Halutessasi lis\u00e4\u00e4 hieman sitruunamehua ja hienonnettua ruohosipulia.<\/li>\n<\/ol>\n\n\n\n<p>Annos toimii sellaisenaan kevyen\u00e4 ateriana, mutta siit\u00e4 saa ruokaisamman lis\u00e4\u00e4m\u00e4ll\u00e4 esimerkiksi paahdettua leip\u00e4\u00e4 tai ilmakuivattua kinkkua. Parsakausi on lyhyt, joten nyt on t\u00e4ydellinen hetki nauttia t\u00e4st\u00e4 klassikosta, helposti, nopeasti ja ennen kaikkea herkullisesti!<\/p>\n\n\n\n<div style=\"height:50px\" aria-hidden=\"true\" class=\"wp-block-spacer\"><\/div>\n\n\n\n<div class=\"wp-block-buttons is-layout-flex wp-block-buttons-is-layout-flex\">\n<div class=\"wp-block-button\"><a class=\"wp-block-button__link wp-element-button\" href=\"https:\/\/eriks.fi\/index.php\/tuotteet\/\">Tuotteet<\/a><\/div>\n<\/div>\n\n\n\n<div style=\"height:100px\" aria-hidden=\"true\" class=\"wp-block-spacer\"><\/div>\n","protected":false},"excerpt":{"rendered":"<p>Parsakausi on t\u00e4\u00e4ll\u00e4! Mik\u00e4 olisikaan parempi tapa juhlistaa sit\u00e4 kuin klassinen yhdistelm\u00e4: vihre\u00e4 parsa, uppomuna ja samettinen Eriks Hollandaise-kastike. T\u00e4m\u00e4 ajaton herkku toimii niin brunssip\u00f6yd\u00e4ss\u00e4 kuin kevyen\u00e4 lounaanakin, ja nyt annoksen voi tehd\u00e4 entist\u00e4 helpommin Eriks Hollandaise-kastikkeen avulla. Kev\u00e4\u00e4ll\u00e4 kauppojen hyllyt t\u00e4yttyv\u00e4t tuoreesta vihre\u00e4st\u00e4 parsasta, jonka maku on parhaimmillaan juuri nyt. Vihre\u00e4 parsa on helppo&hellip;&nbsp;<\/p>\n","protected":false},"author":1,"featured_media":0,"parent":0,"menu_order":0,"comment_status":"closed","ping_status":"closed","template":"","meta":{"neve_meta_sidebar":"","neve_meta_container":"","neve_meta_enable_content_width":"","neve_meta_content_width":0,"neve_meta_title_alignment":"","neve_meta_author_avatar":"","neve_post_elements_order":"","neve_meta_disable_header":"","neve_meta_disable_footer":"","neve_meta_disable_title":"","neve_meta_reading_time":"","iawp_total_views":15,"footnotes":""},"class_list":["post-438","page","type-page","status-publish","hentry"],"yoast_head":"<!-- This site is optimized with the Yoast SEO plugin v27.4 - https:\/\/yoast.com\/product\/yoast-seo-wordpress\/ -->\n<title>Parsakausi on t\u00e4\u00e4ll\u00e4! - Eriks<\/title>\n<meta name=\"description\" content=\"Hollandaisekastike on klassinen ranskalainen kastike, joka tunnetaan voin ja sitruunan tasapainoisesta yhdistelm\u00e4st\u00e4. Lue lis\u00e4\u00e4!\" \/>\n<meta name=\"robots\" content=\"index, follow, max-snippet:-1, max-image-preview:large, max-video-preview:-1\" \/>\n<link rel=\"canonical\" href=\"https:\/\/eriks.fi\/index.php\/parsakausi-on-taalla\/\" \/>\n<meta property=\"og:locale\" content=\"fi_FI\" \/>\n<meta property=\"og:type\" content=\"article\" \/>\n<meta property=\"og:title\" content=\"Parsakausi on t\u00e4\u00e4ll\u00e4!\" \/>\n<meta property=\"og:description\" content=\"Mik\u00e4 olisikaan parempi tapa juhlistaa sit\u00e4 kuin klassinen yhdistelm\u00e4: vihre\u00e4 parsa, uppomuna ja samettinen Eriks Hollandaisekastike.\" \/>\n<meta property=\"og:url\" content=\"https:\/\/eriks.fi\/index.php\/parsakausi-on-taalla\/\" \/>\n<meta property=\"og:site_name\" content=\"Eriks\" \/>\n<meta property=\"article:publisher\" content=\"https:\/\/www.facebook.com\/erikskastikkeet\" \/>\n<meta property=\"article:modified_time\" content=\"2026-04-08T05:47:28+00:00\" \/>\n<meta property=\"og:image\" content=\"https:\/\/eriks.fi\/wp-content\/uploads\/2026\/04\/Hollandaise-Cover.jpg\" \/>\n\t<meta property=\"og:image:width\" content=\"2085\" \/>\n\t<meta property=\"og:image:height\" content=\"897\" \/>\n\t<meta property=\"og:image:type\" content=\"image\/jpeg\" \/>\n<meta name=\"twitter:card\" content=\"summary_large_image\" \/>\n<meta name=\"twitter:label1\" content=\"Arvioitu lukuaika\" \/>\n\t<meta name=\"twitter:data1\" content=\"3 minuuttia\" \/>\n<script type=\"application\/ld+json\" class=\"yoast-schema-graph\">{\"@context\":\"https:\\\/\\\/schema.org\",\"@graph\":[{\"@type\":\"WebPage\",\"@id\":\"https:\\\/\\\/eriks.fi\\\/index.php\\\/parsakausi-on-taalla\\\/\",\"url\":\"https:\\\/\\\/eriks.fi\\\/index.php\\\/parsakausi-on-taalla\\\/\",\"name\":\"Parsakausi on t\u00e4\u00e4ll\u00e4! - Eriks\",\"isPartOf\":{\"@id\":\"https:\\\/\\\/eriks.fi\\\/#website\"},\"primaryImageOfPage\":{\"@id\":\"https:\\\/\\\/eriks.fi\\\/index.php\\\/parsakausi-on-taalla\\\/#primaryimage\"},\"image\":{\"@id\":\"https:\\\/\\\/eriks.fi\\\/index.php\\\/parsakausi-on-taalla\\\/#primaryimage\"},\"thumbnailUrl\":\"https:\\\/\\\/eriks.fi\\\/wp-content\\\/uploads\\\/2026\\\/04\\\/Hollandaise-Cover.jpg\",\"datePublished\":\"2026-04-08T05:46:37+00:00\",\"dateModified\":\"2026-04-08T05:47:28+00:00\",\"description\":\"Hollandaisekastike on klassinen ranskalainen kastike, joka tunnetaan voin ja sitruunan tasapainoisesta yhdistelm\u00e4st\u00e4. Lue lis\u00e4\u00e4!\",\"breadcrumb\":{\"@id\":\"https:\\\/\\\/eriks.fi\\\/index.php\\\/parsakausi-on-taalla\\\/#breadcrumb\"},\"inLanguage\":\"fi\",\"potentialAction\":[{\"@type\":\"ReadAction\",\"target\":[\"https:\\\/\\\/eriks.fi\\\/index.php\\\/parsakausi-on-taalla\\\/\"]}]},{\"@type\":\"ImageObject\",\"inLanguage\":\"fi\",\"@id\":\"https:\\\/\\\/eriks.fi\\\/index.php\\\/parsakausi-on-taalla\\\/#primaryimage\",\"url\":\"https:\\\/\\\/eriks.fi\\\/wp-content\\\/uploads\\\/2026\\\/04\\\/Hollandaise-Cover.jpg\",\"contentUrl\":\"https:\\\/\\\/eriks.fi\\\/wp-content\\\/uploads\\\/2026\\\/04\\\/Hollandaise-Cover.jpg\",\"width\":2085,\"height\":897},{\"@type\":\"BreadcrumbList\",\"@id\":\"https:\\\/\\\/eriks.fi\\\/index.php\\\/parsakausi-on-taalla\\\/#breadcrumb\",\"itemListElement\":[{\"@type\":\"ListItem\",\"position\":1,\"name\":\"Etusivu\",\"item\":\"https:\\\/\\\/eriks.fi\\\/\"},{\"@type\":\"ListItem\",\"position\":2,\"name\":\"Parsakausi on t\u00e4\u00e4ll\u00e4!\"}]},{\"@type\":\"WebSite\",\"@id\":\"https:\\\/\\\/eriks.fi\\\/#website\",\"url\":\"https:\\\/\\\/eriks.fi\\\/\",\"name\":\"Eriks\",\"description\":\"Eriks-kastikkeet\",\"publisher\":{\"@id\":\"https:\\\/\\\/eriks.fi\\\/#organization\"},\"potentialAction\":[{\"@type\":\"SearchAction\",\"target\":{\"@type\":\"EntryPoint\",\"urlTemplate\":\"https:\\\/\\\/eriks.fi\\\/?s={search_term_string}\"},\"query-input\":{\"@type\":\"PropertyValueSpecification\",\"valueRequired\":true,\"valueName\":\"search_term_string\"}}],\"inLanguage\":\"fi\"},{\"@type\":\"Organization\",\"@id\":\"https:\\\/\\\/eriks.fi\\\/#organization\",\"name\":\"Kavli\",\"url\":\"https:\\\/\\\/eriks.fi\\\/\",\"logo\":{\"@type\":\"ImageObject\",\"inLanguage\":\"fi\",\"@id\":\"https:\\\/\\\/eriks.fi\\\/#\\\/schema\\\/logo\\\/image\\\/\",\"url\":\"https:\\\/\\\/eriks.fi\\\/wp-content\\\/uploads\\\/2025\\\/09\\\/Eriks_logo_NY_KVI_20878.png\",\"contentUrl\":\"https:\\\/\\\/eriks.fi\\\/wp-content\\\/uploads\\\/2025\\\/09\\\/Eriks_logo_NY_KVI_20878.png\",\"width\":965,\"height\":633,\"caption\":\"Kavli\"},\"image\":{\"@id\":\"https:\\\/\\\/eriks.fi\\\/#\\\/schema\\\/logo\\\/image\\\/\"},\"sameAs\":[\"https:\\\/\\\/www.facebook.com\\\/erikskastikkeet\"]}]}<\/script>\n<!-- \/ Yoast SEO plugin. -->","yoast_head_json":{"title":"Parsakausi on t\u00e4\u00e4ll\u00e4! - Eriks","description":"Hollandaisekastike on klassinen ranskalainen kastike, joka tunnetaan voin ja sitruunan tasapainoisesta yhdistelm\u00e4st\u00e4. Lue lis\u00e4\u00e4!","robots":{"index":"index","follow":"follow","max-snippet":"max-snippet:-1","max-image-preview":"max-image-preview:large","max-video-preview":"max-video-preview:-1"},"canonical":"https:\/\/eriks.fi\/index.php\/parsakausi-on-taalla\/","og_locale":"fi_FI","og_type":"article","og_title":"Parsakausi on t\u00e4\u00e4ll\u00e4!","og_description":"Mik\u00e4 olisikaan parempi tapa juhlistaa sit\u00e4 kuin klassinen yhdistelm\u00e4: vihre\u00e4 parsa, uppomuna ja samettinen Eriks Hollandaisekastike.","og_url":"https:\/\/eriks.fi\/index.php\/parsakausi-on-taalla\/","og_site_name":"Eriks","article_publisher":"https:\/\/www.facebook.com\/erikskastikkeet","article_modified_time":"2026-04-08T05:47:28+00:00","og_image":[{"width":2085,"height":897,"url":"https:\/\/eriks.fi\/wp-content\/uploads\/2026\/04\/Hollandaise-Cover.jpg","type":"image\/jpeg"}],"twitter_card":"summary_large_image","twitter_misc":{"Arvioitu lukuaika":"3 minuuttia"},"schema":{"@context":"https:\/\/schema.org","@graph":[{"@type":"WebPage","@id":"https:\/\/eriks.fi\/index.php\/parsakausi-on-taalla\/","url":"https:\/\/eriks.fi\/index.php\/parsakausi-on-taalla\/","name":"Parsakausi on t\u00e4\u00e4ll\u00e4! - Eriks","isPartOf":{"@id":"https:\/\/eriks.fi\/#website"},"primaryImageOfPage":{"@id":"https:\/\/eriks.fi\/index.php\/parsakausi-on-taalla\/#primaryimage"},"image":{"@id":"https:\/\/eriks.fi\/index.php\/parsakausi-on-taalla\/#primaryimage"},"thumbnailUrl":"https:\/\/eriks.fi\/wp-content\/uploads\/2026\/04\/Hollandaise-Cover.jpg","datePublished":"2026-04-08T05:46:37+00:00","dateModified":"2026-04-08T05:47:28+00:00","description":"Hollandaisekastike on klassinen ranskalainen kastike, joka tunnetaan voin ja sitruunan tasapainoisesta yhdistelm\u00e4st\u00e4. Lue lis\u00e4\u00e4!","breadcrumb":{"@id":"https:\/\/eriks.fi\/index.php\/parsakausi-on-taalla\/#breadcrumb"},"inLanguage":"fi","potentialAction":[{"@type":"ReadAction","target":["https:\/\/eriks.fi\/index.php\/parsakausi-on-taalla\/"]}]},{"@type":"ImageObject","inLanguage":"fi","@id":"https:\/\/eriks.fi\/index.php\/parsakausi-on-taalla\/#primaryimage","url":"https:\/\/eriks.fi\/wp-content\/uploads\/2026\/04\/Hollandaise-Cover.jpg","contentUrl":"https:\/\/eriks.fi\/wp-content\/uploads\/2026\/04\/Hollandaise-Cover.jpg","width":2085,"height":897},{"@type":"BreadcrumbList","@id":"https:\/\/eriks.fi\/index.php\/parsakausi-on-taalla\/#breadcrumb","itemListElement":[{"@type":"ListItem","position":1,"name":"Etusivu","item":"https:\/\/eriks.fi\/"},{"@type":"ListItem","position":2,"name":"Parsakausi on t\u00e4\u00e4ll\u00e4!"}]},{"@type":"WebSite","@id":"https:\/\/eriks.fi\/#website","url":"https:\/\/eriks.fi\/","name":"Eriks","description":"Eriks-kastikkeet","publisher":{"@id":"https:\/\/eriks.fi\/#organization"},"potentialAction":[{"@type":"SearchAction","target":{"@type":"EntryPoint","urlTemplate":"https:\/\/eriks.fi\/?s={search_term_string}"},"query-input":{"@type":"PropertyValueSpecification","valueRequired":true,"valueName":"search_term_string"}}],"inLanguage":"fi"},{"@type":"Organization","@id":"https:\/\/eriks.fi\/#organization","name":"Kavli","url":"https:\/\/eriks.fi\/","logo":{"@type":"ImageObject","inLanguage":"fi","@id":"https:\/\/eriks.fi\/#\/schema\/logo\/image\/","url":"https:\/\/eriks.fi\/wp-content\/uploads\/2025\/09\/Eriks_logo_NY_KVI_20878.png","contentUrl":"https:\/\/eriks.fi\/wp-content\/uploads\/2025\/09\/Eriks_logo_NY_KVI_20878.png","width":965,"height":633,"caption":"Kavli"},"image":{"@id":"https:\/\/eriks.fi\/#\/schema\/logo\/image\/"},"sameAs":["https:\/\/www.facebook.com\/erikskastikkeet"]}]}},"_links":{"self":[{"href":"https:\/\/eriks.fi\/index.php\/wp-json\/wp\/v2\/pages\/438","targetHints":{"allow":["GET"]}}],"collection":[{"href":"https:\/\/eriks.fi\/index.php\/wp-json\/wp\/v2\/pages"}],"about":[{"href":"https:\/\/eriks.fi\/index.php\/wp-json\/wp\/v2\/types\/page"}],"author":[{"embeddable":true,"href":"https:\/\/eriks.fi\/index.php\/wp-json\/wp\/v2\/users\/1"}],"replies":[{"embeddable":true,"href":"https:\/\/eriks.fi\/index.php\/wp-json\/wp\/v2\/comments?post=438"}],"version-history":[{"count":7,"href":"https:\/\/eriks.fi\/index.php\/wp-json\/wp\/v2\/pages\/438\/revisions"}],"predecessor-version":[{"id":451,"href":"https:\/\/eriks.fi\/index.php\/wp-json\/wp\/v2\/pages\/438\/revisions\/451"}],"wp:attachment":[{"href":"https:\/\/eriks.fi\/index.php\/wp-json\/wp\/v2\/media?parent=438"}],"curies":[{"name":"wp","href":"https:\/\/api.w.org\/{rel}","templated":true}]}}