{"id":533,"date":"2026-04-20T10:29:10","date_gmt":"2026-04-20T10:29:10","guid":{"rendered":"https:\/\/eriks.fi\/?page_id=533"},"modified":"2026-04-20T11:48:54","modified_gmt":"2026-04-20T11:48:54","slug":"aioli-chipotle-hampurilaiset","status":"publish","type":"page","link":"https:\/\/eriks.fi\/index.php\/aioli-chipotle-hampurilaiset\/","title":{"rendered":"Eriks Aioli Chipotle Hampurilaiset"},"content":{"rendered":"\n<div class=\"wp-block-cover alignfull is-light\" style=\"min-height:700px;aspect-ratio:unset;\"><img loading=\"lazy\" decoding=\"async\" width=\"1024\" height=\"1024\" class=\"wp-block-cover__image-background wp-image-537 size-full\" alt=\"\" src=\"https:\/\/eriks.fi\/wp-content\/uploads\/2026\/04\/Firefly_Gemini-Flash_little-more-of-the-table-counter-of-loight-food-and-the-product-picture-in-the-table-62055.png\" style=\"object-position:63% 72%\" data-object-fit=\"cover\" data-object-position=\"63% 72%\" srcset=\"https:\/\/eriks.fi\/wp-content\/uploads\/2026\/04\/Firefly_Gemini-Flash_little-more-of-the-table-counter-of-loight-food-and-the-product-picture-in-the-table-62055.png 1024w, https:\/\/eriks.fi\/wp-content\/uploads\/2026\/04\/Firefly_Gemini-Flash_little-more-of-the-table-counter-of-loight-food-and-the-product-picture-in-the-table-62055-300x300.png 300w, https:\/\/eriks.fi\/wp-content\/uploads\/2026\/04\/Firefly_Gemini-Flash_little-more-of-the-table-counter-of-loight-food-and-the-product-picture-in-the-table-62055-150x150.png 150w, https:\/\/eriks.fi\/wp-content\/uploads\/2026\/04\/Firefly_Gemini-Flash_little-more-of-the-table-counter-of-loight-food-and-the-product-picture-in-the-table-62055-768x768.png 768w\" sizes=\"auto, (max-width: 1024px) 100vw, 1024px\" \/><span aria-hidden=\"true\" class=\"wp-block-cover__background has-background-dim-0 has-background-dim\" style=\"background-color:#a28e7e\"><\/span><div class=\"wp-block-cover__inner-container is-layout-flow wp-block-cover-is-layout-flow\">\n<h1 class=\"wp-block-heading has-text-align-center has-white-color has-text-color\"><\/h1>\n\n\n\n<div style=\"height:40px\" aria-hidden=\"true\" class=\"wp-block-spacer\"><\/div>\n\n\n\n<div class=\"wp-block-group\"><div class=\"wp-block-group__inner-container is-layout-flow wp-block-group-is-layout-flow\"><\/div><\/div>\n<\/div><\/div>\n\n\n\n<div style=\"height:100px\" aria-hidden=\"true\" class=\"wp-block-spacer\"><\/div>\n\n\n\n<div class=\"wp-block-columns is-layout-flex wp-container-core-columns-is-layout-9d6595d7 wp-block-columns-is-layout-flex\">\n<div class=\"wp-block-column is-layout-flow wp-block-column-is-layout-flow\">\n<figure class=\"wp-block-image size-large is-resized\"><img loading=\"lazy\" decoding=\"async\" width=\"851\" height=\"1024\" src=\"https:\/\/eriks.fi\/wp-content\/uploads\/2026\/04\/Chipotle-reseptikuva-851x1024.png\" alt=\"\" class=\"wp-image-534\" style=\"aspect-ratio:0.8310573447671254;width:543px;height:auto\" srcset=\"https:\/\/eriks.fi\/wp-content\/uploads\/2026\/04\/Chipotle-reseptikuva-851x1024.png 851w, https:\/\/eriks.fi\/wp-content\/uploads\/2026\/04\/Chipotle-reseptikuva-249x300.png 249w, https:\/\/eriks.fi\/wp-content\/uploads\/2026\/04\/Chipotle-reseptikuva-768x924.png 768w, https:\/\/eriks.fi\/wp-content\/uploads\/2026\/04\/Chipotle-reseptikuva.png 1036w\" sizes=\"auto, (max-width: 851px) 100vw, 851px\" \/><\/figure>\n<\/div>\n\n\n\n<div class=\"wp-block-column is-vertically-aligned-center is-layout-flow wp-block-column-is-layout-flow\">\n<h2 class=\"wp-block-heading\"><strong>Aioli Chipotle -hampurilaiset (4 kpl)<\/strong><\/h2>\n\n\n\n<p>Valmistuaika 30 min<\/p>\n\n\n\n<p>400 g jauhelihaa (nauta tai nauta-sika)<br>1 tl suolaa<br>0,5 tl mustapippuria<br>4 hampurilaiss\u00e4mpyl\u00e4\u00e4<br>4 viipaletta cheddarjuustoa<br>1 tomaatti viipaloituna<br>1 pieni punasipuli viipaloituna<br>Salaattia (esim. j\u00e4\u00e4vuori tai romaine)<br>4\u20138 rkl Eriks Aioli Chipotle<br>(halutessa) suolakurkkuviipaleita<\/p>\n<\/div>\n<\/div>\n\n\n\n<div style=\"height:51px\" aria-hidden=\"true\" class=\"wp-block-spacer\"><\/div>\n\n\n\n<p><strong>Tee n\u00e4in:<\/strong><\/p>\n\n\n\n<p>Kuumenna pannu tai grilli keskil\u00e4mm\u00f6lle ja muotoile jauhelihasta nelj\u00e4 tasakokoista pihvi\u00e4, jotka maustat suolalla ja mustapippurilla. Paista pihvej\u00e4 noin 3\u20134 minuuttia per puoli, kunnes ne ovat kypsi\u00e4, ja lis\u00e4\u00e4 paiston loppuvaiheessa cheddarjuustoviipale jokaisen pihvin p\u00e4\u00e4lle sulamaan. <\/p>\n\n\n\n<p>Halkaise hampurilaiss\u00e4mpyl\u00e4t ja paahda ne kevyesti, jotta niihin tulee hieman rapeutta. Levit\u00e4 s\u00e4mpyl\u00f6iden molemmille puolille reilu kerros Eriks Aioli Chipotle -kastiketta, joka antaa hampurilaisille savuisen ja hieman tulisen maun. Kokoa hampurilaiset lis\u00e4\u00e4m\u00e4ll\u00e4 pohjas\u00e4mpyl\u00e4n p\u00e4\u00e4lle salaattia, pihvi juustoineen, tomaattiviipaleet, punasipulia ja halutessasi suolakurkkuja, ja nosta lopuksi kansi p\u00e4\u00e4lle. Tarjoile heti l\u00e4mpim\u00e4n\u00e4.<\/p>\n\n\n\n<p>Jos haluat viel\u00e4 enemm\u00e4n potkua, lis\u00e4\u00e4 pihvin p\u00e4\u00e4lle hieman jalape\u00f1oja tai ripaus savupaprikajauhetta.<\/p>\n\n\n\n<div style=\"height:162px\" aria-hidden=\"true\" class=\"wp-block-spacer\"><\/div>\n","protected":false},"excerpt":{"rendered":"<p>Aioli Chipotle -hampurilaiset (4 kpl) Valmistuaika 30 min 400 g jauhelihaa (nauta tai nauta-sika)1 tl suolaa0,5 tl mustapippuria4 hampurilaiss\u00e4mpyl\u00e4\u00e44 viipaletta cheddarjuustoa1 tomaatti viipaloituna1 pieni punasipuli viipaloitunaSalaattia (esim. j\u00e4\u00e4vuori tai romaine)4\u20138 rkl Eriks Aioli Chipotle(halutessa) suolakurkkuviipaleita Tee n\u00e4in: Kuumenna pannu tai grilli keskil\u00e4mm\u00f6lle ja muotoile jauhelihasta nelj\u00e4 tasakokoista pihvi\u00e4, jotka maustat suolalla ja mustapippurilla. Paista pihvej\u00e4&hellip;&nbsp;<\/p>\n","protected":false},"author":1,"featured_media":0,"parent":0,"menu_order":0,"comment_status":"closed","ping_status":"closed","template":"","meta":{"neve_meta_sidebar":"","neve_meta_container":"","neve_meta_enable_content_width":"","neve_meta_content_width":0,"neve_meta_title_alignment":"","neve_meta_author_avatar":"","neve_post_elements_order":"","neve_meta_disable_header":"","neve_meta_disable_footer":"","neve_meta_disable_title":"","neve_meta_reading_time":"","iawp_total_views":8,"footnotes":""},"class_list":["post-533","page","type-page","status-publish","hentry"],"yoast_head":"<!-- This site is optimized with the Yoast SEO plugin v27.4 - https:\/\/yoast.com\/product\/yoast-seo-wordpress\/ -->\n<title>Eriks Aioli Chipotle Hampurilaiset - Eriks<\/title>\n<meta name=\"robots\" content=\"index, follow, max-snippet:-1, max-image-preview:large, max-video-preview:-1\" \/>\n<link rel=\"canonical\" href=\"https:\/\/eriks.fi\/index.php\/aioli-chipotle-hampurilaiset\/\" \/>\n<meta property=\"og:locale\" content=\"fi_FI\" \/>\n<meta property=\"og:type\" content=\"article\" \/>\n<meta property=\"og:title\" content=\"Eriks Aioli Chipotle Hampurilaiset - Eriks\" \/>\n<meta property=\"og:description\" content=\"Aioli Chipotle -hampurilaiset (4 kpl) Valmistuaika 30 min 400 g jauhelihaa (nauta tai nauta-sika)1 tl suolaa0,5 tl mustapippuria4 hampurilaiss\u00e4mpyl\u00e4\u00e44 viipaletta cheddarjuustoa1 tomaatti viipaloituna1 pieni punasipuli viipaloitunaSalaattia (esim. j\u00e4\u00e4vuori tai romaine)4\u20138 rkl Eriks Aioli Chipotle(halutessa) suolakurkkuviipaleita Tee n\u00e4in: Kuumenna pannu tai grilli keskil\u00e4mm\u00f6lle ja muotoile jauhelihasta nelj\u00e4 tasakokoista pihvi\u00e4, jotka maustat suolalla ja mustapippurilla. Paista pihvej\u00e4&hellip;&nbsp;\" \/>\n<meta property=\"og:url\" content=\"https:\/\/eriks.fi\/index.php\/aioli-chipotle-hampurilaiset\/\" \/>\n<meta property=\"og:site_name\" content=\"Eriks\" \/>\n<meta property=\"article:publisher\" content=\"https:\/\/www.facebook.com\/erikskastikkeet\" \/>\n<meta property=\"article:modified_time\" content=\"2026-04-20T11:48:54+00:00\" \/>\n<meta property=\"og:image\" content=\"https:\/\/eriks.fi\/wp-content\/uploads\/2026\/04\/Firefly_Gemini-Flash_little-more-of-the-table-counter-of-loight-food-and-the-product-picture-in-the-table-62055.png\" \/>\n\t<meta property=\"og:image:width\" content=\"1024\" \/>\n\t<meta property=\"og:image:height\" content=\"1024\" \/>\n\t<meta property=\"og:image:type\" content=\"image\/png\" \/>\n<meta name=\"twitter:card\" content=\"summary_large_image\" \/>\n<meta name=\"twitter:label1\" content=\"Arvioitu lukuaika\" \/>\n\t<meta name=\"twitter:data1\" content=\"2 minuuttia\" \/>\n<script type=\"application\/ld+json\" class=\"yoast-schema-graph\">{\"@context\":\"https:\\\/\\\/schema.org\",\"@graph\":[{\"@type\":\"WebPage\",\"@id\":\"https:\\\/\\\/eriks.fi\\\/index.php\\\/aioli-chipotle-hampurilaiset\\\/\",\"url\":\"https:\\\/\\\/eriks.fi\\\/index.php\\\/aioli-chipotle-hampurilaiset\\\/\",\"name\":\"Eriks Aioli Chipotle Hampurilaiset - Eriks\",\"isPartOf\":{\"@id\":\"https:\\\/\\\/eriks.fi\\\/#website\"},\"primaryImageOfPage\":{\"@id\":\"https:\\\/\\\/eriks.fi\\\/index.php\\\/aioli-chipotle-hampurilaiset\\\/#primaryimage\"},\"image\":{\"@id\":\"https:\\\/\\\/eriks.fi\\\/index.php\\\/aioli-chipotle-hampurilaiset\\\/#primaryimage\"},\"thumbnailUrl\":\"https:\\\/\\\/eriks.fi\\\/wp-content\\\/uploads\\\/2026\\\/04\\\/Firefly_Gemini-Flash_little-more-of-the-table-counter-of-loight-food-and-the-product-picture-in-the-table-62055.png\",\"datePublished\":\"2026-04-20T10:29:10+00:00\",\"dateModified\":\"2026-04-20T11:48:54+00:00\",\"breadcrumb\":{\"@id\":\"https:\\\/\\\/eriks.fi\\\/index.php\\\/aioli-chipotle-hampurilaiset\\\/#breadcrumb\"},\"inLanguage\":\"fi\",\"potentialAction\":[{\"@type\":\"ReadAction\",\"target\":[\"https:\\\/\\\/eriks.fi\\\/index.php\\\/aioli-chipotle-hampurilaiset\\\/\"]}]},{\"@type\":\"ImageObject\",\"inLanguage\":\"fi\",\"@id\":\"https:\\\/\\\/eriks.fi\\\/index.php\\\/aioli-chipotle-hampurilaiset\\\/#primaryimage\",\"url\":\"https:\\\/\\\/eriks.fi\\\/wp-content\\\/uploads\\\/2026\\\/04\\\/Firefly_Gemini-Flash_little-more-of-the-table-counter-of-loight-food-and-the-product-picture-in-the-table-62055.png\",\"contentUrl\":\"https:\\\/\\\/eriks.fi\\\/wp-content\\\/uploads\\\/2026\\\/04\\\/Firefly_Gemini-Flash_little-more-of-the-table-counter-of-loight-food-and-the-product-picture-in-the-table-62055.png\",\"width\":1024,\"height\":1024},{\"@type\":\"BreadcrumbList\",\"@id\":\"https:\\\/\\\/eriks.fi\\\/index.php\\\/aioli-chipotle-hampurilaiset\\\/#breadcrumb\",\"itemListElement\":[{\"@type\":\"ListItem\",\"position\":1,\"name\":\"Etusivu\",\"item\":\"https:\\\/\\\/eriks.fi\\\/\"},{\"@type\":\"ListItem\",\"position\":2,\"name\":\"Eriks Aioli Chipotle Hampurilaiset\"}]},{\"@type\":\"WebSite\",\"@id\":\"https:\\\/\\\/eriks.fi\\\/#website\",\"url\":\"https:\\\/\\\/eriks.fi\\\/\",\"name\":\"Eriks\",\"description\":\"Eriks-kastikkeet\",\"publisher\":{\"@id\":\"https:\\\/\\\/eriks.fi\\\/#organization\"},\"potentialAction\":[{\"@type\":\"SearchAction\",\"target\":{\"@type\":\"EntryPoint\",\"urlTemplate\":\"https:\\\/\\\/eriks.fi\\\/?s={search_term_string}\"},\"query-input\":{\"@type\":\"PropertyValueSpecification\",\"valueRequired\":true,\"valueName\":\"search_term_string\"}}],\"inLanguage\":\"fi\"},{\"@type\":\"Organization\",\"@id\":\"https:\\\/\\\/eriks.fi\\\/#organization\",\"name\":\"Kavli\",\"url\":\"https:\\\/\\\/eriks.fi\\\/\",\"logo\":{\"@type\":\"ImageObject\",\"inLanguage\":\"fi\",\"@id\":\"https:\\\/\\\/eriks.fi\\\/#\\\/schema\\\/logo\\\/image\\\/\",\"url\":\"https:\\\/\\\/eriks.fi\\\/wp-content\\\/uploads\\\/2025\\\/09\\\/Eriks_logo_NY_KVI_20878.png\",\"contentUrl\":\"https:\\\/\\\/eriks.fi\\\/wp-content\\\/uploads\\\/2025\\\/09\\\/Eriks_logo_NY_KVI_20878.png\",\"width\":965,\"height\":633,\"caption\":\"Kavli\"},\"image\":{\"@id\":\"https:\\\/\\\/eriks.fi\\\/#\\\/schema\\\/logo\\\/image\\\/\"},\"sameAs\":[\"https:\\\/\\\/www.facebook.com\\\/erikskastikkeet\"]}]}<\/script>\n<!-- \/ Yoast SEO plugin. -->","yoast_head_json":{"title":"Eriks Aioli Chipotle Hampurilaiset - Eriks","robots":{"index":"index","follow":"follow","max-snippet":"max-snippet:-1","max-image-preview":"max-image-preview:large","max-video-preview":"max-video-preview:-1"},"canonical":"https:\/\/eriks.fi\/index.php\/aioli-chipotle-hampurilaiset\/","og_locale":"fi_FI","og_type":"article","og_title":"Eriks Aioli Chipotle Hampurilaiset - Eriks","og_description":"Aioli Chipotle -hampurilaiset (4 kpl) Valmistuaika 30 min 400 g jauhelihaa (nauta tai nauta-sika)1 tl suolaa0,5 tl mustapippuria4 hampurilaiss\u00e4mpyl\u00e4\u00e44 viipaletta cheddarjuustoa1 tomaatti viipaloituna1 pieni punasipuli viipaloitunaSalaattia (esim. j\u00e4\u00e4vuori tai romaine)4\u20138 rkl Eriks Aioli Chipotle(halutessa) suolakurkkuviipaleita Tee n\u00e4in: Kuumenna pannu tai grilli keskil\u00e4mm\u00f6lle ja muotoile jauhelihasta nelj\u00e4 tasakokoista pihvi\u00e4, jotka maustat suolalla ja mustapippurilla. Paista pihvej\u00e4&hellip;&nbsp;","og_url":"https:\/\/eriks.fi\/index.php\/aioli-chipotle-hampurilaiset\/","og_site_name":"Eriks","article_publisher":"https:\/\/www.facebook.com\/erikskastikkeet","article_modified_time":"2026-04-20T11:48:54+00:00","og_image":[{"width":1024,"height":1024,"url":"https:\/\/eriks.fi\/wp-content\/uploads\/2026\/04\/Firefly_Gemini-Flash_little-more-of-the-table-counter-of-loight-food-and-the-product-picture-in-the-table-62055.png","type":"image\/png"}],"twitter_card":"summary_large_image","twitter_misc":{"Arvioitu lukuaika":"2 minuuttia"},"schema":{"@context":"https:\/\/schema.org","@graph":[{"@type":"WebPage","@id":"https:\/\/eriks.fi\/index.php\/aioli-chipotle-hampurilaiset\/","url":"https:\/\/eriks.fi\/index.php\/aioli-chipotle-hampurilaiset\/","name":"Eriks Aioli Chipotle Hampurilaiset - Eriks","isPartOf":{"@id":"https:\/\/eriks.fi\/#website"},"primaryImageOfPage":{"@id":"https:\/\/eriks.fi\/index.php\/aioli-chipotle-hampurilaiset\/#primaryimage"},"image":{"@id":"https:\/\/eriks.fi\/index.php\/aioli-chipotle-hampurilaiset\/#primaryimage"},"thumbnailUrl":"https:\/\/eriks.fi\/wp-content\/uploads\/2026\/04\/Firefly_Gemini-Flash_little-more-of-the-table-counter-of-loight-food-and-the-product-picture-in-the-table-62055.png","datePublished":"2026-04-20T10:29:10+00:00","dateModified":"2026-04-20T11:48:54+00:00","breadcrumb":{"@id":"https:\/\/eriks.fi\/index.php\/aioli-chipotle-hampurilaiset\/#breadcrumb"},"inLanguage":"fi","potentialAction":[{"@type":"ReadAction","target":["https:\/\/eriks.fi\/index.php\/aioli-chipotle-hampurilaiset\/"]}]},{"@type":"ImageObject","inLanguage":"fi","@id":"https:\/\/eriks.fi\/index.php\/aioli-chipotle-hampurilaiset\/#primaryimage","url":"https:\/\/eriks.fi\/wp-content\/uploads\/2026\/04\/Firefly_Gemini-Flash_little-more-of-the-table-counter-of-loight-food-and-the-product-picture-in-the-table-62055.png","contentUrl":"https:\/\/eriks.fi\/wp-content\/uploads\/2026\/04\/Firefly_Gemini-Flash_little-more-of-the-table-counter-of-loight-food-and-the-product-picture-in-the-table-62055.png","width":1024,"height":1024},{"@type":"BreadcrumbList","@id":"https:\/\/eriks.fi\/index.php\/aioli-chipotle-hampurilaiset\/#breadcrumb","itemListElement":[{"@type":"ListItem","position":1,"name":"Etusivu","item":"https:\/\/eriks.fi\/"},{"@type":"ListItem","position":2,"name":"Eriks Aioli Chipotle Hampurilaiset"}]},{"@type":"WebSite","@id":"https:\/\/eriks.fi\/#website","url":"https:\/\/eriks.fi\/","name":"Eriks","description":"Eriks-kastikkeet","publisher":{"@id":"https:\/\/eriks.fi\/#organization"},"potentialAction":[{"@type":"SearchAction","target":{"@type":"EntryPoint","urlTemplate":"https:\/\/eriks.fi\/?s={search_term_string}"},"query-input":{"@type":"PropertyValueSpecification","valueRequired":true,"valueName":"search_term_string"}}],"inLanguage":"fi"},{"@type":"Organization","@id":"https:\/\/eriks.fi\/#organization","name":"Kavli","url":"https:\/\/eriks.fi\/","logo":{"@type":"ImageObject","inLanguage":"fi","@id":"https:\/\/eriks.fi\/#\/schema\/logo\/image\/","url":"https:\/\/eriks.fi\/wp-content\/uploads\/2025\/09\/Eriks_logo_NY_KVI_20878.png","contentUrl":"https:\/\/eriks.fi\/wp-content\/uploads\/2025\/09\/Eriks_logo_NY_KVI_20878.png","width":965,"height":633,"caption":"Kavli"},"image":{"@id":"https:\/\/eriks.fi\/#\/schema\/logo\/image\/"},"sameAs":["https:\/\/www.facebook.com\/erikskastikkeet"]}]}},"_links":{"self":[{"href":"https:\/\/eriks.fi\/index.php\/wp-json\/wp\/v2\/pages\/533","targetHints":{"allow":["GET"]}}],"collection":[{"href":"https:\/\/eriks.fi\/index.php\/wp-json\/wp\/v2\/pages"}],"about":[{"href":"https:\/\/eriks.fi\/index.php\/wp-json\/wp\/v2\/types\/page"}],"author":[{"embeddable":true,"href":"https:\/\/eriks.fi\/index.php\/wp-json\/wp\/v2\/users\/1"}],"replies":[{"embeddable":true,"href":"https:\/\/eriks.fi\/index.php\/wp-json\/wp\/v2\/comments?post=533"}],"version-history":[{"count":5,"href":"https:\/\/eriks.fi\/index.php\/wp-json\/wp\/v2\/pages\/533\/revisions"}],"predecessor-version":[{"id":552,"href":"https:\/\/eriks.fi\/index.php\/wp-json\/wp\/v2\/pages\/533\/revisions\/552"}],"wp:attachment":[{"href":"https:\/\/eriks.fi\/index.php\/wp-json\/wp\/v2\/media?parent=533"}],"curies":[{"name":"wp","href":"https:\/\/api.w.org\/{rel}","templated":true}]}}