{"id":553,"date":"2026-04-20T11:56:25","date_gmt":"2026-04-20T11:56:25","guid":{"rendered":"https:\/\/eriks.fi\/?page_id=553"},"modified":"2026-04-20T12:04:54","modified_gmt":"2026-04-20T12:04:54","slug":"eriks-majoneesi","status":"publish","type":"page","link":"https:\/\/eriks.fi\/index.php\/eriks-majoneesi\/","title":{"rendered":"Eriks Majoneesi"},"content":{"rendered":"\n<div class=\"wp-block-cover alignfull\" style=\"min-height:506px;aspect-ratio:unset;\"><img loading=\"lazy\" decoding=\"async\" width=\"2560\" height=\"694\" class=\"wp-block-cover__image-background wp-image-497 size-full\" alt=\"\" src=\"https:\/\/eriks.fi\/wp-content\/uploads\/2026\/04\/Erisk-MAjoneesi-uutuus-sivu-cover-scaled.jpg\" style=\"object-position:46% 52%\" data-object-fit=\"cover\" data-object-position=\"46% 52%\" srcset=\"https:\/\/eriks.fi\/wp-content\/uploads\/2026\/04\/Erisk-MAjoneesi-uutuus-sivu-cover-scaled.jpg 2560w, https:\/\/eriks.fi\/wp-content\/uploads\/2026\/04\/Erisk-MAjoneesi-uutuus-sivu-cover-300x81.jpg 300w, https:\/\/eriks.fi\/wp-content\/uploads\/2026\/04\/Erisk-MAjoneesi-uutuus-sivu-cover-1024x278.jpg 1024w, https:\/\/eriks.fi\/wp-content\/uploads\/2026\/04\/Erisk-MAjoneesi-uutuus-sivu-cover-768x208.jpg 768w, https:\/\/eriks.fi\/wp-content\/uploads\/2026\/04\/Erisk-MAjoneesi-uutuus-sivu-cover-1536x416.jpg 1536w, https:\/\/eriks.fi\/wp-content\/uploads\/2026\/04\/Erisk-MAjoneesi-uutuus-sivu-cover-2048x555.jpg 2048w\" sizes=\"auto, (max-width: 2560px) 100vw, 2560px\" \/><span aria-hidden=\"true\" class=\"wp-block-cover__background has-background-dim-0 has-background-dim\" style=\"background-color:#2f466f\"><\/span><div class=\"wp-block-cover__inner-container is-layout-flow wp-block-cover-is-layout-flow\">\n<p class=\"has-text-align-center has-large-font-size\"><\/p>\n<\/div><\/div>\n\n\n\n<div style=\"height:100px\" aria-hidden=\"true\" class=\"wp-block-spacer\"><\/div>\n\n\n\n<div class=\"wp-block-columns is-layout-flex wp-container-core-columns-is-layout-9d6595d7 wp-block-columns-is-layout-flex\">\n<div class=\"wp-block-column is-layout-flow wp-block-column-is-layout-flow\">\n<figure class=\"wp-block-image size-large\"><img loading=\"lazy\" decoding=\"async\" width=\"833\" height=\"1024\" src=\"https:\/\/eriks.fi\/wp-content\/uploads\/2026\/04\/Eiks-Majoneesi-Uutuus-kuva-1-833x1024.jpg\" alt=\"\" class=\"wp-image-560\" srcset=\"https:\/\/eriks.fi\/wp-content\/uploads\/2026\/04\/Eiks-Majoneesi-Uutuus-kuva-1-833x1024.jpg 833w, https:\/\/eriks.fi\/wp-content\/uploads\/2026\/04\/Eiks-Majoneesi-Uutuus-kuva-1-244x300.jpg 244w, https:\/\/eriks.fi\/wp-content\/uploads\/2026\/04\/Eiks-Majoneesi-Uutuus-kuva-1-768x944.jpg 768w, https:\/\/eriks.fi\/wp-content\/uploads\/2026\/04\/Eiks-Majoneesi-Uutuus-kuva-1.jpg 1006w\" sizes=\"auto, (max-width: 833px) 100vw, 833px\" \/><\/figure>\n<\/div>\n\n\n\n<div class=\"wp-block-column is-vertically-aligned-center is-layout-flow wp-block-column-is-layout-flow\">\n<h2 class=\"wp-block-heading\">T\u00e4ytel\u00e4ist\u00e4 makua, joka tekee arjesta herkullisempaa!<\/h2>\n\n\n\n<p>Ruotsissa valmistettu Eriks Majoneesi on ammattikokin kehitt\u00e4m\u00e4, huolella tasapainotettu, pehme\u00e4n t\u00e4ytel\u00e4inen ja monipuolinen valinta keitti\u00f6\u00f6si. Se viimeistelee voileiv\u00e4t, kruunaa salaatit ja tuo ruokaan juuri oikeanlaista syvyytt\u00e4.<\/p>\n\n\n\n<p>Kun haluat enemm\u00e4n kuin tavallista majoneesia, valitse Eriks. Laatu maistuu jokaisessa lusikallisessa.<\/p>\n\n\n\n<div class=\"wp-block-buttons is-layout-flex wp-block-buttons-is-layout-flex\">\n<div class=\"wp-block-button is-style-primary\"><a class=\"wp-block-button__link wp-element-button\" href=\"https:\/\/eriks.fi\/index.php\/tuotteet\/\">Tuotteet<\/a><\/div>\n<\/div>\n<\/div>\n<\/div>\n\n\n\n<div style=\"height:50px\" aria-hidden=\"true\" class=\"wp-block-spacer\"><\/div>\n\n\n\n<h2 class=\"wp-block-heading\"><strong>Vastustamattoman pehme\u00e4 ja herkullinen<\/strong><\/h2>\n\n\n\n<p>Samettisen pehme\u00e4 ja t\u00e4ytel\u00e4isen herkullinen Eriks-majoneesi tekee jokaisesta annoksesta astetta paremman. Ruotsissa valmistettu, ammattikokin kehitt\u00e4m\u00e4 majoneesi hurmaa tasapainoisella maullaan ja silkkisell\u00e4 koostumuksellaan, joka levittyy ja sekoittuu t\u00e4ydellisesti. Kokeile majoneesihyllyn herkullinen uutuus!<\/p>\n\n\n\n<div class=\"wp-block-group\"><div class=\"wp-block-group__inner-container is-layout-flow wp-block-group-is-layout-flow\">\n<div class=\"wp-block-columns is-layout-flex wp-container-core-columns-is-layout-9d6595d7 wp-block-columns-is-layout-flex\">\n<div class=\"wp-block-column is-layout-flow wp-block-column-is-layout-flow\" style=\"flex-basis:66.66%\">\n<div class=\"wp-block-columns is-layout-flex wp-container-core-columns-is-layout-9d6595d7 wp-block-columns-is-layout-flex\">\n<div class=\"wp-block-column is-layout-flow wp-block-column-is-layout-flow\"><div class=\"wp-block-image\">\n<figure class=\"aligncenter size-full\"><a href=\"https:\/\/eriks.fi\/index.php\/eriks-majoneesi-hummerihodarit\/\"><img loading=\"lazy\" decoding=\"async\" width=\"654\" height=\"610\" src=\"https:\/\/eriks.fi\/wp-content\/uploads\/2026\/04\/Himmerihodarit-2.jpg\" alt=\"\" class=\"wp-image-555\" srcset=\"https:\/\/eriks.fi\/wp-content\/uploads\/2026\/04\/Himmerihodarit-2.jpg 654w, https:\/\/eriks.fi\/wp-content\/uploads\/2026\/04\/Himmerihodarit-2-300x280.jpg 300w\" sizes=\"auto, (max-width: 654px) 100vw, 654px\" \/><\/a><\/figure>\n<\/div>\n\n\n<div style=\"height:30px\" aria-hidden=\"true\" class=\"wp-block-spacer\"><\/div>\n<\/div>\n\n\n\n<div class=\"wp-block-column is-layout-flow wp-block-column-is-layout-flow\"><div class=\"wp-block-image\">\n<figure class=\"aligncenter size-full\"><a href=\"https:\/\/eriks.fi\/index.php\/eriks-majoneesi-waldorfin-salatti\/\"><img loading=\"lazy\" decoding=\"async\" width=\"654\" height=\"610\" src=\"https:\/\/eriks.fi\/wp-content\/uploads\/2026\/04\/Waldorfin-salaatti-1.jpg\" alt=\"\" class=\"wp-image-556\" srcset=\"https:\/\/eriks.fi\/wp-content\/uploads\/2026\/04\/Waldorfin-salaatti-1.jpg 654w, https:\/\/eriks.fi\/wp-content\/uploads\/2026\/04\/Waldorfin-salaatti-1-300x280.jpg 300w\" sizes=\"auto, (max-width: 654px) 100vw, 654px\" \/><\/a><\/figure>\n<\/div>\n\n\n<div style=\"height:30px\" aria-hidden=\"true\" class=\"wp-block-spacer\"><\/div>\n<\/div>\n<\/div>\n<\/div>\n<\/div>\n<\/div><\/div>\n\n\n\n<h3 class=\"wp-block-heading\">T\u00e4ytel\u00e4inen ja pehme\u00e4 Eriks-majoneesi sopii niin arkeen kuin juhlaan. Kokeile rohkeasti ja ihastu!<\/h3>\n\n\n\n<ul class=\"wp-block-list\">\n<li><strong>Hummerihodarit:<\/strong> viimeistele ylellinen hot dog runsaalla majoneesilla, t\u00e4ydellinen yhdistelm\u00e4 meren herkuille.<\/li>\n\n\n\n<li><strong>Waldorfin salaatti:<\/strong> tuo klassikkoon lis\u00e4\u00e4 pehmeytt\u00e4 ja t\u00e4ytel\u00e4isyytt\u00e4.<\/li>\n\n\n\n<li><strong>Voileiv\u00e4t ja burgerit: <\/strong>levit\u00e4 reilusti ja nauti samettisesta suutuntumasta.<\/li>\n\n\n\n<li><strong>Dipiksi ja kastikkeisiin:<\/strong> toimii sellaisenaan tai pohjana omille makuyhdistelmille.<\/li>\n\n\n\n<li><strong>Uuniruoat ja lisukkeet:<\/strong> lis\u00e4\u00e4 pehmeytt\u00e4 esimerkiksi paahdettujen kasvisten tai perunoiden kaveriksi.<\/li>\n<\/ul>\n\n\n\n<p>Kun kaipaat ruokaan pehmeytt\u00e4, t\u00e4ytel\u00e4isyytt\u00e4 ja ennen kaikkea herkullisuutta, valitse Eriks-majoneesi. T\u00e4m\u00e4 on makuel\u00e4mys, joka kannattaa testata!<\/p>\n\n\n\n<div style=\"height:100px\" aria-hidden=\"true\" class=\"wp-block-spacer\"><\/div>\n\n\n\n<div class=\"wp-block-cover alignfull is-light\" style=\"min-height:500px;aspect-ratio:unset;\"><img loading=\"lazy\" decoding=\"async\" width=\"960\" height=\"498\" class=\"wp-block-cover__image-background wp-image-507 size-full\" alt=\"\" src=\"https:\/\/eriks.fi\/wp-content\/uploads\/2026\/04\/Hummerihodari.jpg\" data-object-fit=\"cover\" srcset=\"https:\/\/eriks.fi\/wp-content\/uploads\/2026\/04\/Hummerihodari.jpg 960w, https:\/\/eriks.fi\/wp-content\/uploads\/2026\/04\/Hummerihodari-300x156.jpg 300w, https:\/\/eriks.fi\/wp-content\/uploads\/2026\/04\/Hummerihodari-768x398.jpg 768w\" sizes=\"auto, (max-width: 960px) 100vw, 960px\" \/><span aria-hidden=\"true\" class=\"wp-block-cover__background has-background-dim-0 has-background-dim\" style=\"background-color:#b4b3a8\"><\/span><div class=\"wp-block-cover__inner-container is-layout-flow wp-block-cover-is-layout-flow\">\n<p class=\"has-text-align-center has-large-font-size\"><\/p>\n<\/div><\/div>\n\n\n\n<div style=\"height:163px\" aria-hidden=\"true\" class=\"wp-block-spacer\"><\/div>\n","protected":false},"excerpt":{"rendered":"<p>T\u00e4ytel\u00e4ist\u00e4 makua, joka tekee arjesta herkullisempaa! Ruotsissa valmistettu Eriks Majoneesi on ammattikokin kehitt\u00e4m\u00e4, huolella tasapainotettu, pehme\u00e4n t\u00e4ytel\u00e4inen ja monipuolinen valinta keitti\u00f6\u00f6si. Se viimeistelee voileiv\u00e4t, kruunaa salaatit ja tuo ruokaan juuri oikeanlaista syvyytt\u00e4. Kun haluat enemm\u00e4n kuin tavallista majoneesia, valitse Eriks. Laatu maistuu jokaisessa lusikallisessa. Vastustamattoman pehme\u00e4 ja herkullinen Samettisen pehme\u00e4 ja t\u00e4ytel\u00e4isen herkullinen Eriks-majoneesi tekee&hellip;&nbsp;<\/p>\n","protected":false},"author":1,"featured_media":0,"parent":0,"menu_order":0,"comment_status":"closed","ping_status":"closed","template":"","meta":{"neve_meta_sidebar":"","neve_meta_container":"","neve_meta_enable_content_width":"","neve_meta_content_width":0,"neve_meta_title_alignment":"","neve_meta_author_avatar":"","neve_post_elements_order":"","neve_meta_disable_header":"","neve_meta_disable_footer":"","neve_meta_disable_title":"","neve_meta_reading_time":"","iawp_total_views":25,"footnotes":""},"class_list":["post-553","page","type-page","status-publish","hentry"],"yoast_head":"<!-- This site is optimized with the Yoast SEO plugin v27.4 - https:\/\/yoast.com\/product\/yoast-seo-wordpress\/ -->\n<title>Eriks Majoneesi - Eriks<\/title>\n<meta name=\"robots\" content=\"index, follow, max-snippet:-1, max-image-preview:large, max-video-preview:-1\" \/>\n<link rel=\"canonical\" href=\"https:\/\/eriks.fi\/index.php\/eriks-majoneesi\/\" \/>\n<meta property=\"og:locale\" content=\"fi_FI\" \/>\n<meta property=\"og:type\" content=\"article\" \/>\n<meta property=\"og:title\" content=\"Eriks Majoneesi - Eriks\" \/>\n<meta property=\"og:description\" content=\"T\u00e4ytel\u00e4ist\u00e4 makua, joka tekee arjesta herkullisempaa! Ruotsissa valmistettu Eriks Majoneesi on ammattikokin kehitt\u00e4m\u00e4, huolella tasapainotettu, pehme\u00e4n t\u00e4ytel\u00e4inen ja monipuolinen valinta keitti\u00f6\u00f6si. Se viimeistelee voileiv\u00e4t, kruunaa salaatit ja tuo ruokaan juuri oikeanlaista syvyytt\u00e4. Kun haluat enemm\u00e4n kuin tavallista majoneesia, valitse Eriks. Laatu maistuu jokaisessa lusikallisessa. Vastustamattoman pehme\u00e4 ja herkullinen Samettisen pehme\u00e4 ja t\u00e4ytel\u00e4isen herkullinen Eriks-majoneesi tekee&hellip;&nbsp;\" \/>\n<meta property=\"og:url\" content=\"https:\/\/eriks.fi\/index.php\/eriks-majoneesi\/\" \/>\n<meta property=\"og:site_name\" content=\"Eriks\" \/>\n<meta property=\"article:publisher\" content=\"https:\/\/www.facebook.com\/erikskastikkeet\" \/>\n<meta property=\"article:modified_time\" content=\"2026-04-20T12:04:54+00:00\" \/>\n<meta property=\"og:image\" content=\"https:\/\/eriks.fi\/wp-content\/uploads\/2026\/04\/Erisk-MAjoneesi-uutuus-sivu-cover-scaled.jpg\" \/>\n\t<meta property=\"og:image:width\" content=\"2560\" \/>\n\t<meta property=\"og:image:height\" content=\"694\" \/>\n\t<meta property=\"og:image:type\" content=\"image\/jpeg\" \/>\n<meta name=\"twitter:card\" content=\"summary_large_image\" \/>\n<meta name=\"twitter:label1\" content=\"Arvioitu lukuaika\" \/>\n\t<meta name=\"twitter:data1\" content=\"2 minuuttia\" \/>\n<script type=\"application\/ld+json\" class=\"yoast-schema-graph\">{\"@context\":\"https:\\\/\\\/schema.org\",\"@graph\":[{\"@type\":\"WebPage\",\"@id\":\"https:\\\/\\\/eriks.fi\\\/index.php\\\/eriks-majoneesi\\\/\",\"url\":\"https:\\\/\\\/eriks.fi\\\/index.php\\\/eriks-majoneesi\\\/\",\"name\":\"Eriks Majoneesi - Eriks\",\"isPartOf\":{\"@id\":\"https:\\\/\\\/eriks.fi\\\/#website\"},\"primaryImageOfPage\":{\"@id\":\"https:\\\/\\\/eriks.fi\\\/index.php\\\/eriks-majoneesi\\\/#primaryimage\"},\"image\":{\"@id\":\"https:\\\/\\\/eriks.fi\\\/index.php\\\/eriks-majoneesi\\\/#primaryimage\"},\"thumbnailUrl\":\"https:\\\/\\\/eriks.fi\\\/wp-content\\\/uploads\\\/2026\\\/04\\\/Erisk-MAjoneesi-uutuus-sivu-cover-scaled.jpg\",\"datePublished\":\"2026-04-20T11:56:25+00:00\",\"dateModified\":\"2026-04-20T12:04:54+00:00\",\"breadcrumb\":{\"@id\":\"https:\\\/\\\/eriks.fi\\\/index.php\\\/eriks-majoneesi\\\/#breadcrumb\"},\"inLanguage\":\"fi\",\"potentialAction\":[{\"@type\":\"ReadAction\",\"target\":[\"https:\\\/\\\/eriks.fi\\\/index.php\\\/eriks-majoneesi\\\/\"]}]},{\"@type\":\"ImageObject\",\"inLanguage\":\"fi\",\"@id\":\"https:\\\/\\\/eriks.fi\\\/index.php\\\/eriks-majoneesi\\\/#primaryimage\",\"url\":\"https:\\\/\\\/eriks.fi\\\/wp-content\\\/uploads\\\/2026\\\/04\\\/Erisk-MAjoneesi-uutuus-sivu-cover-scaled.jpg\",\"contentUrl\":\"https:\\\/\\\/eriks.fi\\\/wp-content\\\/uploads\\\/2026\\\/04\\\/Erisk-MAjoneesi-uutuus-sivu-cover-scaled.jpg\",\"width\":2560,\"height\":694,\"caption\":\"Screenshot\"},{\"@type\":\"BreadcrumbList\",\"@id\":\"https:\\\/\\\/eriks.fi\\\/index.php\\\/eriks-majoneesi\\\/#breadcrumb\",\"itemListElement\":[{\"@type\":\"ListItem\",\"position\":1,\"name\":\"Etusivu\",\"item\":\"https:\\\/\\\/eriks.fi\\\/\"},{\"@type\":\"ListItem\",\"position\":2,\"name\":\"Eriks Majoneesi\"}]},{\"@type\":\"WebSite\",\"@id\":\"https:\\\/\\\/eriks.fi\\\/#website\",\"url\":\"https:\\\/\\\/eriks.fi\\\/\",\"name\":\"Eriks\",\"description\":\"Eriks-kastikkeet\",\"publisher\":{\"@id\":\"https:\\\/\\\/eriks.fi\\\/#organization\"},\"potentialAction\":[{\"@type\":\"SearchAction\",\"target\":{\"@type\":\"EntryPoint\",\"urlTemplate\":\"https:\\\/\\\/eriks.fi\\\/?s={search_term_string}\"},\"query-input\":{\"@type\":\"PropertyValueSpecification\",\"valueRequired\":true,\"valueName\":\"search_term_string\"}}],\"inLanguage\":\"fi\"},{\"@type\":\"Organization\",\"@id\":\"https:\\\/\\\/eriks.fi\\\/#organization\",\"name\":\"Kavli\",\"url\":\"https:\\\/\\\/eriks.fi\\\/\",\"logo\":{\"@type\":\"ImageObject\",\"inLanguage\":\"fi\",\"@id\":\"https:\\\/\\\/eriks.fi\\\/#\\\/schema\\\/logo\\\/image\\\/\",\"url\":\"https:\\\/\\\/eriks.fi\\\/wp-content\\\/uploads\\\/2025\\\/09\\\/Eriks_logo_NY_KVI_20878.png\",\"contentUrl\":\"https:\\\/\\\/eriks.fi\\\/wp-content\\\/uploads\\\/2025\\\/09\\\/Eriks_logo_NY_KVI_20878.png\",\"width\":965,\"height\":633,\"caption\":\"Kavli\"},\"image\":{\"@id\":\"https:\\\/\\\/eriks.fi\\\/#\\\/schema\\\/logo\\\/image\\\/\"},\"sameAs\":[\"https:\\\/\\\/www.facebook.com\\\/erikskastikkeet\"]}]}<\/script>\n<!-- \/ Yoast SEO plugin. -->","yoast_head_json":{"title":"Eriks Majoneesi - Eriks","robots":{"index":"index","follow":"follow","max-snippet":"max-snippet:-1","max-image-preview":"max-image-preview:large","max-video-preview":"max-video-preview:-1"},"canonical":"https:\/\/eriks.fi\/index.php\/eriks-majoneesi\/","og_locale":"fi_FI","og_type":"article","og_title":"Eriks Majoneesi - Eriks","og_description":"T\u00e4ytel\u00e4ist\u00e4 makua, joka tekee arjesta herkullisempaa! Ruotsissa valmistettu Eriks Majoneesi on ammattikokin kehitt\u00e4m\u00e4, huolella tasapainotettu, pehme\u00e4n t\u00e4ytel\u00e4inen ja monipuolinen valinta keitti\u00f6\u00f6si. Se viimeistelee voileiv\u00e4t, kruunaa salaatit ja tuo ruokaan juuri oikeanlaista syvyytt\u00e4. Kun haluat enemm\u00e4n kuin tavallista majoneesia, valitse Eriks. Laatu maistuu jokaisessa lusikallisessa. Vastustamattoman pehme\u00e4 ja herkullinen Samettisen pehme\u00e4 ja t\u00e4ytel\u00e4isen herkullinen Eriks-majoneesi tekee&hellip;&nbsp;","og_url":"https:\/\/eriks.fi\/index.php\/eriks-majoneesi\/","og_site_name":"Eriks","article_publisher":"https:\/\/www.facebook.com\/erikskastikkeet","article_modified_time":"2026-04-20T12:04:54+00:00","og_image":[{"width":2560,"height":694,"url":"https:\/\/eriks.fi\/wp-content\/uploads\/2026\/04\/Erisk-MAjoneesi-uutuus-sivu-cover-scaled.jpg","type":"image\/jpeg"}],"twitter_card":"summary_large_image","twitter_misc":{"Arvioitu lukuaika":"2 minuuttia"},"schema":{"@context":"https:\/\/schema.org","@graph":[{"@type":"WebPage","@id":"https:\/\/eriks.fi\/index.php\/eriks-majoneesi\/","url":"https:\/\/eriks.fi\/index.php\/eriks-majoneesi\/","name":"Eriks Majoneesi - Eriks","isPartOf":{"@id":"https:\/\/eriks.fi\/#website"},"primaryImageOfPage":{"@id":"https:\/\/eriks.fi\/index.php\/eriks-majoneesi\/#primaryimage"},"image":{"@id":"https:\/\/eriks.fi\/index.php\/eriks-majoneesi\/#primaryimage"},"thumbnailUrl":"https:\/\/eriks.fi\/wp-content\/uploads\/2026\/04\/Erisk-MAjoneesi-uutuus-sivu-cover-scaled.jpg","datePublished":"2026-04-20T11:56:25+00:00","dateModified":"2026-04-20T12:04:54+00:00","breadcrumb":{"@id":"https:\/\/eriks.fi\/index.php\/eriks-majoneesi\/#breadcrumb"},"inLanguage":"fi","potentialAction":[{"@type":"ReadAction","target":["https:\/\/eriks.fi\/index.php\/eriks-majoneesi\/"]}]},{"@type":"ImageObject","inLanguage":"fi","@id":"https:\/\/eriks.fi\/index.php\/eriks-majoneesi\/#primaryimage","url":"https:\/\/eriks.fi\/wp-content\/uploads\/2026\/04\/Erisk-MAjoneesi-uutuus-sivu-cover-scaled.jpg","contentUrl":"https:\/\/eriks.fi\/wp-content\/uploads\/2026\/04\/Erisk-MAjoneesi-uutuus-sivu-cover-scaled.jpg","width":2560,"height":694,"caption":"Screenshot"},{"@type":"BreadcrumbList","@id":"https:\/\/eriks.fi\/index.php\/eriks-majoneesi\/#breadcrumb","itemListElement":[{"@type":"ListItem","position":1,"name":"Etusivu","item":"https:\/\/eriks.fi\/"},{"@type":"ListItem","position":2,"name":"Eriks Majoneesi"}]},{"@type":"WebSite","@id":"https:\/\/eriks.fi\/#website","url":"https:\/\/eriks.fi\/","name":"Eriks","description":"Eriks-kastikkeet","publisher":{"@id":"https:\/\/eriks.fi\/#organization"},"potentialAction":[{"@type":"SearchAction","target":{"@type":"EntryPoint","urlTemplate":"https:\/\/eriks.fi\/?s={search_term_string}"},"query-input":{"@type":"PropertyValueSpecification","valueRequired":true,"valueName":"search_term_string"}}],"inLanguage":"fi"},{"@type":"Organization","@id":"https:\/\/eriks.fi\/#organization","name":"Kavli","url":"https:\/\/eriks.fi\/","logo":{"@type":"ImageObject","inLanguage":"fi","@id":"https:\/\/eriks.fi\/#\/schema\/logo\/image\/","url":"https:\/\/eriks.fi\/wp-content\/uploads\/2025\/09\/Eriks_logo_NY_KVI_20878.png","contentUrl":"https:\/\/eriks.fi\/wp-content\/uploads\/2025\/09\/Eriks_logo_NY_KVI_20878.png","width":965,"height":633,"caption":"Kavli"},"image":{"@id":"https:\/\/eriks.fi\/#\/schema\/logo\/image\/"},"sameAs":["https:\/\/www.facebook.com\/erikskastikkeet"]}]}},"_links":{"self":[{"href":"https:\/\/eriks.fi\/index.php\/wp-json\/wp\/v2\/pages\/553","targetHints":{"allow":["GET"]}}],"collection":[{"href":"https:\/\/eriks.fi\/index.php\/wp-json\/wp\/v2\/pages"}],"about":[{"href":"https:\/\/eriks.fi\/index.php\/wp-json\/wp\/v2\/types\/page"}],"author":[{"embeddable":true,"href":"https:\/\/eriks.fi\/index.php\/wp-json\/wp\/v2\/users\/1"}],"replies":[{"embeddable":true,"href":"https:\/\/eriks.fi\/index.php\/wp-json\/wp\/v2\/comments?post=553"}],"version-history":[{"count":10,"href":"https:\/\/eriks.fi\/index.php\/wp-json\/wp\/v2\/pages\/553\/revisions"}],"predecessor-version":[{"id":570,"href":"https:\/\/eriks.fi\/index.php\/wp-json\/wp\/v2\/pages\/553\/revisions\/570"}],"wp:attachment":[{"href":"https:\/\/eriks.fi\/index.php\/wp-json\/wp\/v2\/media?parent=553"}],"curies":[{"name":"wp","href":"https:\/\/api.w.org\/{rel}","templated":true}]}}