{"id":573,"date":"2026-04-20T16:13:23","date_gmt":"2026-04-20T16:13:23","guid":{"rendered":"https:\/\/eriks.fi\/?page_id=573"},"modified":"2026-04-20T16:14:56","modified_gmt":"2026-04-20T16:14:56","slug":"eriks-aioli-chipotle","status":"publish","type":"page","link":"https:\/\/eriks.fi\/index.php\/eriks-aioli-chipotle\/","title":{"rendered":"Eriks Aioli Chipotle"},"content":{"rendered":"\n<div class=\"wp-block-cover alignfull is-light\" style=\"min-height:561px;aspect-ratio:unset;\"><img loading=\"lazy\" decoding=\"async\" width=\"2085\" height=\"897\" class=\"wp-block-cover__image-background wp-image-574 size-full\" alt=\"\" src=\"https:\/\/eriks.fi\/wp-content\/uploads\/2026\/04\/Eriks_Chipotle-Cover.jpg\" style=\"object-position:52% 100%\" data-object-fit=\"cover\" data-object-position=\"52% 100%\" srcset=\"https:\/\/eriks.fi\/wp-content\/uploads\/2026\/04\/Eriks_Chipotle-Cover.jpg 2085w, https:\/\/eriks.fi\/wp-content\/uploads\/2026\/04\/Eriks_Chipotle-Cover-300x129.jpg 300w, https:\/\/eriks.fi\/wp-content\/uploads\/2026\/04\/Eriks_Chipotle-Cover-1024x441.jpg 1024w, https:\/\/eriks.fi\/wp-content\/uploads\/2026\/04\/Eriks_Chipotle-Cover-768x330.jpg 768w, https:\/\/eriks.fi\/wp-content\/uploads\/2026\/04\/Eriks_Chipotle-Cover-1536x661.jpg 1536w, https:\/\/eriks.fi\/wp-content\/uploads\/2026\/04\/Eriks_Chipotle-Cover-2048x881.jpg 2048w\" sizes=\"auto, (max-width: 2085px) 100vw, 2085px\" \/><span aria-hidden=\"true\" class=\"wp-block-cover__background has-background-dim-0 has-background-dim\" style=\"background-color:#98897d\"><\/span><div class=\"wp-block-cover__inner-container is-layout-flow wp-block-cover-is-layout-flow\">\n<p class=\"has-text-align-center has-large-font-size\"><\/p>\n<\/div><\/div>\n\n\n\n<div style=\"height:100px\" aria-hidden=\"true\" class=\"wp-block-spacer\"><\/div>\n\n\n\n<div class=\"wp-block-columns is-layout-flex wp-container-core-columns-is-layout-9d6595d7 wp-block-columns-is-layout-flex\">\n<div class=\"wp-block-column is-layout-flow wp-block-column-is-layout-flow\">\n<figure class=\"wp-block-image size-large\"><img loading=\"lazy\" decoding=\"async\" width=\"796\" height=\"1024\" src=\"https:\/\/eriks.fi\/wp-content\/uploads\/2026\/04\/AioliChipotle-796x1024.png\" alt=\"\" class=\"wp-image-501\" srcset=\"https:\/\/eriks.fi\/wp-content\/uploads\/2026\/04\/AioliChipotle-796x1024.png 796w, https:\/\/eriks.fi\/wp-content\/uploads\/2026\/04\/AioliChipotle-233x300.png 233w, https:\/\/eriks.fi\/wp-content\/uploads\/2026\/04\/AioliChipotle-768x987.png 768w, https:\/\/eriks.fi\/wp-content\/uploads\/2026\/04\/AioliChipotle-1195x1536.png 1195w, https:\/\/eriks.fi\/wp-content\/uploads\/2026\/04\/AioliChipotle-1593x2048.png 1593w, https:\/\/eriks.fi\/wp-content\/uploads\/2026\/04\/AioliChipotle-scaled.png 1991w\" sizes=\"auto, (max-width: 796px) 100vw, 796px\" \/><\/figure>\n<\/div>\n\n\n\n<div class=\"wp-block-column is-vertically-aligned-center is-layout-flow wp-block-column-is-layout-flow\">\n<h2 class=\"wp-block-heading\"><strong>Savun ja chilin t\u00e4ydellinen liitto \u2013 Aioli Chipotle<\/strong><\/h2>\n\n\n\n<p>T\u00e4ytel\u00e4ist\u00e4 makua, joka tuo ruokiin sopivasti potkua! Aioli Chipotle yhdist\u00e4\u00e4 pehme\u00e4n valkosipulisen aiolin ja savuisen chipotle-chilin ainutlaatuiseksi makuel\u00e4mykseksi. Lopputuloksena on t\u00e4ytel\u00e4inen, hieman tulinen ja herkullisen py\u00f6re\u00e4 kastike, joka sopii monipuolisesti arjen ja juhlan ruokiin.<\/p>\n\n\n\n<p>T\u00e4m\u00e4 aioli nostaa burgerit uudelle tasolle, antaa lis\u00e4makua ranskalaisille ja toimii t\u00e4ydellisesti dippin\u00e4 grillatuille kasviksille, kanalle tai lihalle. Se tuo ruokaan juuri sopivaa savuisuutta ja l\u00e4mp\u00f6\u00e4 ilman, ett\u00e4 maku k\u00e4y liian voimakkaaksi.<\/p>\n\n\n\n<p>Kun kaipaat tuttuun ruokaan uutta twisti\u00e4, Aioli Chipotle on varma valinta. T\u00e4ytel\u00e4inen rakenne ja hienostunut maku tekev\u00e4t jokaisesta suupalasta nautinnon.<\/p>\n\n\n\n<div class=\"wp-block-buttons is-layout-flex wp-block-buttons-is-layout-flex\">\n<div class=\"wp-block-button is-style-primary\"><a class=\"wp-block-button__link wp-element-button\" href=\"https:\/\/eriks.fi\/index.php\/aioli-chipotle-hampurilaiset\/\">Resepti<\/a><\/div>\n<\/div>\n<\/div>\n<\/div>\n\n\n\n<div style=\"height:51px\" aria-hidden=\"true\" class=\"wp-block-spacer\"><\/div>\n\n\n\n<p><strong>Voit k\u00e4ytt\u00e4\u00e4 Aioli Chipotlea burgerissa helposti tuomaan mehevyytt\u00e4 ja makua: <\/strong>levit\u00e4 sit\u00e4 reilusti s\u00e4mpyl\u00e4n molemmille puolille ennen t\u00e4ytteiden lis\u00e4\u00e4mist\u00e4, jolloin se imeytyy kevyesti leip\u00e4\u00e4n ja sitoo kokonaisuuden yhteen. Se sopii erityisen hyvin yhteen grillatun pihvin, rapean salaatin, tomaatin ja esimerkiksi karamellisoidun sipulin kanssa. Voit my\u00f6s lis\u00e4t\u00e4 pienen lis\u00e4kerroksen aiolia pihvin p\u00e4\u00e4lle juuri ennen kannen sulkemista, n\u00e4in saat jokaiseen puraisuun t\u00e4ytel\u00e4ist\u00e4, sopivan savuisen ja hieman tulisen maun, joka tekee burgerista astetta herkullisemman.<\/p>\n\n\n\n<div style=\"height:51px\" aria-hidden=\"true\" class=\"wp-block-spacer\"><\/div>\n\n\n\n<div class=\"wp-block-cover alignfull is-light\" style=\"min-height:600px;aspect-ratio:unset;\"><img loading=\"lazy\" decoding=\"async\" width=\"1024\" height=\"1024\" class=\"wp-block-cover__image-background wp-image-576 size-full\" alt=\"\" src=\"https:\/\/eriks.fi\/wp-content\/uploads\/2026\/04\/Firefly_Gemini-Flash_little-more-of-the-table-counter-of-loight-food-and-the-product-picture-in-the-table-62055-1.png\" style=\"object-position:52% 72%\" data-object-fit=\"cover\" data-object-position=\"52% 72%\" srcset=\"https:\/\/eriks.fi\/wp-content\/uploads\/2026\/04\/Firefly_Gemini-Flash_little-more-of-the-table-counter-of-loight-food-and-the-product-picture-in-the-table-62055-1.png 1024w, https:\/\/eriks.fi\/wp-content\/uploads\/2026\/04\/Firefly_Gemini-Flash_little-more-of-the-table-counter-of-loight-food-and-the-product-picture-in-the-table-62055-1-300x300.png 300w, https:\/\/eriks.fi\/wp-content\/uploads\/2026\/04\/Firefly_Gemini-Flash_little-more-of-the-table-counter-of-loight-food-and-the-product-picture-in-the-table-62055-1-150x150.png 150w, https:\/\/eriks.fi\/wp-content\/uploads\/2026\/04\/Firefly_Gemini-Flash_little-more-of-the-table-counter-of-loight-food-and-the-product-picture-in-the-table-62055-1-768x768.png 768w\" sizes=\"auto, (max-width: 1024px) 100vw, 1024px\" \/><span aria-hidden=\"true\" class=\"wp-block-cover__background has-background-dim-0 has-background-dim\" style=\"background-color:#a28e7e\"><\/span><div class=\"wp-block-cover__inner-container is-layout-flow wp-block-cover-is-layout-flow\">\n<p class=\"has-text-align-center has-large-font-size\"><\/p>\n<\/div><\/div>\n\n\n\n<div style=\"height:164px\" aria-hidden=\"true\" class=\"wp-block-spacer\"><\/div>\n","protected":false},"excerpt":{"rendered":"<p>Savun ja chilin t\u00e4ydellinen liitto \u2013 Aioli Chipotle T\u00e4ytel\u00e4ist\u00e4 makua, joka tuo ruokiin sopivasti potkua! Aioli Chipotle yhdist\u00e4\u00e4 pehme\u00e4n valkosipulisen aiolin ja savuisen chipotle-chilin ainutlaatuiseksi makuel\u00e4mykseksi. Lopputuloksena on t\u00e4ytel\u00e4inen, hieman tulinen ja herkullisen py\u00f6re\u00e4 kastike, joka sopii monipuolisesti arjen ja juhlan ruokiin. T\u00e4m\u00e4 aioli nostaa burgerit uudelle tasolle, antaa lis\u00e4makua ranskalaisille ja toimii t\u00e4ydellisesti dippin\u00e4&hellip;&nbsp;<\/p>\n","protected":false},"author":1,"featured_media":0,"parent":0,"menu_order":0,"comment_status":"closed","ping_status":"closed","template":"","meta":{"neve_meta_sidebar":"","neve_meta_container":"","neve_meta_enable_content_width":"","neve_meta_content_width":0,"neve_meta_title_alignment":"","neve_meta_author_avatar":"","neve_post_elements_order":"","neve_meta_disable_header":"","neve_meta_disable_footer":"","neve_meta_disable_title":"","neve_meta_reading_time":"","iawp_total_views":5,"footnotes":""},"class_list":["post-573","page","type-page","status-publish","hentry"],"yoast_head":"<!-- This site is optimized with the Yoast SEO plugin v27.4 - https:\/\/yoast.com\/product\/yoast-seo-wordpress\/ -->\n<title>Eriks Aioli Chipotle - Eriks<\/title>\n<meta name=\"robots\" content=\"index, follow, max-snippet:-1, max-image-preview:large, max-video-preview:-1\" \/>\n<link rel=\"canonical\" href=\"https:\/\/eriks.fi\/index.php\/eriks-aioli-chipotle\/\" \/>\n<meta property=\"og:locale\" content=\"fi_FI\" \/>\n<meta property=\"og:type\" content=\"article\" \/>\n<meta property=\"og:title\" content=\"Eriks Aioli Chipotle - Eriks\" \/>\n<meta property=\"og:description\" content=\"Savun ja chilin t\u00e4ydellinen liitto \u2013 Aioli Chipotle T\u00e4ytel\u00e4ist\u00e4 makua, joka tuo ruokiin sopivasti potkua! Aioli Chipotle yhdist\u00e4\u00e4 pehme\u00e4n valkosipulisen aiolin ja savuisen chipotle-chilin ainutlaatuiseksi makuel\u00e4mykseksi. Lopputuloksena on t\u00e4ytel\u00e4inen, hieman tulinen ja herkullisen py\u00f6re\u00e4 kastike, joka sopii monipuolisesti arjen ja juhlan ruokiin. T\u00e4m\u00e4 aioli nostaa burgerit uudelle tasolle, antaa lis\u00e4makua ranskalaisille ja toimii t\u00e4ydellisesti dippin\u00e4&hellip;&nbsp;\" \/>\n<meta property=\"og:url\" content=\"https:\/\/eriks.fi\/index.php\/eriks-aioli-chipotle\/\" \/>\n<meta property=\"og:site_name\" content=\"Eriks\" \/>\n<meta property=\"article:publisher\" content=\"https:\/\/www.facebook.com\/erikskastikkeet\" \/>\n<meta property=\"article:modified_time\" content=\"2026-04-20T16:14:56+00:00\" \/>\n<meta property=\"og:image\" content=\"https:\/\/eriks.fi\/wp-content\/uploads\/2026\/04\/Eriks_Chipotle-Cover.jpg\" \/>\n\t<meta property=\"og:image:width\" content=\"2085\" \/>\n\t<meta property=\"og:image:height\" content=\"897\" \/>\n\t<meta property=\"og:image:type\" content=\"image\/jpeg\" \/>\n<meta name=\"twitter:card\" content=\"summary_large_image\" \/>\n<meta name=\"twitter:label1\" content=\"Arvioitu lukuaika\" \/>\n\t<meta name=\"twitter:data1\" content=\"2 minuuttia\" \/>\n<script type=\"application\/ld+json\" class=\"yoast-schema-graph\">{\"@context\":\"https:\\\/\\\/schema.org\",\"@graph\":[{\"@type\":\"WebPage\",\"@id\":\"https:\\\/\\\/eriks.fi\\\/index.php\\\/eriks-aioli-chipotle\\\/\",\"url\":\"https:\\\/\\\/eriks.fi\\\/index.php\\\/eriks-aioli-chipotle\\\/\",\"name\":\"Eriks Aioli Chipotle - Eriks\",\"isPartOf\":{\"@id\":\"https:\\\/\\\/eriks.fi\\\/#website\"},\"primaryImageOfPage\":{\"@id\":\"https:\\\/\\\/eriks.fi\\\/index.php\\\/eriks-aioli-chipotle\\\/#primaryimage\"},\"image\":{\"@id\":\"https:\\\/\\\/eriks.fi\\\/index.php\\\/eriks-aioli-chipotle\\\/#primaryimage\"},\"thumbnailUrl\":\"https:\\\/\\\/eriks.fi\\\/wp-content\\\/uploads\\\/2026\\\/04\\\/Eriks_Chipotle-Cover.jpg\",\"datePublished\":\"2026-04-20T16:13:23+00:00\",\"dateModified\":\"2026-04-20T16:14:56+00:00\",\"breadcrumb\":{\"@id\":\"https:\\\/\\\/eriks.fi\\\/index.php\\\/eriks-aioli-chipotle\\\/#breadcrumb\"},\"inLanguage\":\"fi\",\"potentialAction\":[{\"@type\":\"ReadAction\",\"target\":[\"https:\\\/\\\/eriks.fi\\\/index.php\\\/eriks-aioli-chipotle\\\/\"]}]},{\"@type\":\"ImageObject\",\"inLanguage\":\"fi\",\"@id\":\"https:\\\/\\\/eriks.fi\\\/index.php\\\/eriks-aioli-chipotle\\\/#primaryimage\",\"url\":\"https:\\\/\\\/eriks.fi\\\/wp-content\\\/uploads\\\/2026\\\/04\\\/Eriks_Chipotle-Cover.jpg\",\"contentUrl\":\"https:\\\/\\\/eriks.fi\\\/wp-content\\\/uploads\\\/2026\\\/04\\\/Eriks_Chipotle-Cover.jpg\",\"width\":2085,\"height\":897},{\"@type\":\"BreadcrumbList\",\"@id\":\"https:\\\/\\\/eriks.fi\\\/index.php\\\/eriks-aioli-chipotle\\\/#breadcrumb\",\"itemListElement\":[{\"@type\":\"ListItem\",\"position\":1,\"name\":\"Etusivu\",\"item\":\"https:\\\/\\\/eriks.fi\\\/\"},{\"@type\":\"ListItem\",\"position\":2,\"name\":\"Eriks Aioli Chipotle\"}]},{\"@type\":\"WebSite\",\"@id\":\"https:\\\/\\\/eriks.fi\\\/#website\",\"url\":\"https:\\\/\\\/eriks.fi\\\/\",\"name\":\"Eriks\",\"description\":\"Eriks-kastikkeet\",\"publisher\":{\"@id\":\"https:\\\/\\\/eriks.fi\\\/#organization\"},\"potentialAction\":[{\"@type\":\"SearchAction\",\"target\":{\"@type\":\"EntryPoint\",\"urlTemplate\":\"https:\\\/\\\/eriks.fi\\\/?s={search_term_string}\"},\"query-input\":{\"@type\":\"PropertyValueSpecification\",\"valueRequired\":true,\"valueName\":\"search_term_string\"}}],\"inLanguage\":\"fi\"},{\"@type\":\"Organization\",\"@id\":\"https:\\\/\\\/eriks.fi\\\/#organization\",\"name\":\"Kavli\",\"url\":\"https:\\\/\\\/eriks.fi\\\/\",\"logo\":{\"@type\":\"ImageObject\",\"inLanguage\":\"fi\",\"@id\":\"https:\\\/\\\/eriks.fi\\\/#\\\/schema\\\/logo\\\/image\\\/\",\"url\":\"https:\\\/\\\/eriks.fi\\\/wp-content\\\/uploads\\\/2025\\\/09\\\/Eriks_logo_NY_KVI_20878.png\",\"contentUrl\":\"https:\\\/\\\/eriks.fi\\\/wp-content\\\/uploads\\\/2025\\\/09\\\/Eriks_logo_NY_KVI_20878.png\",\"width\":965,\"height\":633,\"caption\":\"Kavli\"},\"image\":{\"@id\":\"https:\\\/\\\/eriks.fi\\\/#\\\/schema\\\/logo\\\/image\\\/\"},\"sameAs\":[\"https:\\\/\\\/www.facebook.com\\\/erikskastikkeet\"]}]}<\/script>\n<!-- \/ Yoast SEO plugin. -->","yoast_head_json":{"title":"Eriks Aioli Chipotle - Eriks","robots":{"index":"index","follow":"follow","max-snippet":"max-snippet:-1","max-image-preview":"max-image-preview:large","max-video-preview":"max-video-preview:-1"},"canonical":"https:\/\/eriks.fi\/index.php\/eriks-aioli-chipotle\/","og_locale":"fi_FI","og_type":"article","og_title":"Eriks Aioli Chipotle - Eriks","og_description":"Savun ja chilin t\u00e4ydellinen liitto \u2013 Aioli Chipotle T\u00e4ytel\u00e4ist\u00e4 makua, joka tuo ruokiin sopivasti potkua! Aioli Chipotle yhdist\u00e4\u00e4 pehme\u00e4n valkosipulisen aiolin ja savuisen chipotle-chilin ainutlaatuiseksi makuel\u00e4mykseksi. Lopputuloksena on t\u00e4ytel\u00e4inen, hieman tulinen ja herkullisen py\u00f6re\u00e4 kastike, joka sopii monipuolisesti arjen ja juhlan ruokiin. T\u00e4m\u00e4 aioli nostaa burgerit uudelle tasolle, antaa lis\u00e4makua ranskalaisille ja toimii t\u00e4ydellisesti dippin\u00e4&hellip;&nbsp;","og_url":"https:\/\/eriks.fi\/index.php\/eriks-aioli-chipotle\/","og_site_name":"Eriks","article_publisher":"https:\/\/www.facebook.com\/erikskastikkeet","article_modified_time":"2026-04-20T16:14:56+00:00","og_image":[{"width":2085,"height":897,"url":"https:\/\/eriks.fi\/wp-content\/uploads\/2026\/04\/Eriks_Chipotle-Cover.jpg","type":"image\/jpeg"}],"twitter_card":"summary_large_image","twitter_misc":{"Arvioitu lukuaika":"2 minuuttia"},"schema":{"@context":"https:\/\/schema.org","@graph":[{"@type":"WebPage","@id":"https:\/\/eriks.fi\/index.php\/eriks-aioli-chipotle\/","url":"https:\/\/eriks.fi\/index.php\/eriks-aioli-chipotle\/","name":"Eriks Aioli Chipotle - Eriks","isPartOf":{"@id":"https:\/\/eriks.fi\/#website"},"primaryImageOfPage":{"@id":"https:\/\/eriks.fi\/index.php\/eriks-aioli-chipotle\/#primaryimage"},"image":{"@id":"https:\/\/eriks.fi\/index.php\/eriks-aioli-chipotle\/#primaryimage"},"thumbnailUrl":"https:\/\/eriks.fi\/wp-content\/uploads\/2026\/04\/Eriks_Chipotle-Cover.jpg","datePublished":"2026-04-20T16:13:23+00:00","dateModified":"2026-04-20T16:14:56+00:00","breadcrumb":{"@id":"https:\/\/eriks.fi\/index.php\/eriks-aioli-chipotle\/#breadcrumb"},"inLanguage":"fi","potentialAction":[{"@type":"ReadAction","target":["https:\/\/eriks.fi\/index.php\/eriks-aioli-chipotle\/"]}]},{"@type":"ImageObject","inLanguage":"fi","@id":"https:\/\/eriks.fi\/index.php\/eriks-aioli-chipotle\/#primaryimage","url":"https:\/\/eriks.fi\/wp-content\/uploads\/2026\/04\/Eriks_Chipotle-Cover.jpg","contentUrl":"https:\/\/eriks.fi\/wp-content\/uploads\/2026\/04\/Eriks_Chipotle-Cover.jpg","width":2085,"height":897},{"@type":"BreadcrumbList","@id":"https:\/\/eriks.fi\/index.php\/eriks-aioli-chipotle\/#breadcrumb","itemListElement":[{"@type":"ListItem","position":1,"name":"Etusivu","item":"https:\/\/eriks.fi\/"},{"@type":"ListItem","position":2,"name":"Eriks Aioli Chipotle"}]},{"@type":"WebSite","@id":"https:\/\/eriks.fi\/#website","url":"https:\/\/eriks.fi\/","name":"Eriks","description":"Eriks-kastikkeet","publisher":{"@id":"https:\/\/eriks.fi\/#organization"},"potentialAction":[{"@type":"SearchAction","target":{"@type":"EntryPoint","urlTemplate":"https:\/\/eriks.fi\/?s={search_term_string}"},"query-input":{"@type":"PropertyValueSpecification","valueRequired":true,"valueName":"search_term_string"}}],"inLanguage":"fi"},{"@type":"Organization","@id":"https:\/\/eriks.fi\/#organization","name":"Kavli","url":"https:\/\/eriks.fi\/","logo":{"@type":"ImageObject","inLanguage":"fi","@id":"https:\/\/eriks.fi\/#\/schema\/logo\/image\/","url":"https:\/\/eriks.fi\/wp-content\/uploads\/2025\/09\/Eriks_logo_NY_KVI_20878.png","contentUrl":"https:\/\/eriks.fi\/wp-content\/uploads\/2025\/09\/Eriks_logo_NY_KVI_20878.png","width":965,"height":633,"caption":"Kavli"},"image":{"@id":"https:\/\/eriks.fi\/#\/schema\/logo\/image\/"},"sameAs":["https:\/\/www.facebook.com\/erikskastikkeet"]}]}},"_links":{"self":[{"href":"https:\/\/eriks.fi\/index.php\/wp-json\/wp\/v2\/pages\/573","targetHints":{"allow":["GET"]}}],"collection":[{"href":"https:\/\/eriks.fi\/index.php\/wp-json\/wp\/v2\/pages"}],"about":[{"href":"https:\/\/eriks.fi\/index.php\/wp-json\/wp\/v2\/types\/page"}],"author":[{"embeddable":true,"href":"https:\/\/eriks.fi\/index.php\/wp-json\/wp\/v2\/users\/1"}],"replies":[{"embeddable":true,"href":"https:\/\/eriks.fi\/index.php\/wp-json\/wp\/v2\/comments?post=573"}],"version-history":[{"count":4,"href":"https:\/\/eriks.fi\/index.php\/wp-json\/wp\/v2\/pages\/573\/revisions"}],"predecessor-version":[{"id":581,"href":"https:\/\/eriks.fi\/index.php\/wp-json\/wp\/v2\/pages\/573\/revisions\/581"}],"wp:attachment":[{"href":"https:\/\/eriks.fi\/index.php\/wp-json\/wp\/v2\/media?parent=573"}],"curies":[{"name":"wp","href":"https:\/\/api.w.org\/{rel}","templated":true}]}}